{"id":9298,"date":"2015-01-11T19:50:23","date_gmt":"2015-01-11T17:50:23","guid":{"rendered":"http:\/\/news.bowlingpaca.fr\/?page_id=9298"},"modified":"2015-01-14T16:33:15","modified_gmt":"2015-01-14T14:33:15","slug":"finale-inter-regionale-doublettes-excellences","status":"publish","type":"page","link":"http:\/\/new.bowlingpaca.fr\/?page_id=9298","title":{"rendered":"FINALE INTER REGIONALE DOUBLETTES EXCELLENCES"},"content":{"rendered":"<p>Au bowling de Chamb\u00e9ry le samedi 31\/01 et dimanche 1\/02\/2015. Voir Plan ci-dessous<\/p>\n<p style=\"text-align: center;\"><a href=\"http:\/\/www.ffbsq.org\/bowling\/reg_fed\/reglements_federaux\/REGFED_2015_Championnat-Federal-Doublette-Excellence.pdf\" target=\"_blank\">R\u00c8GLEMENT<\/a> &#8211; <a href=\"http:\/\/news.bowlingpaca.fr\/wp-content\/uploads\/2015\/01\/confirmation_excellencesRA.pdf\" target=\"_blank\">QUALIFIES<\/a><\/p>\n<p>Cet h\u00f4tel nous applique un tarif sp\u00e9cial (r\u00e9servation par t\u00e9l\u00e9phone en pr\u00e9cisant votre appartenance au Bowling Paca :<\/p>\n<h2 style=\"text-align: center;\"><b>Quick\u2019up Palace<\/b><\/h2>\n<p><b>Rue de la Fran\u00e7on<\/b><b> Lot. Fran\u00e7on Ouest\u00a0 73420 VOGLANS Tel.\u00a0<\/b><strong>0479520995<\/strong><\/p>\n<p><strong>Chambres doubles ou grand lit \u00e0 40 \u20ac la nuit + 5.50 \u20ac de petit d\u00e9jeuner (m\u00eame rue que le bowling)<\/strong><\/p>\n<p><a href=\"http:\/\/news.bowlingpaca.fr\/wp-content\/uploads\/2015\/01\/b0714671-0d3c-4441-9786-7415c7040a8a.jpg\"><img loading=\"lazy\" decoding=\"async\" class=\"aligncenter wp-image-9299 size-full\" src=\"http:\/\/news.bowlingpaca.fr\/wp-content\/uploads\/2015\/01\/b0714671-0d3c-4441-9786-7415c7040a8a.jpg\" alt=\"b0714671-0d3c-4441-9786-7415c7040a8a\" width=\"566\" height=\"291\" srcset=\"http:\/\/new.bowlingpaca.fr\/wp-content\/uploads\/2015\/01\/b0714671-0d3c-4441-9786-7415c7040a8a.jpg 566w, http:\/\/new.bowlingpaca.fr\/wp-content\/uploads\/2015\/01\/b0714671-0d3c-4441-9786-7415c7040a8a-300x154.jpg 300w\" sizes=\"auto, (max-width: 566px) 100vw, 566px\" \/><\/a><\/p>\n<p><strong>\u00a0<\/strong><\/p>\n","protected":false},"excerpt":{"rendered":"<p>Au bowling de Chamb\u00e9ry le samedi 31\/01 et dimanche 1\/02\/2015. Voir Plan ci-dessous R\u00c8GLEMENT &#8211; QUALIFIES Cet h\u00f4tel nous applique un tarif sp\u00e9cial (r\u00e9servation par t\u00e9l\u00e9phone en pr\u00e9cisant votre appartenance au Bowling Paca : Quick\u2019up Palace Rue de la Fran\u00e7on Lot. Fran\u00e7on Ouest\u00a0 73420 VOGLANS Tel.\u00a00479520995 Chambres doubles ou grand lit \u00e0 40 \u20ac la nuit + 5.50 \u20ac de<\/p>\n","protected":false},"author":4,"featured_media":0,"parent":0,"menu_order":0,"comment_status":"open","ping_status":"closed","template":"onecolumn-page.php","meta":{"footnotes":""},"class_list":["post-9298","page","type-page","status-publish","hentry"],"_links":{"self":[{"href":"http:\/\/new.bowlingpaca.fr\/index.php?rest_route=\/wp\/v2\/pages\/9298","targetHints":{"allow":["GET"]}}],"collection":[{"href":"http:\/\/new.bowlingpaca.fr\/index.php?rest_route=\/wp\/v2\/pages"}],"about":[{"href":"http:\/\/new.bowlingpaca.fr\/index.php?rest_route=\/wp\/v2\/types\/page"}],"author":[{"embeddable":true,"href":"http:\/\/new.bowlingpaca.fr\/index.php?rest_route=\/wp\/v2\/users\/4"}],"replies":[{"embeddable":true,"href":"http:\/\/new.bowlingpaca.fr\/index.php?rest_route=%2Fwp%2Fv2%2Fcomments&post=9298"}],"version-history":[{"count":7,"href":"http:\/\/new.bowlingpaca.fr\/index.php?rest_route=\/wp\/v2\/pages\/9298\/revisions"}],"predecessor-version":[{"id":9303,"href":"http:\/\/new.bowlingpaca.fr\/index.php?rest_route=\/wp\/v2\/pages\/9298\/revisions\/9303"}],"wp:attachment":[{"href":"http:\/\/new.bowlingpaca.fr\/index.php?rest_route=%2Fwp%2Fv2%2Fmedia&parent=9298"}],"curies":[{"name":"wp","href":"https:\/\/api.w.org\/{rel}","templated":true}]}}