{"id":9156,"date":"2015-01-03T06:42:42","date_gmt":"2015-01-03T04:42:42","guid":{"rendered":"http:\/\/news.bowlingpaca.fr\/?page_id=9156"},"modified":"2015-01-03T11:12:13","modified_gmt":"2015-01-03T09:12:13","slug":"championnats-doublettes-2015","status":"publish","type":"page","link":"http:\/\/new.bowlingpaca.fr\/?page_id=9156","title":{"rendered":"CHAMPIONNATS DOUBLETTES 2015"},"content":{"rendered":"<p style=\"text-align: left;\">Les championnats doublettes 2015 se disputeront les 10 &amp; 11 janvier pour la phase I et les 30 janvier &amp; 1 f\u00e9vrier pour la phase II.<\/p>\n<p style=\"text-align: left;\">REGLEMENTS : <a href=\"http:\/\/www.ffbsq.org\/bowling\/reg_fed\/reglements_federaux\/REGFED_2015_Championnat-de-France-Doublette.pdf\" target=\"_blank\">ELITES<\/a> &#8211; <a href=\"http:\/\/www.ffbsq.org\/bowling\/reg_fed\/reglements_federaux\/REGFED_2015_Championnat-Federal-Doublette-Excellence.pdf\" target=\"_blank\">EXCELLENCES<\/a> &#8211; <a href=\"http:\/\/www.ffbsq.org\/bowling\/reg_fed\/reglements_federaux\/REGFED_2015_Championnat-Federal-Doublette-Honneur.pdf\" target=\"_blank\">HONNEURS<\/a><\/p>\n<address style=\"text-align: left;\">\n<p>En <span style=\"color: #ff0000;\"><strong>Rouge<\/strong><\/span> les Licenci\u00e9s disposant d&rsquo;une licence Individuelle en 2014 et ne pouvant participer, en gardant le m\u00eame statut, \u00e0 ces comp\u00e9titions.<\/p>\n<p>En <strong><del>Police Barr\u00e9e<\/del><\/strong>, les Poussins qui ne peuvent effectuer que deux s\u00e9ries de deux lignes, s&rsquo;ils passent Benjamin en 2015 et sous couvert d&rsquo;un am\u00e9nagement des horaires, leur participation serait possible.<\/p>\n<\/address>\n<address style=\"text-align: left;\">\u00a0<\/address>\n<address style=\"text-align: left;\">\n<table border=\"6\" cellspacing=\"5\" cellpadding=\"5\" align=\"center\">\n<tbody>\n<tr>\n<td><strong>Listing au Format Excel 97-2003<\/strong><\/td>\n<td><a href=\"http:\/\/www.ffbsq.org\/bowling\/Competitions_Federales\/Championnats_Doublettes\/2015\/Listing_categories_doublettes_2015_97-2003.xls\" target=\"_blank\"><img loading=\"lazy\" decoding=\"async\" src=\"http:\/\/www.ffbsq.org\/bowling\/Logos\/Excel_97-2003.png\" alt=\"\" width=\"120\" height=\"120\" \/><\/a><\/td>\n<\/tr>\n<tr>\n<td><strong>Listing au Format Excel 2010<\/strong><\/td>\n<td><a href=\"http:\/\/www.ffbsq.org\/bowling\/Competitions_Federales\/Championnats_Doublettes\/2015\/Listing_categories_doublettes_2015.xlsx\" target=\"_blank\"><img loading=\"lazy\" decoding=\"async\" src=\"http:\/\/www.ffbsq.org\/bowling\/Logos\/Logo_Excel_2010.jpg\" alt=\"\" width=\"120\" height=\"120\" \/><\/a><\/td>\n<\/tr>\n<\/tbody>\n<\/table>\n<\/address>\n<h2 style=\"text-align: center;\"><span style=\"text-decoration: underline;\"><span style=\"color: #ff6600; text-decoration: underline;\">ELITES<\/span><\/span><\/h2>\n<p style=\"text-align: left;\">Phase 1 au bowling de Chamb\u00e9ry\u00a0<a href=\"http:\/\/news.bowlingpaca.fr\/wp-content\/uploads\/2014\/12\/Liste-des-inscrits-Elite.pdf\">LISTE DES INSCRITS ET HORAIRES<\/a><\/p>\n<p style=\"text-align: left;\">Finale Nationale \u00e0 St S\u00e9bastien<\/p>\n<p style=\"text-align: left;\">Montant de l&rsquo;engagement : 32\u00a0\u20ac par doublette + (frais de parties = nombre * 3.18 \u20ac)\u00a0<\/p>\n<h2 style=\"text-align: center;\"><span style=\"text-decoration: underline;\"><span style=\"color: #ff6600; text-decoration: underline;\">EXCELLENCES<\/span><\/span><\/h2>\n<p>Bowling de plan de campagne Dimanche 11 janvier 2015 \u00e0 9 h 00 &#8211; 9 lignes en 3 s\u00e9ries de 3 lignes.<\/p>\n<p><strong><span style=\"color: #0000ff;\"><a style=\"color: #0000ff;\" href=\"https:\/\/docs.google.com\/spreadsheets\/d\/1t1WrPPMR1A2jSFZFX4ygz_j23jmR1w9GxonIFPNjrFA\/edit#gid=1131294241\" target=\"_blank\">INSCRITS<\/a><\/span><\/strong><\/p>\n<p>Phase inter-r\u00e9gionale : 31\/01 et\/ou 01\/02\/2015 en Rh\u00f4ne Alpes<\/p>\n<p style=\"text-align: left;\">Montant de l&rsquo;engagement : 89,24 \u20ac par doublette (Engagement 32\u20ac + 57,24\u20ac frais de parties)<\/p>\n<h2 style=\"text-align: center;\"><span style=\"text-decoration: underline;\"><span style=\"color: #ff6600; text-decoration: underline;\">HONNEURS<\/span><\/span><\/h2>\n<p style=\"text-align: center;\"><strong><span style=\"text-decoration: underline;\">Montant de l&rsquo;engagement : 89,24 \u20ac par doublette (Engagement 32\u20ac + 57,24\u20ac frais de parties)<\/span><\/strong><\/p>\n<p style=\"text-align: center;\"><strong>Phase r\u00e9gionale pour la cat\u00e9gorie Honneur : 31\/01 et\/ou 01\/02\/2015 \u00e0 Bandol<\/strong><\/p>\n<p><span style=\"color: #ff6600;\"><strong>ALPES MARITIMES<\/strong><\/span><\/p>\n<p><strong>\u00a0<a href=\"https:\/\/docs.google.com\/spreadsheets\/d\/1rh87wj21jXZlbcJVTiPyR1hVIVxeEfha9t-XOIcg0Qs\/edit?usp=sharing\" target=\"_blank\">INSCRITS<\/a><\/strong><\/p>\n<p><span style=\"color: #ff6600;\"><strong>BOUCHES DU RH\u00d4NE<\/strong><\/span><\/p>\n<p>Bowling de Plan de Campagne Samedi 10\/01 \u00e0 9 h 00 &#8211; 9 lignes en 3 s\u00e9ries de 3 lignes.<\/p>\n<p><strong><a style=\"color: #0000ff;\" href=\"https:\/\/docs.google.com\/spreadsheets\/d\/1gOtQwBvCQO7NArvVbjHVoac5EVcQrWuFA32aMd9bxkE\/edit#gid=2140575645\" target=\"_blank\">INSCRITS<\/a><\/strong><\/p>\n<p><span style=\"color: #ff6600;\"><strong>VAR<\/strong><\/span><\/p>\n<p>Bowling de TOULON Samedi 10 janvier 2015 \u00e0 9 h 00 &amp; Dimanche 11 janvier 2015 \u00e0 9 h 00 &#8211; 9 lignes en 3 s\u00e9ries de 3 lignes.<\/p>\n<p><strong><span style=\"color: #0000ff;\"><a style=\"color: #0000ff;\" href=\"https:\/\/docs.google.com\/spreadsheets\/d\/1TIbjf9yGR5QGIx2YXfr-z6cP9_y6rMb1YMOjWXE94Nk\/edit#gid=488389914\" target=\"_blank\">INSCRITS<\/a><\/span><\/strong><\/p>\n<p><span style=\"color: #ff6600;\"><strong>VAUCLUSE<\/strong><\/span><\/p>\n<p>Bowling de Pertuis \u00a0Dimanche 11 Janvier 2015 \u00e0 9 H 00 &#8211; 9 lignes en 3 s\u00e9ries de 3 lignes.<\/p>\n<p><strong><span style=\"color: #0000ff;\"><a style=\"color: #0000ff;\" href=\"https:\/\/docs.google.com\/spreadsheets\/d\/1o_e1hX4JSR6TqUesxPMrq-K9huQ3TxlT4dvUFY2F97Q\/edit#gid=1001696105\" target=\"_blank\">INSCRITS<\/a><\/span><\/strong><\/p>\n<p>&nbsp;<\/p>\n<p>&nbsp;<\/p>\n<p>&nbsp;<\/p>\n","protected":false},"excerpt":{"rendered":"<p>Les championnats doublettes 2015 se disputeront les 10 &amp; 11 janvier pour la phase I et les 30 janvier &amp; 1 f\u00e9vrier pour la phase II. REGLEMENTS : ELITES &#8211; EXCELLENCES &#8211; HONNEURS En Rouge les Licenci\u00e9s disposant d&rsquo;une licence Individuelle en 2014 et ne pouvant participer, en gardant le m\u00eame statut, \u00e0 ces comp\u00e9titions. En Police Barr\u00e9e, les Poussins<\/p>\n","protected":false},"author":4,"featured_media":0,"parent":0,"menu_order":0,"comment_status":"open","ping_status":"closed","template":"onecolumn-page.php","meta":{"footnotes":""},"class_list":["post-9156","page","type-page","status-publish","hentry"],"_links":{"self":[{"href":"http:\/\/new.bowlingpaca.fr\/index.php?rest_route=\/wp\/v2\/pages\/9156","targetHints":{"allow":["GET"]}}],"collection":[{"href":"http:\/\/new.bowlingpaca.fr\/index.php?rest_route=\/wp\/v2\/pages"}],"about":[{"href":"http:\/\/new.bowlingpaca.fr\/index.php?rest_route=\/wp\/v2\/types\/page"}],"author":[{"embeddable":true,"href":"http:\/\/new.bowlingpaca.fr\/index.php?rest_route=\/wp\/v2\/users\/4"}],"replies":[{"embeddable":true,"href":"http:\/\/new.bowlingpaca.fr\/index.php?rest_route=%2Fwp%2Fv2%2Fcomments&post=9156"}],"version-history":[{"count":9,"href":"http:\/\/new.bowlingpaca.fr\/index.php?rest_route=\/wp\/v2\/pages\/9156\/revisions"}],"predecessor-version":[{"id":9179,"href":"http:\/\/new.bowlingpaca.fr\/index.php?rest_route=\/wp\/v2\/pages\/9156\/revisions\/9179"}],"wp:attachment":[{"href":"http:\/\/new.bowlingpaca.fr\/index.php?rest_route=%2Fwp%2Fv2%2Fmedia&parent=9156"}],"curies":[{"name":"wp","href":"https:\/\/api.w.org\/{rel}","templated":true}]}}