{"id":8994,"date":"2014-11-01T19:16:16","date_gmt":"2014-11-01T17:16:16","guid":{"rendered":"http:\/\/news.bowlingpaca.fr\/?page_id=8994"},"modified":"2014-11-01T19:16:16","modified_gmt":"2014-11-01T17:16:16","slug":"hotel-avignon","status":"publish","type":"page","link":"http:\/\/new.bowlingpaca.fr\/?page_id=8994","title":{"rendered":"H\u00d4TEL AVIGNON"},"content":{"rendered":"<h2>H\u00d4TEL BRIT LE CALENDAL<\/h2>\n<blockquote>\n<p>situ\u00e9 \u00e0 5 minutes du bowling. Renseignements et adresse \u00e0\u00a0<a href=\"http:\/\/hotel-avignon-sud.brithotel.fr\">http:\/\/hotel-avignon-sud.brithotel.fr<\/a>.<\/p>\n<p>\u00ab\u00a0Vous trouverez ci dessous la confirmation du prix garanti pour Bowlingstar Avignon sud\u00a0et n\u00e9goci\u00e9 avec le directeur de l\u2019h\u00f4tel.<br \/>Je reste \u00e0 votre disposition pour toute information compl\u00e9mentaire au 07 51 62 82 23 ou bien au 04 90 88 50 11.<br \/>Bien cordialement,\u00a0Brigitte.\u00a0\u00bb<br \/>Tarifs chambre :<\/p>\n<p>59.00 \u20ac la chambre single ou double Petit D\u00e9jeuner Buffet \u00e0\u00a0volont\u00e9 inclus (au lieu de 79 \u20ac)<br \/>\u00a0 \u00a01.10 \u20ac la taxe de s\u00e9jour par personne et par jour <\/p>\n<\/blockquote>\n<p><a href=\"http:\/\/news.bowlingpaca.fr\/wp-content\/uploads\/2014\/11\/157480-xnrp-chambre-lit-double-avignon.jpg\"><img loading=\"lazy\" decoding=\"async\" class=\"alignleft size-medium wp-image-8995\" src=\"http:\/\/news.bowlingpaca.fr\/wp-content\/uploads\/2014\/11\/157480-xnrp-chambre-lit-double-avignon-300x199.jpg\" alt=\"157480-xnrp-chambre-lit-double-avignon\" width=\"300\" height=\"199\" srcset=\"http:\/\/new.bowlingpaca.fr\/wp-content\/uploads\/2014\/11\/157480-xnrp-chambre-lit-double-avignon-300x199.jpg 300w, http:\/\/new.bowlingpaca.fr\/wp-content\/uploads\/2014\/11\/157480-xnrp-chambre-lit-double-avignon-700x466.jpg 700w, http:\/\/new.bowlingpaca.fr\/wp-content\/uploads\/2014\/11\/157480-xnrp-chambre-lit-double-avignon.jpg 800w\" sizes=\"auto, (max-width: 300px) 100vw, 300px\" \/><\/a><a href=\"http:\/\/news.bowlingpaca.fr\/wp-content\/uploads\/2014\/11\/157480-4usc-restaurant-hotel-avignon.jpg\"><img loading=\"lazy\" decoding=\"async\" class=\"alignright size-medium wp-image-8996\" src=\"http:\/\/news.bowlingpaca.fr\/wp-content\/uploads\/2014\/11\/157480-4usc-restaurant-hotel-avignon-300x199.jpg\" alt=\"157480-4usc-restaurant-hotel-avignon\" width=\"300\" height=\"199\" srcset=\"http:\/\/new.bowlingpaca.fr\/wp-content\/uploads\/2014\/11\/157480-4usc-restaurant-hotel-avignon-300x199.jpg 300w, http:\/\/new.bowlingpaca.fr\/wp-content\/uploads\/2014\/11\/157480-4usc-restaurant-hotel-avignon-700x466.jpg 700w, http:\/\/new.bowlingpaca.fr\/wp-content\/uploads\/2014\/11\/157480-4usc-restaurant-hotel-avignon.jpg 800w\" sizes=\"auto, (max-width: 300px) 100vw, 300px\" \/><\/a><\/p>\n","protected":false},"excerpt":{"rendered":"<p>H\u00d4TEL BRIT LE CALENDAL situ\u00e9 \u00e0 5 minutes du bowling. Renseignements et adresse \u00e0\u00a0http:\/\/hotel-avignon-sud.brithotel.fr. \u00ab\u00a0Vous trouverez ci dessous la confirmation du prix garanti pour Bowlingstar Avignon sud\u00a0et n\u00e9goci\u00e9 avec le directeur de l\u2019h\u00f4tel.Je reste \u00e0 votre disposition pour toute information compl\u00e9mentaire au 07 51 62 82 23 ou bien au 04 90 88 50 11.Bien cordialement,\u00a0Brigitte.\u00a0\u00bbTarifs chambre : 59.00 \u20ac<\/p>\n","protected":false},"author":4,"featured_media":0,"parent":0,"menu_order":0,"comment_status":"open","ping_status":"closed","template":"onecolumn-page.php","meta":{"footnotes":""},"class_list":["post-8994","page","type-page","status-publish","hentry"],"_links":{"self":[{"href":"http:\/\/new.bowlingpaca.fr\/index.php?rest_route=\/wp\/v2\/pages\/8994","targetHints":{"allow":["GET"]}}],"collection":[{"href":"http:\/\/new.bowlingpaca.fr\/index.php?rest_route=\/wp\/v2\/pages"}],"about":[{"href":"http:\/\/new.bowlingpaca.fr\/index.php?rest_route=\/wp\/v2\/types\/page"}],"author":[{"embeddable":true,"href":"http:\/\/new.bowlingpaca.fr\/index.php?rest_route=\/wp\/v2\/users\/4"}],"replies":[{"embeddable":true,"href":"http:\/\/new.bowlingpaca.fr\/index.php?rest_route=%2Fwp%2Fv2%2Fcomments&post=8994"}],"version-history":[{"count":1,"href":"http:\/\/new.bowlingpaca.fr\/index.php?rest_route=\/wp\/v2\/pages\/8994\/revisions"}],"predecessor-version":[{"id":8997,"href":"http:\/\/new.bowlingpaca.fr\/index.php?rest_route=\/wp\/v2\/pages\/8994\/revisions\/8997"}],"wp:attachment":[{"href":"http:\/\/new.bowlingpaca.fr\/index.php?rest_route=%2Fwp%2Fv2%2Fmedia&parent=8994"}],"curies":[{"name":"wp","href":"https:\/\/api.w.org\/{rel}","templated":true}]}}