{"id":7671,"date":"2014-01-31T11:24:45","date_gmt":"2014-01-31T09:24:45","guid":{"rendered":"http:\/\/news.bowlingpaca.fr\/?page_id=7671"},"modified":"2014-01-31T11:31:27","modified_gmt":"2014-01-31T09:31:27","slug":"7671-2","status":"publish","type":"page","link":"http:\/\/new.bowlingpaca.fr\/?page_id=7671","title":{"rendered":"ORGANISATION du PASSAGE de QUILLES"},"content":{"rendered":"<p align=\"right\">\u00a0<\/p>\n<h1>MODALIT\u00c9S D&rsquo;ORGANISATION<\/h1>\n<p>L&rsquo;organisation du passeport sportif a \u00e9t\u00e9 d\u00e9finie suite au comit\u00e9 directeur f\u00e9d\u00e9ral du 16 janvier 2011. La certification des quilles ORANGE et VERTE est valid\u00e9e au niveau r\u00e9gional et la certification des quilles BLEUE et NOIRE au niveau national.<\/p>\n<p>Les objectifs poursuivis sont de :<\/p>\n<ul>\n<li>Valoriser les personnes form\u00e9es aux dipl\u00f4mes f\u00e9d\u00e9raux<\/li>\n<li>Constituer un pole de jur\u00e9s r\u00e9gionaux et nationaux<\/li>\n<li>Centraliser et mobiliser les comp\u00e9tences r\u00e9gionales et nationales<\/li>\n<li>Mettre en place des sessions de pr\u00e9paration au passage de quilles<\/li>\n<li>Garantir le niveau de comp\u00e9tences des joueurs<\/li>\n<li>Mettre en place des certifications r\u00e9gionales ou nationales au passage de quille<\/li>\n<\/ul>\n<h2>Composition du jury<\/h2>\n<table border=\"1\" cellspacing=\"1\" cellpadding=\"1\">\n<tbody>\n<tr>\n<td><strong>QUILLES<\/strong><\/td>\n<td><strong>LIEU<\/strong><\/td>\n<td><strong>JURES<\/strong><\/td>\n<\/tr>\n<tr>\n<td>\u00a0<img loading=\"lazy\" decoding=\"async\" alt=\"\" src=\"http:\/\/www.ffbsq.org\/private\/espace_formation\/formation_joueurs\/bowling\/quillejaune.jpg\" width=\"156\" height=\"112\" align=\"absMiddle\" \/><\/td>\n<td>CLUB<\/td>\n<td>\n<ul>\n<li>Assistant instructeur<\/li>\n<li>Instructeur, Entra\u00eeneur, Professeur de bowling<\/li>\n<\/ul>\n<\/td>\n<\/tr>\n<tr>\n<td>\u00a0<img loading=\"lazy\" decoding=\"async\" alt=\"\" src=\"http:\/\/www.ffbsq.org\/private\/espace_formation\/formation_joueurs\/bowling\/quilleorange.jpg\" width=\"158\" height=\"122\" align=\"absMiddle\" \/><\/td>\n<td>LIGUE R\u00c9GIONALE<\/td>\n<td>\n<p>Coordination :<\/p>\n<ul>\n<li>Coordinateur ETR, responsable ERJ, responsable formation du comit\u00e9 national<\/li>\n<\/ul>\n<p>Membres :<\/p>\n<ul>\n<li>Instructeurs, Entra\u00eeneurs, Professeurs de bowling<\/li>\n<\/ul>\n<\/td>\n<\/tr>\n<tr>\n<td>\u00a0<img loading=\"lazy\" decoding=\"async\" alt=\"\" src=\"http:\/\/www.ffbsq.org\/private\/espace_formation\/formation_joueurs\/bowling\/quilleverte.jpg\" width=\"150\" height=\"89\" align=\"absMiddle\" \/><\/td>\n<td>LIGUE R\u00c9GIONALE<\/td>\n<td>\n<p>Coordination :<\/p>\n<ul>\n<li>Coordinateur ETR, responsable ERJ, responsable formation du comit\u00e9 national<\/li>\n<\/ul>\n<p>Membres :<\/p>\n<ul>\n<li>Instructeurs, Entra\u00eeneurs, Professeurs de bowling<\/li>\n<\/ul>\n<\/td>\n<\/tr>\n<tr>\n<td>\u00a0<img loading=\"lazy\" decoding=\"async\" alt=\"\" src=\"http:\/\/www.ffbsq.org\/private\/espace_formation\/formation_joueurs\/bowling\/quillebleue.jpg\" width=\"156\" height=\"113\" align=\"absMiddle\" \/><\/td>\n<td>DIRECTION TECHNIQUE NATIONALE<\/td>\n<td>\n<p>Coordination :<\/p>\n<ul>\n<li>Direction technique nationale<\/li>\n<\/ul>\n<p>Membres :<\/p>\n<ul>\n<li>Entra\u00eeneurs, Professeurs de bowling, experts<\/li>\n<\/ul>\n<\/td>\n<\/tr>\n<tr>\n<td>\u00a0<img loading=\"lazy\" decoding=\"async\" alt=\"\" src=\"http:\/\/www.ffbsq.org\/private\/espace_formation\/formation_joueurs\/bowling\/quillenoire.jpg\" width=\"158\" height=\"110\" align=\"absMiddle\" \/><\/td>\n<td>\n<p>DIRECTION TECHNIQUE NATIONALE<\/p>\n<\/td>\n<td>\n<p>Coordination :<\/p>\n<ul>\n<li>Direction technique nationale<\/li>\n<\/ul>\n<p>Membres :<\/p>\n<ul>\n<li>Entra\u00eeneurs, Professeurs de bowling, experts<\/li>\n<\/ul>\n<\/td>\n<\/tr>\n<\/tbody>\n<\/table>\n<h2>Participation financi\u00e8re des candidats<\/h2>\n<p>Pour la quille ORANGE et la quille VERTE, la participation financi\u00e8re du candidat ne peut pas d\u00e9passer 45 euros. La prestation comprend la certification, la location de l&rsquo;\u00e9quipement, le passeport sportif, l&rsquo;\u00e9cusson et le dipl\u00f4me.<\/p>\n<p>Pour la quille BLEUE et la quille NOIRE, la participation financi\u00e8re du candidat ne peut pas d\u00e9passer 90 euros.<\/p>\n<h2>Organisation du jury<\/h2>\n<h3>Le jury r\u00e9gional<\/h3>\n<p>Le Pr\u00e9sident de la Ligue r\u00e9gionale informe les clubs et les licenci\u00e9s de la r\u00e9gion de la mise en place de ce dispositif. Le coordonnateur de l\u2019ETR, le responsable de l\u2019ERJ ou le r\u00e9f\u00e9rent du dispositif informe les personnes form\u00e9es de sa r\u00e9gion et\/ou des r\u00e9gions limitrophes. Il organise un appel \u00e0 candidature aux personnes form\u00e9es afin de constituer un pole de jur\u00e9s r\u00e9gional ou inter r\u00e9gional. La liste de jur\u00e9s[1] est soumise \u00e0 la signature du Pr\u00e9sident de la Ligue r\u00e9gionale et envoy\u00e9e \u00e0 la DTN pour information.<\/p>\n<p>Le jury doit \u00eatre constitu\u00e9 d\u2019au moins deux personnes. Il peut missionner \u00e0 un ou plusieurs membres de son jury pour la certification et la d\u00e9centralisation de celle-ci au regard des contraintes des territoires sous r\u00e9serve de l\u2019accord pr\u00e9alable du Pr\u00e9sident de la Ligue r\u00e9gionale.<\/p>\n<p>Afin de ne pas mettre en doute le jury, il est obligatoire de positionner deux jur\u00e9s pour examiner un candidat. L\u2019organisation administrative et p\u00e9dagogique de la certification du passage de quille orange et verte est laiss\u00e9e \u00e0 la libre appr\u00e9ciation du coordonnateur ETR, du responsable ERJ ou du r\u00e9f\u00e9rent sous couvert du Pr\u00e9sident de la Ligue r\u00e9gionale.<\/p>\n<p>Le coordonnateur ETR, le responsable ERJ ou le r\u00e9f\u00e9rent est le garant de la certification du passage de quilles en r\u00e9gion. Il centralise et valide le passage des quilles ORANGE et VERTE de son ou ses territoire(s) de r\u00e9f\u00e9rence(s).<\/p>\n<p>Le Pr\u00e9sident de la Ligue r\u00e9gionale vise, valide et signe le proc\u00e8s verbal certifiant l\u2019obtention des quilles orange et verte par les candidats. Le coordonnateur ETR, le responsable ERJ ou le r\u00e9f\u00e9rent fait remonter l\u2019ensemble des validations \u00e0 la DTN pour enregistrement.<\/p>\n<p>Le coordonnateur ETR, le responsable ERJ ou le r\u00e9f\u00e9rent fixe un calendrier de sessions d\u2019examen tenant compte des contraintes li\u00e9es \u00e0 l\u2019organisation de la certification et \u00e0 la disponibilit\u00e9 des membres de son jury.<\/p>\n<p>&nbsp;<\/p>\n","protected":false},"excerpt":{"rendered":"<p>\u00a0 MODALIT\u00c9S D&rsquo;ORGANISATION L&rsquo;organisation du passeport sportif a \u00e9t\u00e9 d\u00e9finie suite au comit\u00e9 directeur f\u00e9d\u00e9ral du 16 janvier 2011. La certification des quilles ORANGE et VERTE est valid\u00e9e au niveau r\u00e9gional et la certification des quilles BLEUE et NOIRE au niveau national. Les objectifs poursuivis sont de : Valoriser les personnes form\u00e9es aux dipl\u00f4mes f\u00e9d\u00e9raux Constituer un pole de jur\u00e9s<\/p>\n","protected":false},"author":4,"featured_media":0,"parent":0,"menu_order":0,"comment_status":"open","ping_status":"closed","template":"","meta":{"footnotes":""},"class_list":["post-7671","page","type-page","status-publish","hentry"],"_links":{"self":[{"href":"http:\/\/new.bowlingpaca.fr\/index.php?rest_route=\/wp\/v2\/pages\/7671","targetHints":{"allow":["GET"]}}],"collection":[{"href":"http:\/\/new.bowlingpaca.fr\/index.php?rest_route=\/wp\/v2\/pages"}],"about":[{"href":"http:\/\/new.bowlingpaca.fr\/index.php?rest_route=\/wp\/v2\/types\/page"}],"author":[{"embeddable":true,"href":"http:\/\/new.bowlingpaca.fr\/index.php?rest_route=\/wp\/v2\/users\/4"}],"replies":[{"embeddable":true,"href":"http:\/\/new.bowlingpaca.fr\/index.php?rest_route=%2Fwp%2Fv2%2Fcomments&post=7671"}],"version-history":[{"count":2,"href":"http:\/\/new.bowlingpaca.fr\/index.php?rest_route=\/wp\/v2\/pages\/7671\/revisions"}],"predecessor-version":[{"id":7677,"href":"http:\/\/new.bowlingpaca.fr\/index.php?rest_route=\/wp\/v2\/pages\/7671\/revisions\/7677"}],"wp:attachment":[{"href":"http:\/\/new.bowlingpaca.fr\/index.php?rest_route=%2Fwp%2Fv2%2Fmedia&parent=7671"}],"curies":[{"name":"wp","href":"https:\/\/api.w.org\/{rel}","templated":true}]}}