{"id":7664,"date":"2014-01-31T11:19:39","date_gmt":"2014-01-31T09:19:39","guid":{"rendered":"http:\/\/news.bowlingpaca.fr\/?page_id=7664"},"modified":"2014-01-31T11:19:56","modified_gmt":"2014-01-31T09:19:56","slug":"quille-noire","status":"publish","type":"page","link":"http:\/\/new.bowlingpaca.fr\/?page_id=7664","title":{"rendered":"QUILLE NOIRE"},"content":{"rendered":"<h1><img loading=\"lazy\" decoding=\"async\" alt=\"\" src=\"http:\/\/www.ffbsq.org\/private\/espace_formation\/formation_joueurs\/bowling\/quillenoire.jpg\" width=\"164\" height=\"153\" align=\"absMiddle\" \/>\u00a0\u00a0\u00a0\u00a0\u00a0\u00a0\u00a0\u00a0\u00a0 QUILLE NOIRE<\/h1>\n<p>&nbsp;<\/p>\n<h2>Modalit\u00e9s pratiques<\/h2>\n<p>L&rsquo;obtention de la\u00a0quille noire est la derni\u00e8re \u00e9tape du passeport sportif.<\/p>\n<p>Le public doit \u00eatre licenci\u00e9 et avoir la quille BLEUE. Le passage de cette quille a lieu par la Direction Technique nationale dans le cadre d&rsquo;un jury, qui organise l&rsquo;examen.<\/p>\n<p>Pour plus de renseignements, contactez la DTN.<\/p>\n<p>&nbsp;<\/p>\n<h3>Objectifs sportifs de la quille NOIRE<\/h3>\n<ul>\n<li>Savoir joueur diff\u00e9rentes formes de jeu<\/li>\n<li>Ma\u00eetriser les diff\u00e9rents param\u00eatres d&rsquo;adaptation<\/li>\n<\/ul>\n<p><strong>Exigences sportives :<\/strong><\/p>\n<ul>\n<li>50%\u00a0de strikes<\/li>\n<li>90% de spares sans split<\/li>\n<li>80% de boules dans la poche du strike<\/li>\n<li>95% de quilles seules ferm\u00e9es<\/li>\n<li>88% de boules sup\u00e9rieures ou \u00e9gales \u00e0 8<\/li>\n<\/ul>\n<p>&nbsp;<\/p>\n<table>\n<tbody>\n<tr>\n<td><span style=\"text-decoration: underline;\">Document \u00e0 t\u00e9l\u00e9charger<\/span>\u00a0:<\/p>\n<ul>\n<li><a href=\"http:\/\/www.ffbsq.org\/private\/espace_formation\/formation_joueurs\/bowling\/certification_quille_noire.pdf\" target=\"_blank\">Certification Quille Noire<\/a><\/li>\n<\/ul>\n<\/td>\n<\/tr>\n<\/tbody>\n<\/table>\n","protected":false},"excerpt":{"rendered":"<p>\u00a0\u00a0\u00a0\u00a0\u00a0\u00a0\u00a0\u00a0\u00a0 QUILLE NOIRE &nbsp; Modalit\u00e9s pratiques L&rsquo;obtention de la\u00a0quille noire est la derni\u00e8re \u00e9tape du passeport sportif. Le public doit \u00eatre licenci\u00e9 et avoir la quille BLEUE. Le passage de cette quille a lieu par la Direction Technique nationale dans le cadre d&rsquo;un jury, qui organise l&rsquo;examen. Pour plus de renseignements, contactez la DTN. &nbsp; Objectifs sportifs de la quille<\/p>\n","protected":false},"author":4,"featured_media":0,"parent":0,"menu_order":0,"comment_status":"open","ping_status":"closed","template":"","meta":{"footnotes":""},"class_list":["post-7664","page","type-page","status-publish","hentry"],"_links":{"self":[{"href":"http:\/\/new.bowlingpaca.fr\/index.php?rest_route=\/wp\/v2\/pages\/7664","targetHints":{"allow":["GET"]}}],"collection":[{"href":"http:\/\/new.bowlingpaca.fr\/index.php?rest_route=\/wp\/v2\/pages"}],"about":[{"href":"http:\/\/new.bowlingpaca.fr\/index.php?rest_route=\/wp\/v2\/types\/page"}],"author":[{"embeddable":true,"href":"http:\/\/new.bowlingpaca.fr\/index.php?rest_route=\/wp\/v2\/users\/4"}],"replies":[{"embeddable":true,"href":"http:\/\/new.bowlingpaca.fr\/index.php?rest_route=%2Fwp%2Fv2%2Fcomments&post=7664"}],"version-history":[{"count":2,"href":"http:\/\/new.bowlingpaca.fr\/index.php?rest_route=\/wp\/v2\/pages\/7664\/revisions"}],"predecessor-version":[{"id":7667,"href":"http:\/\/new.bowlingpaca.fr\/index.php?rest_route=\/wp\/v2\/pages\/7664\/revisions\/7667"}],"wp:attachment":[{"href":"http:\/\/new.bowlingpaca.fr\/index.php?rest_route=%2Fwp%2Fv2%2Fmedia&parent=7664"}],"curies":[{"name":"wp","href":"https:\/\/api.w.org\/{rel}","templated":true}]}}