{"id":7661,"date":"2014-01-31T11:19:19","date_gmt":"2014-01-31T09:19:19","guid":{"rendered":"http:\/\/news.bowlingpaca.fr\/?page_id=7661"},"modified":"2014-01-31T11:20:47","modified_gmt":"2014-01-31T09:20:47","slug":"quille-bleue","status":"publish","type":"page","link":"http:\/\/new.bowlingpaca.fr\/?page_id=7661","title":{"rendered":"QUILLE BLEUE"},"content":{"rendered":"<div><img loading=\"lazy\" decoding=\"async\" style=\"font-size: 2em; line-height: 1.5em;\" alt=\"\" src=\"http:\/\/www.ffbsq.org\/private\/espace_formation\/formation_joueurs\/bowling\/quillebleue.jpg\" width=\"220\" height=\"164\" align=\"absMiddle\" \/><span style=\"font-size: 2em; line-height: 1.5em;\">\u00a0\u00a0\u00a0\u00a0\u00a0\u00a0\u00a0\u00a0\u00a0 QUILLE BLEUE<\/span><\/div>\n<p>&nbsp;<\/p>\n<h2>Modalit\u00e9s pratiques<\/h2>\n<p>L&rsquo;obtention de la\u00a0quille BLEUE est la quatri\u00e8me \u00e9tape du passeport sportif.<\/p>\n<p>Le public doit \u00eatre licenci\u00e9 et avoir la quille VERTE. Le passage de cette quille a lieu par la Direction Technique nationale dans le cadre d&rsquo;un jury, qui organise l&rsquo;examen.<\/p>\n<p>Pour plus de renseignements, contactez la DTN.<\/p>\n<p>&nbsp;<\/p>\n<h3>Objectifs sportifs de la quille BLEUE<\/h3>\n<ul>\n<li>R\u00e9aliser des strikes<\/li>\n<li>Ma\u00eetriser les spares<\/li>\n<\/ul>\n<p><strong>Exigences sportives :<\/strong><\/p>\n<ul>\n<li>40%\u00a0de strikes<\/li>\n<li>80% de spares sans split<\/li>\n<li>70% de boules dans la poche du strike<\/li>\n<li>85% de quilles seules ferm\u00e9es<\/li>\n<li>85% de boules sup\u00e9rieures ou \u00e9gales \u00e0 8<\/li>\n<\/ul>\n<p>&nbsp;<\/p>\n<p>&nbsp;<\/p>\n","protected":false},"excerpt":{"rendered":"<p>\u00a0\u00a0\u00a0\u00a0\u00a0\u00a0\u00a0\u00a0\u00a0 QUILLE BLEUE &nbsp; Modalit\u00e9s pratiques L&rsquo;obtention de la\u00a0quille BLEUE est la quatri\u00e8me \u00e9tape du passeport sportif. Le public doit \u00eatre licenci\u00e9 et avoir la quille VERTE. Le passage de cette quille a lieu par la Direction Technique nationale dans le cadre d&rsquo;un jury, qui organise l&rsquo;examen. Pour plus de renseignements, contactez la DTN. &nbsp; Objectifs sportifs de la quille<\/p>\n","protected":false},"author":4,"featured_media":0,"parent":0,"menu_order":0,"comment_status":"open","ping_status":"closed","template":"","meta":{"footnotes":""},"class_list":["post-7661","page","type-page","status-publish","hentry"],"_links":{"self":[{"href":"http:\/\/new.bowlingpaca.fr\/index.php?rest_route=\/wp\/v2\/pages\/7661","targetHints":{"allow":["GET"]}}],"collection":[{"href":"http:\/\/new.bowlingpaca.fr\/index.php?rest_route=\/wp\/v2\/pages"}],"about":[{"href":"http:\/\/new.bowlingpaca.fr\/index.php?rest_route=\/wp\/v2\/types\/page"}],"author":[{"embeddable":true,"href":"http:\/\/new.bowlingpaca.fr\/index.php?rest_route=\/wp\/v2\/users\/4"}],"replies":[{"embeddable":true,"href":"http:\/\/new.bowlingpaca.fr\/index.php?rest_route=%2Fwp%2Fv2%2Fcomments&post=7661"}],"version-history":[{"count":2,"href":"http:\/\/new.bowlingpaca.fr\/index.php?rest_route=\/wp\/v2\/pages\/7661\/revisions"}],"predecessor-version":[{"id":7668,"href":"http:\/\/new.bowlingpaca.fr\/index.php?rest_route=\/wp\/v2\/pages\/7661\/revisions\/7668"}],"wp:attachment":[{"href":"http:\/\/new.bowlingpaca.fr\/index.php?rest_route=%2Fwp%2Fv2%2Fmedia&parent=7661"}],"curies":[{"name":"wp","href":"https:\/\/api.w.org\/{rel}","templated":true}]}}