{"id":7658,"date":"2014-01-31T11:17:42","date_gmt":"2014-01-31T09:17:42","guid":{"rendered":"http:\/\/news.bowlingpaca.fr\/?page_id=7658"},"modified":"2014-01-31T11:17:42","modified_gmt":"2014-01-31T09:17:42","slug":"quille-verte","status":"publish","type":"page","link":"http:\/\/new.bowlingpaca.fr\/?page_id=7658","title":{"rendered":"QUILLE VERTE"},"content":{"rendered":"<h1><img loading=\"lazy\" decoding=\"async\" alt=\"\" src=\"http:\/\/www.ffbsq.org\/private\/espace_formation\/formation_joueurs\/bowling\/quilleverte.jpg\" width=\"268\" height=\"174\" align=\"absMiddle\" \/>\u00a0\u00a0\u00a0\u00a0\u00a0\u00a0\u00a0\u00a0\u00a0 QUILLE VERTE<\/h1>\n<p>&nbsp;<\/p>\n<h2>Modalit\u00e9s pratiques<\/h2>\n<p>L&rsquo;obtention de la\u00a0quille VERTE est la troisi\u00e8me \u00e9tape du passeport sportif.<\/p>\n<p>Le public doit \u00eatre licenci\u00e9 et avoir la quille ORANGE. Le passage de cette quille a lieu par la Ligue r\u00e9gionale dans le cadre d&rsquo;un jury qui organise l&rsquo;examen.<\/p>\n<p>Pour plus de renseignements, contactez votre Ligue r\u00e9gionale, le coordonateur ETR, le responsable ERJ.<\/p>\n<p>&nbsp;<\/p>\n<h3>Objectifs sportifs de la quille VERTE<\/h3>\n<ul>\n<li>Etre pr\u00e9cis et r\u00e9gulier dans la poche<\/li>\n<li>R\u00e9aliser des spares<\/li>\n<\/ul>\n<p><strong>Exigences sportives :<\/strong><\/p>\n<ul>\n<li>20%\u00a0de strikes<\/li>\n<li>50% de spares sans split<\/li>\n<li>50% de boules dans la poche du strike<\/li>\n<li>70% de quilles seules ferm\u00e9es<\/li>\n<li>50% de boules sup\u00e9rieures ou \u00e9gales \u00e0 8<\/li>\n<\/ul>\n<p>&nbsp;<\/p>\n<table>\n<tbody>\n<tr>\n<td>\n<p><span style=\"text-decoration: underline;\">Document \u00e0 t\u00e9l\u00e9charger<\/span>\u00a0:<\/p>\n<ul>\n<li><a href=\"http:\/\/www.ffbsq.org\/private\/espace_formation\/formation_joueurs\/bowling\/certification_quille_verte.pdf\" target=\"_new\">Certification Quille Verte<\/a><\/li>\n<\/ul>\n<p>&nbsp;<\/p>\n<\/td>\n<\/tr>\n<\/tbody>\n<\/table>\n","protected":false},"excerpt":{"rendered":"<p>\u00a0\u00a0\u00a0\u00a0\u00a0\u00a0\u00a0\u00a0\u00a0 QUILLE VERTE &nbsp; Modalit\u00e9s pratiques L&rsquo;obtention de la\u00a0quille VERTE est la troisi\u00e8me \u00e9tape du passeport sportif. Le public doit \u00eatre licenci\u00e9 et avoir la quille ORANGE. Le passage de cette quille a lieu par la Ligue r\u00e9gionale dans le cadre d&rsquo;un jury qui organise l&rsquo;examen. Pour plus de renseignements, contactez votre Ligue r\u00e9gionale, le coordonateur ETR, le responsable ERJ.<\/p>\n","protected":false},"author":4,"featured_media":0,"parent":0,"menu_order":0,"comment_status":"open","ping_status":"closed","template":"","meta":{"footnotes":""},"class_list":["post-7658","page","type-page","status-publish","hentry"],"_links":{"self":[{"href":"http:\/\/new.bowlingpaca.fr\/index.php?rest_route=\/wp\/v2\/pages\/7658","targetHints":{"allow":["GET"]}}],"collection":[{"href":"http:\/\/new.bowlingpaca.fr\/index.php?rest_route=\/wp\/v2\/pages"}],"about":[{"href":"http:\/\/new.bowlingpaca.fr\/index.php?rest_route=\/wp\/v2\/types\/page"}],"author":[{"embeddable":true,"href":"http:\/\/new.bowlingpaca.fr\/index.php?rest_route=\/wp\/v2\/users\/4"}],"replies":[{"embeddable":true,"href":"http:\/\/new.bowlingpaca.fr\/index.php?rest_route=%2Fwp%2Fv2%2Fcomments&post=7658"}],"version-history":[{"count":1,"href":"http:\/\/new.bowlingpaca.fr\/index.php?rest_route=\/wp\/v2\/pages\/7658\/revisions"}],"predecessor-version":[{"id":7660,"href":"http:\/\/new.bowlingpaca.fr\/index.php?rest_route=\/wp\/v2\/pages\/7658\/revisions\/7660"}],"wp:attachment":[{"href":"http:\/\/new.bowlingpaca.fr\/index.php?rest_route=%2Fwp%2Fv2%2Fmedia&parent=7658"}],"curies":[{"name":"wp","href":"https:\/\/api.w.org\/{rel}","templated":true}]}}