{"id":7655,"date":"2014-01-31T11:17:12","date_gmt":"2014-01-31T09:17:12","guid":{"rendered":"http:\/\/news.bowlingpaca.fr\/?page_id=7655"},"modified":"2014-01-31T11:17:12","modified_gmt":"2014-01-31T09:17:12","slug":"quille-orange","status":"publish","type":"page","link":"http:\/\/new.bowlingpaca.fr\/?page_id=7655","title":{"rendered":"QUILLE ORANGE"},"content":{"rendered":"<p align=\"right\">derni\u00e8re publication : 08\/03\/2011<\/p>\n<h1><img loading=\"lazy\" decoding=\"async\" alt=\"\" src=\"http:\/\/www.ffbsq.org\/private\/espace_formation\/formation_joueurs\/bowling\/quilleorange.jpg\" width=\"288\" height=\"139\" align=\"absMiddle\" \/>\u00a0\u00a0\u00a0\u00a0\u00a0\u00a0\u00a0\u00a0\u00a0 Quille ORANGE\u00a0\u00a0\u00a0\u00a0\u00a0\u00a0\u00a0\u00a0\u00a0<\/h1>\n<p>&nbsp;<\/p>\n<h2>Modalit\u00e9s pratiques<\/h2>\n<p>L&rsquo;obtention de la\u00a0quille ORANGE est la deuxi\u00e8me \u00e9tape du passeport sportif.<\/p>\n<p>Le public doit \u00eatre licenci\u00e9. Le passage de cette quille a lieu par la Ligue r\u00e9gionale dans le cadre d&rsquo;un jury qui organise l&rsquo;examen.<\/p>\n<p>Pour plus de renseignements, contactez votre Ligue r\u00e9gionale, le coordonateur ETR, le responsable ERJ.<\/p>\n<p>&nbsp;<\/p>\n<h3>Objectifs sportifs de la quille ORANGE<\/h3>\n<ul>\n<li>Lancer la boule sur la piste en touchant la quille 1<\/li>\n<li>R\u00e9aliser les spares 7 et 10<\/li>\n<\/ul>\n<p><strong>Exigences sportives :<\/strong><\/p>\n<ul>\n<li>50% Quille 1<\/li>\n<li>50% Quille 7<\/li>\n<li>50% Quille 10<\/li>\n<\/ul>\n<p>&nbsp;<\/p>\n<table>\n<tbody>\n<tr>\n<td>\n<p><span style=\"text-decoration: underline;\">Document \u00e0 t\u00e9l\u00e9charger<\/span>\u00a0:<\/p>\n<ul>\n<li><a href=\"http:\/\/www.ffbsq.org\/private\/espace_formation\/formation_joueurs\/bowling\/certification_quille_orange.pdf\" target=\"_new\">Certification Quille orange<\/a><\/li>\n<\/ul>\n<\/td>\n<\/tr>\n<\/tbody>\n<\/table>\n","protected":false},"excerpt":{"rendered":"<p>derni\u00e8re publication : 08\/03\/2011 \u00a0\u00a0\u00a0\u00a0\u00a0\u00a0\u00a0\u00a0\u00a0 Quille ORANGE\u00a0\u00a0\u00a0\u00a0\u00a0\u00a0\u00a0\u00a0\u00a0 &nbsp; Modalit\u00e9s pratiques L&rsquo;obtention de la\u00a0quille ORANGE est la deuxi\u00e8me \u00e9tape du passeport sportif. Le public doit \u00eatre licenci\u00e9. Le passage de cette quille a lieu par la Ligue r\u00e9gionale dans le cadre d&rsquo;un jury qui organise l&rsquo;examen. Pour plus de renseignements, contactez votre Ligue r\u00e9gionale, le coordonateur ETR, le responsable ERJ. &nbsp;<\/p>\n","protected":false},"author":4,"featured_media":0,"parent":0,"menu_order":0,"comment_status":"open","ping_status":"closed","template":"","meta":{"footnotes":""},"class_list":["post-7655","page","type-page","status-publish","hentry"],"_links":{"self":[{"href":"http:\/\/new.bowlingpaca.fr\/index.php?rest_route=\/wp\/v2\/pages\/7655","targetHints":{"allow":["GET"]}}],"collection":[{"href":"http:\/\/new.bowlingpaca.fr\/index.php?rest_route=\/wp\/v2\/pages"}],"about":[{"href":"http:\/\/new.bowlingpaca.fr\/index.php?rest_route=\/wp\/v2\/types\/page"}],"author":[{"embeddable":true,"href":"http:\/\/new.bowlingpaca.fr\/index.php?rest_route=\/wp\/v2\/users\/4"}],"replies":[{"embeddable":true,"href":"http:\/\/new.bowlingpaca.fr\/index.php?rest_route=%2Fwp%2Fv2%2Fcomments&post=7655"}],"version-history":[{"count":1,"href":"http:\/\/new.bowlingpaca.fr\/index.php?rest_route=\/wp\/v2\/pages\/7655\/revisions"}],"predecessor-version":[{"id":7657,"href":"http:\/\/new.bowlingpaca.fr\/index.php?rest_route=\/wp\/v2\/pages\/7655\/revisions\/7657"}],"wp:attachment":[{"href":"http:\/\/new.bowlingpaca.fr\/index.php?rest_route=%2Fwp%2Fv2%2Fmedia&parent=7655"}],"curies":[{"name":"wp","href":"https:\/\/api.w.org\/{rel}","templated":true}]}}