{"id":7652,"date":"2014-01-31T11:16:36","date_gmt":"2014-01-31T09:16:36","guid":{"rendered":"http:\/\/news.bowlingpaca.fr\/?page_id=7652"},"modified":"2014-01-31T11:16:36","modified_gmt":"2014-01-31T09:16:36","slug":"quille-jaune","status":"publish","type":"page","link":"http:\/\/new.bowlingpaca.fr\/?page_id=7652","title":{"rendered":"QUILLE JAUNE"},"content":{"rendered":"<h1><img loading=\"lazy\" decoding=\"async\" alt=\"\" src=\"http:\/\/www.ffbsq.org\/private\/espace_formation\/formation_joueurs\/bowling\/quillejaune.jpg\" width=\"231\" height=\"160\" align=\"absMiddle\" \/>\u00a0\u00a0\u00a0\u00a0\u00a0\u00a0\u00a0\u00a0\u00a0 QUILLE JAUNE\u00a0\u00a0\u00a0\u00a0\u00a0\u00a0\u00a0\u00a0\u00a0<\/h1>\n<p>&nbsp;<\/p>\n<h2>Modalit\u00e9s pratiques<\/h2>\n<p>L&rsquo;obtention de la\u00a0quille JAUNEest la premi\u00e8re \u00e9tape du passeport sportif.<\/p>\n<p>Tout public licenci\u00e9 ou non, peut demander \u00e0 passer sa quille jaune.\u00a0La certification peut avoir lieu au sein du club par une personne dipl\u00f4m\u00e9e de la F\u00e9d\u00e9ration et notamment les assistants instructeurs.<\/p>\n<p><strong><\/strong>\u00a0<\/p>\n<h3>Objectif sportif de la quille JAUNE<\/h3>\n<p>Savoir l\u00e2cher la boule sans bruit, sans faire rigole.<\/p>\n<p>&nbsp;<\/p>\n<table>\n<tbody>\n<tr>\n<td>\n<p><span style=\"text-decoration: underline;\">Documents \u00e0 t\u00e9l\u00e9charger<\/span>\u00a0:<\/p>\n<ul>\n<li><a href=\"http:\/\/www.ffbsq.org\/private\/espace_formation\/formation_joueurs\/bowling\/certification_quille_jaune.pdf\" target=\"_new\">Certification Quille Jaune<\/a><\/li>\n<li><a href=\"http:\/\/www.ffbsq.org\/private\/espace_formation\/formation_joueurs\/bowling\/diplome_quille_jaune.pdf\" target=\"_new\">Dipl\u00f4me Quille jaune<\/a><\/li>\n<\/ul>\n<\/td>\n<\/tr>\n<\/tbody>\n<\/table>\n","protected":false},"excerpt":{"rendered":"<p>\u00a0\u00a0\u00a0\u00a0\u00a0\u00a0\u00a0\u00a0\u00a0 QUILLE JAUNE\u00a0\u00a0\u00a0\u00a0\u00a0\u00a0\u00a0\u00a0\u00a0 &nbsp; Modalit\u00e9s pratiques L&rsquo;obtention de la\u00a0quille JAUNEest la premi\u00e8re \u00e9tape du passeport sportif. Tout public licenci\u00e9 ou non, peut demander \u00e0 passer sa quille jaune.\u00a0La certification peut avoir lieu au sein du club par une personne dipl\u00f4m\u00e9e de la F\u00e9d\u00e9ration et notamment les assistants instructeurs. \u00a0 Objectif sportif de la quille JAUNE Savoir l\u00e2cher la boule sans<\/p>\n","protected":false},"author":4,"featured_media":0,"parent":0,"menu_order":0,"comment_status":"open","ping_status":"closed","template":"","meta":{"footnotes":""},"class_list":["post-7652","page","type-page","status-publish","hentry"],"_links":{"self":[{"href":"http:\/\/new.bowlingpaca.fr\/index.php?rest_route=\/wp\/v2\/pages\/7652","targetHints":{"allow":["GET"]}}],"collection":[{"href":"http:\/\/new.bowlingpaca.fr\/index.php?rest_route=\/wp\/v2\/pages"}],"about":[{"href":"http:\/\/new.bowlingpaca.fr\/index.php?rest_route=\/wp\/v2\/types\/page"}],"author":[{"embeddable":true,"href":"http:\/\/new.bowlingpaca.fr\/index.php?rest_route=\/wp\/v2\/users\/4"}],"replies":[{"embeddable":true,"href":"http:\/\/new.bowlingpaca.fr\/index.php?rest_route=%2Fwp%2Fv2%2Fcomments&post=7652"}],"version-history":[{"count":1,"href":"http:\/\/new.bowlingpaca.fr\/index.php?rest_route=\/wp\/v2\/pages\/7652\/revisions"}],"predecessor-version":[{"id":7654,"href":"http:\/\/new.bowlingpaca.fr\/index.php?rest_route=\/wp\/v2\/pages\/7652\/revisions\/7654"}],"wp:attachment":[{"href":"http:\/\/new.bowlingpaca.fr\/index.php?rest_route=%2Fwp%2Fv2%2Fmedia&parent=7652"}],"curies":[{"name":"wp","href":"https:\/\/api.w.org\/{rel}","templated":true}]}}