{"id":7648,"date":"2014-01-31T11:23:43","date_gmt":"2014-01-31T09:23:43","guid":{"rendered":"http:\/\/news.bowlingpaca.fr\/?page_id=7648"},"modified":"2014-02-20T19:34:38","modified_gmt":"2014-02-20T17:34:38","slug":"passage-de-quilles-passeport-sportif","status":"publish","type":"page","link":"http:\/\/new.bowlingpaca.fr\/?page_id=7648","title":{"rendered":"PASSAGE DE QUILLES &#038; PASSEPORT SPORTIF"},"content":{"rendered":"<p><b style=\"font-size: 14px; line-height: 1.5em;\">Sous-menus de cette page<\/b><\/p>\n<address>\n<ul>\n<li><a title=\"QUILLE JAUNE\" href=\"http:\/\/news.bowlingpaca.fr\/?page_id=7652\">Quille JAUNE<\/a><\/li>\n<\/ul>\n<\/address>\n<address>\n<ul>\n<li><a title=\"QUILLE ORANGE\" href=\"http:\/\/news.bowlingpaca.fr\/?page_id=7655\">Quille ORANGE<\/a><\/li>\n<\/ul>\n<\/address>\n<address>\n<ul>\n<li><a title=\"QUILLE VERTE\" href=\"http:\/\/news.bowlingpaca.fr\/?page_id=7658\">Quille VERTE<\/a><\/li>\n<\/ul>\n<\/address>\n<address>\n<ul>\n<li><a title=\"QUILLE BLEUE\" href=\"http:\/\/news.bowlingpaca.fr\/?page_id=7661\">Quille BLEUE<\/a><\/li>\n<\/ul>\n<\/address>\n<address>\n<ul>\n<li><a title=\"QUILLE NOIRE\" href=\"http:\/\/news.bowlingpaca.fr\/?page_id=7664\">Quille NOIRE<\/a><\/li>\n<\/ul>\n<\/address>\n<address>\n<ul>\n<li><a title=\"ORGANISATION du PASSAGE de QUILLES\" href=\"http:\/\/news.bowlingpaca.fr\/?page_id=7671\">Organisation<\/a><\/li>\n<li>\n<h2><span style=\"color: #ff6600;\"><strong><a href=\"https:\/\/docs.google.com\/forms\/d\/1ESzyZ5cd7st9odYbc-Lr_15kanmZILemUvilqNisV7o\/viewform\" target=\"_blank\"><span style=\"color: #ff6600;\">INSCRIPTION<\/span><\/a><\/strong><\/span><\/h2>\n<\/li>\n<\/ul>\n<\/address>\n<p>&nbsp;<\/p>\n<h1>Passeport sportif BOWLING<\/h1>\n<h2>Le Passeport sportif, un outil d&rsquo;\u00e9valuation<\/h2>\n<p>Ce tableau est un outil d\u2019\u00e9valuation qui permet d\u2019identifier les exigences technico tactique du passage de quilles pour le passeport sportif. Il permet de situer les pratiquants sportifs dans un niveau de r\u00e9f\u00e9rence, de quantifier leur acquis et d\u2019orienter les comp\u00e9tences restantes \u00e0 acqu\u00e9rir.<\/p>\n<p>Cet outil n\u2019est valable que lorsqu\u2019il est utilis\u00e9 pour mesurer des performances r\u00e9alis\u00e9es \u00e0 des instants pr\u00e9cis sur un certain nombre de parties. Il est bien \u00e9vident que pour \u00e9voluer, il faut que le joueur s\u2019astreigne \u00e0 une logique d\u2019entra\u00eenement hebdomadaire selon une planification d\u00e9finie.<\/p>\n<p>Pour passer de la quille jaune \u00e0 la quille noire, le temps estim\u00e9 pour \u00e9voluer est de 9 ann\u00e9es minimum \u00e0 12. Il est bien entendu que cette \u00e9volution n\u2019est possible que lorsque le pratiquant et l\u2019encadrant mettent tout en \u0153uvre pour atteindre ce niveau maximum.<\/p>\n<h3>Et vous, quel est votre niveau\u00a0?\u00a0\u00a0\u00a0\u00a0\u00a0\u00a0\u00a0<\/h3>\n<table>\n<tbody>\n<tr>\n<td>\n<p align=\"center\"><strong>PASSEPORT<\/strong><\/p>\n<p align=\"center\"><strong>SPORTIF<\/strong><\/p>\n<\/td>\n<td>\n<p align=\"center\"><strong>QUILLE<\/strong><\/p>\n<p align=\"center\"><strong>1<\/strong><\/p>\n<p align=\"center\"><strong>\u00a0\u00a0\u00a0\u00a0\u00a0\u00a0\u00a0\u00a0\u00a0\u00a0\u00a0 \u00a0\u00a0\u00a0 \u00a0\u00a0\u00a0\u00a0<\/strong><\/p>\n<\/td>\n<td>\n<p align=\"center\"><strong>BOULE<\/strong><\/p>\n<p align=\"center\"><strong>POCHE<\/strong><\/p>\n<p align=\"center\"><strong>\u00a0\u00a0\u00a0\u00a0\u00a0\u00a0\u00a0\u00a0 \u00a0 \u00a0\u00a0\u00a0\u00a0\u00a0\u00a0\u00a0\u00a0\u00a0<\/strong><\/p>\n<\/td>\n<td>\n<p align=\"center\"><strong>STRIKE<\/strong><\/p>\n<p align=\"center\"><strong>\u00a0\u00a0\u00a0\u00a0\u00a0\u00a0\u00a0\u00a0\u00a0\u00a0\u00a0\u00a0\u00a0\u00a0\u00a0\u00a0\u00a0<\/strong><\/p>\n<p align=\"center\"><strong>\u00a0\u00a0\u00a0\u00a0\u00a0\u00a0\u00a0\u00a0\u00a0\u00a0\u00a0\u00a0\u00a0\u00a0 \u00a0\u00a0 \u00a0<\/strong><\/p>\n<\/td>\n<td>\n<p align=\"center\"><strong>SPARE<\/strong><\/p>\n<p align=\"center\"><strong>SANS SPLIT<\/strong><\/p>\n<p align=\"center\"><strong>\u00a0\u00a0\u00a0\u00a0\u00a0\u00a0\u00a0\u00a0\u00a0\u00a0\u00a0\u00a0\u00a0\u00a0\u00a0\u00a0\u00a0<\/strong><\/p>\n<\/td>\n<td>\n<p align=\"center\"><strong>QUILLE\u00a0<\/strong><\/p>\n<p align=\"center\"><strong>SEULE<\/strong><\/p>\n<p align=\"center\"><strong>\u00a0\u00a0\u00a0\u00a0\u00a0\u00a0\u00a0\u00a0 \u00a0\u00a0\u00a0 \u00a0\u00a0\u00a0\u00a0\u00a0\u00a0\u00a0<\/strong><\/p>\n<\/td>\n<td>\n<p align=\"center\"><strong>BOULE<\/strong><\/p>\n<p align=\"center\"><strong>&gt; ou = 8<\/strong><\/p>\n<p align=\"center\"><strong>\u00a0\u00a0\u00a0\u00a0\u00a0\u00a0\u00a0\u00a0\u00a0\u00a0\u00a0\u00a0 \u00a0 \u00a0\u00a0\u00a0\u00a0\u00a0<\/strong><\/p>\n<\/td>\n<td>\n<p align=\"center\"><strong>NIVEAU<\/strong><\/p>\n<p align=\"center\"><strong>DE REFERENCE<\/strong><\/p>\n<\/td>\n<\/tr>\n<tr>\n<td><a title=\"QUILLE JAUNE\" href=\"http:\/\/news.bowlingpaca.fr\/?page_id=7652\"><img loading=\"lazy\" decoding=\"async\" class=\"aligncenter\" alt=\"\" src=\"http:\/\/www.ffbsq.org\/private\/espace_formation\/formation_joueurs\/bowling\/quillejaune.jpg\" width=\"138\" height=\"91\" align=\"absmiddle\" \/><\/a><\/td>\n<td>\n<p align=\"center\">\u00a0<\/p>\n<\/td>\n<td>\n<p align=\"center\">\u00a0<\/p>\n<\/td>\n<td>\n<p align=\"center\">\u00a0<\/p>\n<\/td>\n<td>\n<p align=\"center\">\u00a0<\/p>\n<\/td>\n<td>\n<p align=\"center\">\u00a0<\/p>\n<\/td>\n<td>\n<p align=\"center\">\u00a0<\/p>\n<\/td>\n<td>\n<p align=\"center\">DEBUTANT<\/p>\n<\/td>\n<\/tr>\n<tr>\n<td>\n<p align=\"center\"><a title=\"QUILLE ORANGE\" href=\"http:\/\/news.bowlingpaca.fr\/?page_id=7655\"><img loading=\"lazy\" decoding=\"async\" alt=\"\" src=\"http:\/\/www.ffbsq.org\/private\/espace_formation\/formation_joueurs\/bowling\/quilleorange.jpg\" width=\"138\" height=\"90\" align=\"absmiddle\" \/><\/a><\/p>\n<\/td>\n<td>\n<p align=\"center\">50%<\/p>\n<\/td>\n<td>\n<p align=\"center\">\u00a0<\/p>\n<\/td>\n<td>\n<p align=\"center\">\u00a0<\/p>\n<\/td>\n<td>\n<p align=\"center\">\u00a0<\/p>\n<\/td>\n<td>\n<p align=\"center\">50%<\/p>\n<\/td>\n<td>\n<p align=\"center\">\u00a0<\/p>\n<\/td>\n<td>\n<p align=\"center\">DEBUTANT<\/p>\n<p align=\"center\">INTERMEDIAIRE<\/p>\n<\/td>\n<\/tr>\n<tr>\n<td>\n<p align=\"center\"><a title=\"QUILLE VERTE\" href=\"http:\/\/news.bowlingpaca.fr\/?page_id=7658\"><img loading=\"lazy\" decoding=\"async\" alt=\"\" src=\"http:\/\/www.ffbsq.org\/private\/espace_formation\/formation_joueurs\/bowling\/quilleverte.jpg\" width=\"138\" height=\"90\" align=\"absmiddle\" \/><\/a><\/p>\n<\/td>\n<td>\n<p align=\"center\">\u00a0<\/p>\n<\/td>\n<td>\n<p align=\"center\">50%<\/p>\n<\/td>\n<td>\n<p align=\"center\">20%<\/p>\n<\/td>\n<td>\n<p align=\"center\">50%<\/p>\n<\/td>\n<td>\n<p align=\"center\">70%<\/p>\n<\/td>\n<td>\n<p align=\"center\">50%<\/p>\n<\/td>\n<td>\n<p align=\"center\">INTERMEDIAIRE<\/p>\n<p align=\"center\">CONFIRME<\/p>\n<\/td>\n<\/tr>\n<tr>\n<td>\n<p align=\"center\"><a title=\"QUILLE BLEUE\" href=\"http:\/\/news.bowlingpaca.fr\/?page_id=7661\"><img loading=\"lazy\" decoding=\"async\" alt=\"\" src=\"http:\/\/www.ffbsq.org\/private\/espace_formation\/formation_joueurs\/bowling\/quillebleue.jpg\" width=\"138\" height=\"90\" align=\"absmiddle\" \/><\/a><\/p>\n<\/td>\n<td>\n<p align=\"center\">\u00a0<\/p>\n<\/td>\n<td>\n<p align=\"center\">70%<\/p>\n<\/td>\n<td>\n<p align=\"center\">40%<\/p>\n<\/td>\n<td>\n<p align=\"center\">80%<\/p>\n<\/td>\n<td>\n<p align=\"center\">85%<\/p>\n<\/td>\n<td>\n<p align=\"center\">85%<\/p>\n<\/td>\n<td>\n<p align=\"center\">CONFIRME<\/p>\n<p align=\"center\">EXPERT<\/p>\n<\/td>\n<\/tr>\n<tr>\n<td>\n<p align=\"center\"><a title=\"QUILLE NOIRE\" href=\"http:\/\/news.bowlingpaca.fr\/?page_id=7664\"><img loading=\"lazy\" decoding=\"async\" alt=\"\" src=\"http:\/\/www.ffbsq.org\/private\/espace_formation\/formation_joueurs\/bowling\/quillenoire.jpg\" width=\"137\" height=\"90\" align=\"absmiddle\" \/><\/a><\/p>\n<\/td>\n<td>\n<p align=\"center\">\u00a0<\/p>\n<\/td>\n<td>\n<p align=\"center\">80%<\/p>\n<\/td>\n<td>\n<p align=\"center\">50%<\/p>\n<\/td>\n<td>\n<p align=\"center\">90%<\/p>\n<\/td>\n<td>\n<p align=\"center\">95%<\/p>\n<\/td>\n<td>\n<p align=\"center\">88%<\/p>\n<\/td>\n<td>\n<p align=\"center\">EXPERT<\/p>\n<p align=\"center\">EXCELLENCE<\/p>\n<\/td>\n<\/tr>\n<\/tbody>\n<\/table>\n<p>&nbsp;<\/p>\n<p><strong>Niveau DEBUTANT<\/strong><\/p>\n<p><span style=\"text-decoration: underline;\">Objectif<\/span>\u00a0: Lancer une boule sur la piste dans une approche en touchant la quille 1<\/p>\n<p><strong>Niveau INTERMEDIAIRE<\/strong><\/p>\n<p><span style=\"text-decoration: underline;\">Objectif<\/span>\u00a0: Lancer une boule en touchant r\u00e9guli\u00e8rement la poche, r\u00e9aliser des spares<\/p>\n<p><strong>Niveau CONFIRME<\/strong><\/p>\n<p><span style=\"text-decoration: underline;\">Objectif<\/span>\u00a0: R\u00e9aliser r\u00e9guli\u00e8rement des strikes et ma\u00eetriser les spares<\/p>\n<p><strong>Niveau EXPERT<\/strong><\/p>\n<p><span style=\"text-decoration: underline;\">Objectif<\/span>\u00a0: Etre r\u00e9gulier dans le strike et le garder<\/p>\n<p><strong>Niveau EXCELLENCE<\/strong><\/p>\n<p><span style=\"text-decoration: underline;\">Objectif<\/span>\u00a0: Savoir jouer diff\u00e9rentes formes de jeu et ma\u00eetriser les param\u00e8tres d\u2019adaptation<\/p>\n<p>&nbsp;<\/p>\n<table>\n<tbody>\n<tr>\n<td>\n<p align=\"left\"><em><span style=\"text-decoration: underline;\">Document \u00e0\u00a0<\/span><\/em><em><span style=\"text-decoration: underline;\">t\u00e9l\u00e9charger<\/span>\u00a0:\u00a0<\/em><\/p>\n<ul>\n<li>\n<div align=\"left\">BON DE COMMANDE :\u00a0<a href=\"http:\/\/www.ffbsq.org\/private\/Passeports_et_Ecussons.pdf\" target=\"new\"><em>Passeports_et_Ecussons.pdf<\/em><\/a><\/div>\n<\/li>\n<\/ul>\n<\/td>\n<\/tr>\n<\/tbody>\n<\/table>\n<p><img loading=\"lazy\" decoding=\"async\" alt=\"\" src=\"http:\/\/www.ffbsq.org\/private\/passeport_sportif.jpg\" width=\"232\" height=\"276\" align=\"absMiddle\" \/><\/p>\n","protected":false},"excerpt":{"rendered":"<p>Sous-menus de cette page Quille JAUNE Quille ORANGE Quille VERTE Quille BLEUE Quille NOIRE Organisation INSCRIPTION &nbsp; Passeport sportif BOWLING Le Passeport sportif, un outil d&rsquo;\u00e9valuation Ce tableau est un outil d\u2019\u00e9valuation qui permet d\u2019identifier les exigences technico tactique du passage de quilles pour le passeport sportif. Il permet de situer les pratiquants sportifs dans un niveau de r\u00e9f\u00e9rence, de<\/p>\n","protected":false},"author":4,"featured_media":0,"parent":0,"menu_order":0,"comment_status":"open","ping_status":"closed","template":"","meta":{"footnotes":""},"class_list":["post-7648","page","type-page","status-publish","hentry"],"_links":{"self":[{"href":"http:\/\/new.bowlingpaca.fr\/index.php?rest_route=\/wp\/v2\/pages\/7648","targetHints":{"allow":["GET"]}}],"collection":[{"href":"http:\/\/new.bowlingpaca.fr\/index.php?rest_route=\/wp\/v2\/pages"}],"about":[{"href":"http:\/\/new.bowlingpaca.fr\/index.php?rest_route=\/wp\/v2\/types\/page"}],"author":[{"embeddable":true,"href":"http:\/\/new.bowlingpaca.fr\/index.php?rest_route=\/wp\/v2\/users\/4"}],"replies":[{"embeddable":true,"href":"http:\/\/new.bowlingpaca.fr\/index.php?rest_route=%2Fwp%2Fv2%2Fcomments&post=7648"}],"version-history":[{"count":8,"href":"http:\/\/new.bowlingpaca.fr\/index.php?rest_route=\/wp\/v2\/pages\/7648\/revisions"}],"predecessor-version":[{"id":9554,"href":"http:\/\/new.bowlingpaca.fr\/index.php?rest_route=\/wp\/v2\/pages\/7648\/revisions\/9554"}],"wp:attachment":[{"href":"http:\/\/new.bowlingpaca.fr\/index.php?rest_route=%2Fwp%2Fv2%2Fmedia&parent=7648"}],"curies":[{"name":"wp","href":"https:\/\/api.w.org\/{rel}","templated":true}]}}