{"id":6135,"date":"2013-11-15T06:25:05","date_gmt":"2013-11-15T05:25:05","guid":{"rendered":"http:\/\/news.bowlingpaca.fr\/?page_id=6135"},"modified":"2013-11-15T09:44:44","modified_gmt":"2013-11-15T08:44:44","slug":"championnat-de-france-jeunes-2013","status":"publish","type":"page","link":"http:\/\/new.bowlingpaca.fr\/?page_id=6135","title":{"rendered":"CHAMPIONNAT DE FRANCE JEUNES 2013"},"content":{"rendered":"<blockquote>\n<h2 style=\"text-align: center;\"><span>FINALE NATIONALE<\/span><span style=\"text-decoration: underline;\">\u00a02013<br \/><\/span><\/h2>\n<p style=\"text-align: center;\"><strong>MINIMES -14ans, CADETS -17ans<\/strong><\/p>\n<p style=\"text-align: center;\"><strong>FINALE NATIONALE BOWLING de DAMMARIE LES LYS<\/strong><br \/><strong>Samedi 16 et dimanche 17 Novembre 2013<\/strong><\/p>\n<p>Tous les renseignements : Horaires, Liste des joueuses et joueurs, r\u00e9sultats sur le site F\u00e9d\u00e9ral\u00a0<a href=\"http:\/\/www.ffbsq.org\/#\/page\/1264\" target=\"_blank\">ICI<\/a><\/p>\n<\/blockquote>\n<ul>\n<li>\n<h3 style=\"text-align: left;\"><a href=\"http:\/\/news.bowlingpaca.fr\/wp-content\/uploads\/2013\/07\/CLASSEMENT-jeunes.pdf\" target=\"_blank\">Classement Final au 6 Juillet\u00a0<\/a><\/h3>\n<\/li>\n<\/ul>\n<h4 style=\"text-align: center;\"><span style=\"text-decoration: underline;\">Inscription et suivi des \u00e9tapes<br \/> <\/span><\/h4>\n<h5 style=\"text-align: center;\">( Cliquez sur les n\u00b0s d&rsquo;\u00e9tape pour vous inscrire)<\/h5>\n<p style=\"text-align: center;\">\n<table id=\"tablepress-42\" class=\"tablepress tablepress-id-42\">\n<thead>\n<tr class=\"row-1\">\n\t<td colspan=\"2\" class=\"column-1\"><\/td><th class=\"column-3\">DATES<\/th><th class=\"column-4\">R\u00e9sultat\/\u00c9tape<\/th>\n<\/tr>\n<\/thead>\n<tbody class=\"row-striping\">\n<tr class=\"row-2\">\n\t<td class=\"column-1\">\u00c9TAPE 1<\/td><td class=\"column-2\">DRAGUIGNAN<\/td><td class=\"column-3\">20 f\u00e9vrier 2013<\/td><td class=\"column-4\"><a href=\"http:\/\/news.bowlingpaca.fr\/wp-content\/uploads\/2013\/02\/RESULTATS-1_DRAGUIGNAN_20FEV2013.pdf\"><img loading=\"lazy\" decoding=\"async\" src=\"http:\/\/news.bowlingpaca.fr\/wp-content\/uploads\/2013\/03\/LOGO_PDF1-e1362137443937.png\" alt=\"\" width=\"30\" height=\"30\" class=\"aligncenter size-full wp-image-6095\" \/><\/a><\/td>\n<\/tr>\n<tr class=\"row-3\">\n\t<td class=\"column-1\"><a href=\"https:\/\/docs.google.com\/forms\/d\/1h3xAR8xrf1aKbAdUw_LW3A7z4XI9GZ5oJ7aXU4i4Ry0\/viewform\" target=\"_blank\">ETAPE 2<\/a> <\/td><td class=\"column-2\">BANDOL        -    <a href=\"https:\/\/docs.google.com\/spreadsheet\/ccc?key=0ApcDEFPhbGSudE5uZ1k5Zmlsb2lZQ0dhS2hDZ0ZYMEE#gid=0\" target=\"_blank\">Liste des Inscrits<\/a><br \/>\r\n<a href=\"http:\/\/news.bowlingpaca.fr\/wp-content\/uploads\/2013\/03\/convocation-et-horaire-9-et-10-mars-bandol.pdf\" target=\"_blank\">Horaires<\/a><\/td><td class=\"column-3\">10 mars 2013<br \/>\r\nlimite Inscription ,  28 f\u00e9vrier<\/td><td class=\"column-4\"><a href=\"http:\/\/news.bowlingpaca.fr\/wp-content\/uploads\/2013\/03\/RESULTATS-2_BANDOL_10mars2013.pdf\"><img loading=\"lazy\" decoding=\"async\" src=\"http:\/\/news.bowlingpaca.fr\/wp-content\/uploads\/2013\/03\/LOGO_PDF1-e1362137443937.png\" alt=\"\" width=\"30\" height=\"30\" class=\"aligncenter size-full wp-image-6095\" \/><\/a><\/td>\n<\/tr>\n<tr class=\"row-4\">\n\t<td class=\"column-1\"><a href=\"http:\/\/doodle.com\/cc3fifufwfzn7e9s\" target=\"_blank\">ETAPE 3 <\/a><\/td><td class=\"column-2\">DRAGUIGNAN<br \/>\r\n(liste des Inscrits avec l'\u00e9tape)<\/td><td class=\"column-3\">30 mars 2013<br \/>\r\nlimite inscription, 27 mars<\/td><td class=\"column-4\"><\/td>\n<\/tr>\n<tr class=\"row-5\">\n\t<td class=\"column-1\"><a href=\"http:\/\/doodle.com\/2vghyk6c7d8m9in2\" target=\"_blank\">ETAPE 4<\/a><\/td><td class=\"column-2\">PLAN DE CAMPAGNE<br \/>\r\n(liste des inscrits avec l'\u00e9tape)<\/td><td class=\"column-3\">16 avril 2013<br \/>\r\nlimite inscription, 14 avril<\/td><td class=\"column-4\"><\/td>\n<\/tr>\n<tr class=\"row-6\">\n\t<td class=\"column-1\">ETAPE 5<\/td><td class=\"column-2\">MARTIGUES<\/td><td class=\"column-3\">19 mai 2013<\/td><td class=\"column-4\"><\/td>\n<\/tr>\n<tr class=\"row-7\">\n\t<td class=\"column-1\">ETAPE 6<\/td><td class=\"column-2\">TOULON<\/td><td class=\"column-3\">7 juillet 2013<\/td><td class=\"column-4\"><\/td>\n<\/tr>\n<\/tbody>\n<\/table>\n<!-- #tablepress-42 from cache --><\/p>\n<p>&nbsp;<\/p>\n<ul>\n<li><strong>J1<\/strong>, le 20 F\u00e9vrier 2013 \u00e0 DRAGUIGNAN de 9h20 \u00e0 12h00<\/li>\n<li><em><span style=\"color: #ff0000;\">Attention, le travail sp\u00e9cifique ERJ est d\u00e9cal\u00e9 de 12h30 \u00e0 15h00 (cf post ERJ)<\/span><\/em><\/li>\n<\/ul>\n<ul>\n<li><strong>J2<\/strong>, les 9 et 10 Mars 2013 \u00e0 BANDOL<\/li>\n<li><strong>J3<\/strong>, 31 Mars 2013 \u00e0 DRAGUIGNAN<\/li>\n<li><strong>J4<\/strong>, <span style=\"color: #ff0000;\">16 Avril 2013<\/span>, lors de la 2\u00e8me journ\u00e9e ERJ, \u00e0 PLAN de CAMPAGNE<\/li>\n<li><strong>J5<\/strong>, 19 Mai 2013 \u00e0 <del>PLAN de CAMPAGNE<\/del>\u00a0 <strong>MARTIGUES<del><br \/> <\/del><\/strong><\/li>\n<li><strong>J6<\/strong>, 7 Juillet 2013 \u00e0<span style=\"color: #000000;\"> <del>NICE <\/del> <strong>TOULON<\/strong> <\/span><\/li>\n<\/ul>\n<blockquote>\n<p>&#8211; <a href=\"http:\/\/news.bowlingpaca.fr\/wp-content\/uploads\/2013\/01\/REGFED_2013_Championnats-Jeunes-1.pdf\" target=\"_blank\">R\u00e8glement <\/a><\/p>\n<p>&#8211; <a href=\"http:\/\/news.bowlingpaca.fr\/wp-content\/uploads\/2013\/02\/TARIFS-CHAMPIONNAT-DE-France-JEUNES-2013.pdf\" target=\"_blank\">Tarifs<\/a><\/p>\n<\/blockquote>\n","protected":false},"excerpt":{"rendered":"<p>FINALE NATIONALE\u00a02013 MINIMES -14ans, CADETS -17ans FINALE NATIONALE BOWLING de DAMMARIE LES LYSSamedi 16 et dimanche 17 Novembre 2013 Tous les renseignements : Horaires, Liste des joueuses et joueurs, r\u00e9sultats sur le site F\u00e9d\u00e9ral\u00a0ICI Classement Final au 6 Juillet\u00a0 Inscription et suivi des \u00e9tapes ( Cliquez sur les n\u00b0s d&rsquo;\u00e9tape pour vous inscrire) &nbsp; J1, le 20 F\u00e9vrier 2013 \u00e0<\/p>\n","protected":false},"author":4,"featured_media":0,"parent":0,"menu_order":0,"comment_status":"open","ping_status":"closed","template":"","meta":{"footnotes":""},"class_list":["post-6135","page","type-page","status-publish","hentry"],"_links":{"self":[{"href":"http:\/\/new.bowlingpaca.fr\/index.php?rest_route=\/wp\/v2\/pages\/6135","targetHints":{"allow":["GET"]}}],"collection":[{"href":"http:\/\/new.bowlingpaca.fr\/index.php?rest_route=\/wp\/v2\/pages"}],"about":[{"href":"http:\/\/new.bowlingpaca.fr\/index.php?rest_route=\/wp\/v2\/types\/page"}],"author":[{"embeddable":true,"href":"http:\/\/new.bowlingpaca.fr\/index.php?rest_route=\/wp\/v2\/users\/4"}],"replies":[{"embeddable":true,"href":"http:\/\/new.bowlingpaca.fr\/index.php?rest_route=%2Fwp%2Fv2%2Fcomments&post=6135"}],"version-history":[{"count":31,"href":"http:\/\/new.bowlingpaca.fr\/index.php?rest_route=\/wp\/v2\/pages\/6135\/revisions"}],"predecessor-version":[{"id":7891,"href":"http:\/\/new.bowlingpaca.fr\/index.php?rest_route=\/wp\/v2\/pages\/6135\/revisions\/7891"}],"wp:attachment":[{"href":"http:\/\/new.bowlingpaca.fr\/index.php?rest_route=%2Fwp%2Fv2%2Fmedia&parent=6135"}],"curies":[{"name":"wp","href":"https:\/\/api.w.org\/{rel}","templated":true}]}}