{"id":5989,"date":"2013-07-26T06:32:55","date_gmt":"2013-07-26T05:32:55","guid":{"rendered":"http:\/\/news.bowlingpaca.fr\/?page_id=5989"},"modified":"2013-07-26T07:53:02","modified_gmt":"2013-07-26T06:53:02","slug":"chpts-individuels-promotion-et-honneur-2013","status":"publish","type":"page","link":"http:\/\/new.bowlingpaca.fr\/?page_id=5989","title":{"rendered":"Chpts Individuels PROMOTION et HONNEUR 2013"},"content":{"rendered":"<div>\n<h1 dir=\"ltr\"><span style=\"font-size: 13px; line-height: 19px;\">Ces Championnats sont organis\u00e9s par les Comit\u00e9s D\u00e9partementaux de la Ligue Paca.\u00a0<\/span><\/h1>\n<div>&#8211; Ils auront lieu au Bowling de Martigues (13) Nice (06) Bandol (83)<br \/> &#8211; Date et Horaire \u00a0: Samedi 21 Septembre 2013 &amp; Dimanche 22 Septembre 2013<br \/> &#8211; Date limite d&rsquo;inscription : <strong>jeudi 5 septembre 2013 \u00e0 20 h 00<\/strong><\/div>\n<div>\u00a0<\/div>\n<div>Finales r\u00e9gionales les 30\/11 &amp; 1\/12\/2013 au bowling du Pontet<\/div>\n<div>\u00a0<\/div>\n<div>Liste des inscrits : <a href=\"https:\/\/docs.google.com\/spreadsheet\/ccc?key=0ApcDEFPhbGSudDljQ09yd1hIWkpveE5fdllHdklxRXc#gid=0\" target=\"_blank\">06<\/a> &#8211; <a href=\"https:\/\/docs.google.com\/spreadsheet\/ccc?key=0Age_Y6eQV_ZSdC1lWHJweWllTlVEQ0ZiYm5qN3lQWEE#gid=0\" target=\"_blank\">13<\/a> &#8211; <a href=\"https:\/\/docs.google.com\/spreadsheet\/ccc?key=0Age_Y6eQV_ZSdFByNGZFN3hnT1RtWHZfeC1EUmVuOGc#gid=0\" target=\"_blank\">83<\/a> &#8211; <a href=\"https:\/\/docs.google.com\/spreadsheet\/ccc?key=0Age_Y6eQV_ZSdFd3ZHZsbG9Rd3gzanE5M2tPMThHQXc#gid=0\" target=\"_blank\">84<\/a><\/div>\n<div>\u00a0<\/div>\n<div><!--more--><\/div>\n<\/div>\n<div>\n<form id=\"ss-form\" action=\"https:\/\/docs.google.com\/forms\/d\/16WSGDhq9IcG3NDytGNZ2AjL65R7J8Flc0J42hKhACoA\/formResponse?embedded=true\" method=\"POST\" target=\"_self\">\n<div>\n<div dir=\"ltr\">\n<div>\n<h2>1- Championnat F\u00e9d\u00e9ral Individuel PROMOTION<\/h2>\n<div>&#8211; Ce Championnat se d\u00e9roule en une seule phase \u00ab\u00a0D\u00c9PARTEMENTALE\u00a0\u00bb &#8211; Concerne les DAMES et HOMMES, licenci\u00e9s \u00e0 la FFBSQ, dont la moyenne est respectivement inf\u00e9rieure ou \u00e9gale \u00e0 140 et 150, et les joueuses et joueurs de 1\u00e8re ann\u00e9e de pratique ou n\u2019apparaissant pas au listing de r\u00e9f. &#8211; Les DROITS D&rsquo;ENGAGEMENT sont fix\u00e9s \u00e0 39,00 Euros (parties comprises) Le \u00ab\u00a0CD bowling\u00a0\u00bb en \u00e9tablira une facture par Club \u00e0 la cl\u00f4ture des inscriptions \u00e0 r\u00e9gler par ch\u00e8que \u00e0 l&rsquo;ordre de ce dernier.<\/div>\n<\/div>\n<\/div>\n<\/div>\n<div>\n<div dir=\"ltr\">\n<div>\n<h2>2 &#8211; Championnat Individuel HONNEUR<\/h2>\n<div>&#8211; Ce championnat comporte deux phases<\/div>\n<div>1- Phase D\u00c9PARTEMENTALE , les samedi 21 et Dimanche 22 Septembre , dont 60% des participants seront qualifi\u00e9s pour la Finale R\u00e9gionale<\/div>\n<div>2- Finale R\u00c9GIONALE, bowling du PONTET, les 30\/11\/2013 et(ou)1\/12\/2013<\/div>\n<div>Il est ouvert aux DAMES et HOMMES licenci\u00e9s \u00e0 la F.F.B.S.Q. dont la moyenne est respectivement \u00e9gale ou inf\u00e9rieure \u00e0 159 et 174.<\/div>\n<div>DROITS D&rsquo;ENGAGEMENT<\/div>\n<div>1 &#8211; Phase D\u00e9partementale : 44,44 Euros (engagement 16,00 + partie 28,44) Le \u00ab\u00a0CD bowling\u00a0\u00bb en \u00e9tablira une facture par Club \u00e0 la cl\u00f4ture des inscriptions \u00e0 r\u00e9gler par ch\u00e8que \u00e0 l&rsquo;ordre de ce dernier.<\/div>\n<div>2 &#8211; Finale R\u00e9gionale : 28,44 Euros (parties)<\/div>\n<\/div>\n<\/div>\n<\/div>\n<div>\n<div dir=\"ltr\">\n<div>\n<h2>3 &#8211; Listing et cat\u00e9gorie:<\/h2>\n<div>LE LISTING DE R\u00c9F EST LE LISTING DES CAT\u00c9GORIES F\u00c9D\u00c9RALES JUIN 2013. Les joueurs marqu\u00e9s S, nombre de parties homologu\u00e9es insuffisant, sont plac\u00e9s dans une cat\u00e9gorie en fonction de leur moyenne calcul\u00e9e sur les 24 derniers mois. Chaque joueur peut s&rsquo;inscrire dans \u00ab\u00a0SA Cat\u00e9gorie\u00a0\u00bb ou dans l&rsquo;une des cat\u00e9gories sup\u00e9rieures \u00e0 sa moyenne ( Honneur, Excellence ou Elite). Ce bulletin d&rsquo;inscription ne concerne que les cat\u00e9gories Promotion et Honneur. Les inscriptions dans les autres cat\u00e9gories sont sur le site PACA.<\/div>\n<\/div>\n<\/div>\n<\/div>\n<div>\n<div dir=\"ltr\">\n<div>Merci aux Pr\u00e9sidents de Club ou aux correspondants de remplir le formulaire aux fins d&rsquo;inscrire leurs joueurs(euses).( Chaque Pr\u00e9sident va recevoir le lien permettant l&rsquo;inscription).<\/div>\n<div>\u00a0<\/div>\n<div>\n<p>Excel Version\u00a0 2010 :\u00a0<a href=\"http:\/\/www.ffbsq.org\/bowling\/Competitions_Federales\/Individuels\/2013\/Championnat_Promotion\/LISTING_SPECIFIQUE_INDIVIDUELS_2013.xlsx\">Fichier Excel<\/a>\u00a0&#8211;\u00a0<a href=\"http:\/\/www.ffbsq.org\/bowling\/Competitions_Federales\/Individuels\/2013\/Championnat_Promotion\/LISTING_SPECIFIQUE_INDIVIDUELS_2013.zip\">Fichier Zip \u00e0 d\u00e9compresser<\/a><\/p>\n<p>Excel Version 97-2003 :\u00a0<a href=\"http:\/\/www.ffbsq.org\/bowling\/Competitions_Federales\/Individuels\/2013\/Championnat_Promotion\/EXC-97-2003_LISTING_SPECIFIQUE_INDIVIDUELS_2013.xls\">Fichier Excel<\/a>\u00a0&#8211;\u00a0<a href=\"http:\/\/www.ffbsq.org\/bowling\/Competitions_Federales\/Individuels\/2013\/Championnat_Promotion\/EXC-97-2003_LISTING_SPECIFIQUE_INDIVIDUELS_2013.zip\">Fichier Zip \u00e0 d\u00e9compresser<\/a><\/p>\n<\/div>\n<div>\u00a0<\/div>\n<div>\u00a0<\/div>\n<\/div>\n<\/div>\n<\/form>\n<\/div>\n","protected":false},"excerpt":{"rendered":"<p>Ces Championnats sont organis\u00e9s par les Comit\u00e9s D\u00e9partementaux de la Ligue Paca.\u00a0 &#8211; Ils auront lieu au Bowling de Martigues (13) Nice (06) Bandol (83) &#8211; Date et Horaire \u00a0: Samedi 21 Septembre 2013 &amp; Dimanche 22 Septembre 2013 &#8211; Date limite d&rsquo;inscription : jeudi 5 septembre 2013 \u00e0 20 h 00 \u00a0 Finales r\u00e9gionales les 30\/11 &amp; 1\/12\/2013 au<\/p>\n","protected":false},"author":4,"featured_media":0,"parent":0,"menu_order":0,"comment_status":"open","ping_status":"closed","template":"","meta":{"footnotes":""},"class_list":["post-5989","page","type-page","status-publish","hentry"],"_links":{"self":[{"href":"http:\/\/new.bowlingpaca.fr\/index.php?rest_route=\/wp\/v2\/pages\/5989","targetHints":{"allow":["GET"]}}],"collection":[{"href":"http:\/\/new.bowlingpaca.fr\/index.php?rest_route=\/wp\/v2\/pages"}],"about":[{"href":"http:\/\/new.bowlingpaca.fr\/index.php?rest_route=\/wp\/v2\/types\/page"}],"author":[{"embeddable":true,"href":"http:\/\/new.bowlingpaca.fr\/index.php?rest_route=\/wp\/v2\/users\/4"}],"replies":[{"embeddable":true,"href":"http:\/\/new.bowlingpaca.fr\/index.php?rest_route=%2Fwp%2Fv2%2Fcomments&post=5989"}],"version-history":[{"count":22,"href":"http:\/\/new.bowlingpaca.fr\/index.php?rest_route=\/wp\/v2\/pages\/5989\/revisions"}],"predecessor-version":[{"id":6814,"href":"http:\/\/new.bowlingpaca.fr\/index.php?rest_route=\/wp\/v2\/pages\/5989\/revisions\/6814"}],"wp:attachment":[{"href":"http:\/\/new.bowlingpaca.fr\/index.php?rest_route=%2Fwp%2Fv2%2Fmedia&parent=5989"}],"curies":[{"name":"wp","href":"https:\/\/api.w.org\/{rel}","templated":true}]}}