{"id":513,"date":"2011-10-03T05:00:48","date_gmt":"2011-10-03T05:00:48","guid":{"rendered":"http:\/\/news.bowlingpaca.fr\/?page_id=513"},"modified":"2011-10-04T07:18:30","modified_gmt":"2011-10-04T07:18:30","slug":"championnat-de-france-veterans","status":"publish","type":"page","link":"http:\/\/new.bowlingpaca.fr\/?page_id=513","title":{"rendered":"R\u00e9gionaux V\u00e9t\u00e9rans 2011"},"content":{"rendered":"<h1 style=\"text-align: center;\"><a href=\"http:\/\/rctbowling.fr\/wp-content\/uploads\/2011\/05\/maeva3.jpg\"><\/a><span style=\"text-decoration: underline;\"><span style=\"color: #ff0000;\">VETERANS\u00a02011<\/span><\/span><\/h1>\n<p style=\"text-align: justify;\">La cat\u00e9gorie est d\u00e9termin\u00e9e par l\u2019\u00e2ge atteint dans la saison sportive entre le 1<sup>er<\/sup> Janvier 2011 et le 31 D\u00e9cembre 2011. Elle est acquise sur l\u2019ensemble de la saison sportive.<\/p>\n<table border=\"1\" cellspacing=\"0\" cellpadding=\"0\" width=\"605\" align=\"center\">\n<tbody>\n<tr>\n<td width=\"140\" valign=\"top\"><strong>VETERAN 1<\/strong><\/td>\n<td width=\"288\" valign=\"top\">1<sup>er<\/sup> Janvier 1954 \u2013 31 D\u00e9cembre 1961<\/td>\n<td width=\"177\" valign=\"top\">50 ans \u00e0 57 ans<\/td>\n<\/tr>\n<tr>\n<td width=\"140\" valign=\"top\"><strong>VETERAN 2<\/strong><\/td>\n<td width=\"288\" valign=\"top\">1<sup> er<\/sup> Janvier 1947 \u2013 31 D\u00e9cembre 1953<\/td>\n<td width=\"177\" valign=\"top\">58 ans \u00e0 64 ans<\/td>\n<\/tr>\n<tr>\n<td width=\"140\" valign=\"top\"><strong>VETERAN 3<\/strong><\/td>\n<td width=\"288\" valign=\"top\">N\u00e9s avant le 1<sup>er<\/sup> Janvier \u00a01947<\/td>\n<td width=\"177\" valign=\"top\">65 ans et +<\/td>\n<\/tr>\n<\/tbody>\n<\/table>\n<p>&nbsp;<\/p>\n<h3 style=\"text-align: center;\"><span style=\"text-decoration: underline;\">Calendrier<\/span><\/h3>\n<h3 style=\"text-align: center;\"><span style=\"text-decoration: underline;\"><strong><span style=\"color: #ff0000;\">Phase R\u00e9gionale les 30\/09 &#8211; 1 &amp; 2\/10 au bowling de Toulon.<\/span><\/strong><\/span><\/h3>\n<p style=\"text-align: justify;\"><a href=\"http:\/\/news.bowlingpaca.fr\/wp-content\/uploads\/2011\/05\/pdf.gif\"><span style=\"color: #0000ff;\"><img loading=\"lazy\" decoding=\"async\" title=\"pdf\" src=\"http:\/\/news.bowlingpaca.fr\/wp-content\/uploads\/2011\/05\/pdf.gif\" alt=\"\" width=\"32\" height=\"32\" \/><\/span><\/a> <a href=\"http:\/\/news.bowlingpaca.fr\/wp-content\/uploads\/2011\/08\/REGFED_2011_Chpt-Fr-Veterans.pdf\"><span style=\"color: #0000ff;\">R\u00e8glement<\/span><\/a> <a href=\"http:\/\/news.bowlingpaca.fr\/wp-content\/uploads\/2011\/05\/pdf.gif\"><span style=\"color: #0000ff;\"><img loading=\"lazy\" decoding=\"async\" title=\"pdf\" src=\"http:\/\/news.bowlingpaca.fr\/wp-content\/uploads\/2011\/05\/pdf.gif\" alt=\"\" width=\"32\" height=\"32\" \/><\/span><\/a> <a href=\"http:\/\/news.bowlingpaca.fr\/wp-content\/uploads\/2011\/09\/R\u00e9partition_chpt_vet_2011.pdf\"><span style=\"color: #0000ff;\">Quotas Nationaux<\/span><\/a> <strong><a href=\"http:\/\/bowling.lexerbowling.com\/bowlingdeprovence\/championnatregionalveteranspaca\/\" target=\"_blank\"><span style=\"color: #339966;\">RESULTATS<\/span><\/a><\/strong><\/p>\n<p style=\"text-align: center;\"><span style=\"text-decoration: underline;\"><span style=\"color: #ff0000;\"><strong>Qualifi\u00e9s pour la finale nationale<\/strong><\/span><\/span><\/p>\n<p style=\"text-align: justify;\"><span style=\"text-decoration: underline;\">Dames V\u00e9t\u00e9rans 1<\/span><\/p>\n<p style=\"text-align: justify;\"><strong>1 DAVID Corine Quiho Six-Fours moyenne 189.58 &#8211; <\/strong>2 JEAN Chantal BC Aix en Pce &#8211; 3 ASSELOT Anne BC Baie des Anges<\/p>\n<p style=\"text-align: justify;\"><span style=\"text-decoration: underline;\">Dames V\u00e9t\u00e9rans 2<\/span><\/p>\n<p style=\"text-align: justify;\"><strong>1 MOTYL Jocelyne RCT Bowling La Valette moyenne 174.25<\/strong><\/p>\n<p style=\"text-align: justify;\"><span style=\"text-decoration: underline;\">Dames V\u00e9t\u00e9rans 3<\/span><\/p>\n<p style=\"text-align: justify;\"><strong>1 TAULEGNE Monique Quiho Six-Fours moyenne 181.83 &#8211; <\/strong>2 MAILLARD Sylvianne BC Aix en Pce<\/p>\n<p style=\"text-align: justify;\"><span style=\"text-decoration: underline;\">Hommes V\u00e9t\u00e9rans 1<\/span><\/p>\n<p style=\"text-align: justify;\"><strong>1 TAMBORSKI Francis RCT Bowling La Valette moyenne 207.58 &#8211; <\/strong>2 DESRUELLE Bruno BP Toulon &#8211; 3 DEBOISSY Thierry BP Toulon &#8211; 4 VARLET Alain ASBG Grimaud &#8211; 5 MESNARD Jean-Marc AVBP Bandol &#8211; 6 VIALA Alain BC Arles Camargue &#8211; 7 BELLOMO Yves ADEB Draguignan<\/p>\n<p style=\"text-align: justify;\"><span style=\"text-decoration: underline;\">Hommes V\u00e9t\u00e9rans 2<\/span><\/p>\n<p style=\"text-align: justify;\"><strong>1 MOTYL Serge RCT Bowling La Valette moyenne 196.50 &#8211; <\/strong>2 GENEST Claude Quiho Six-Fours &#8211; 3 VENON G\u00e9rard Nice C\u00f4te d\u2019Azur BC &#8211; 4 BOVA Jean-Claude Nice Acropolis &#8211; 5 LELLO Marcel BC AMF Nice<\/p>\n<p style=\"text-align: justify;\"><span style=\"text-decoration: underline;\">Hommes V\u00e9t\u00e9rans 3<\/span><\/p>\n<p style=\"text-align: justify;\"><strong>1 NAVARRO Jack RCT Bowling La Valette moyenne 196.67 &#8211; <\/strong>2 TURCHET Jean-Pierre BC Aix en Pce -3 BLONDEAU  Bernard ADEB Draguignan<\/p>\n<p style=\"text-align: justify;\">&nbsp;<\/p>\n<p style=\"text-align: center;\"><embed type=\"application\/x-shockwave-flash\" width=\"800\" height=\"533\" src=\"https:\/\/picasaweb.google.com\/s\/c\/bin\/slideshow.swf\" flashvars=\"host=picasaweb.google.com&amp;captions=1&amp;hl=fr&amp;feat=flashalbum&amp;RGB=0x000000&amp;feed=https%3A%2F%2Fpicasaweb.google.com%2Fdata%2Ffeed%2Fapi%2Fuser%2F114044975044663169627%2Falbumid%2F5659173740459813025%3Falt%3Drss%26kind%3Dphoto%26authkey%3DGv1sRgCKn4iOnp_vyRQQ%26hl%3Dfr\" pluginspage=\"http:\/\/www.macromedia.com\/go\/getflashplayer\"><\/embed><\/p>\n<h4 style=\"text-align: center;\"><em>Si vous avez d&rsquo;autres photos, je suis preneur <a href=\"mailto:motyljs@free.fr\">motyljs@free.fr<\/a> en particulier la photo des 6 vainqueurs<\/em><\/h4>\n<h2 style=\"text-align: center;\"><a title=\"CHAMPIONNAT DE FRANCE VETERANS 2011\" href=\"http:\/\/news.bowlingpaca.fr\/?page_id=1516\">Phase nationale<\/a><\/h2>\n<h3 style=\"text-align: center;\"><span style=\"text-decoration: underline;\"> <\/span><\/h3>\n","protected":false},"excerpt":{"rendered":"<p>VETERANS\u00a02011 La cat\u00e9gorie est d\u00e9termin\u00e9e par l\u2019\u00e2ge atteint dans la saison sportive entre le 1er Janvier 2011 et le 31 D\u00e9cembre 2011. Elle est acquise sur l\u2019ensemble de la saison sportive. VETERAN 1 1er Janvier 1954 \u2013 31 D\u00e9cembre 1961 50 ans \u00e0 57 ans VETERAN 2 1 er Janvier 1947 \u2013 31 D\u00e9cembre 1953 58 ans \u00e0 64 ans<\/p>\n","protected":false},"author":4,"featured_media":0,"parent":0,"menu_order":0,"comment_status":"open","ping_status":"open","template":"onecolumn-page.php","meta":{"footnotes":""},"class_list":["post-513","page","type-page","status-publish","hentry"],"_links":{"self":[{"href":"http:\/\/new.bowlingpaca.fr\/index.php?rest_route=\/wp\/v2\/pages\/513","targetHints":{"allow":["GET"]}}],"collection":[{"href":"http:\/\/new.bowlingpaca.fr\/index.php?rest_route=\/wp\/v2\/pages"}],"about":[{"href":"http:\/\/new.bowlingpaca.fr\/index.php?rest_route=\/wp\/v2\/types\/page"}],"author":[{"embeddable":true,"href":"http:\/\/new.bowlingpaca.fr\/index.php?rest_route=\/wp\/v2\/users\/4"}],"replies":[{"embeddable":true,"href":"http:\/\/new.bowlingpaca.fr\/index.php?rest_route=%2Fwp%2Fv2%2Fcomments&post=513"}],"version-history":[{"count":49,"href":"http:\/\/new.bowlingpaca.fr\/index.php?rest_route=\/wp\/v2\/pages\/513\/revisions"}],"predecessor-version":[{"id":1128,"href":"http:\/\/new.bowlingpaca.fr\/index.php?rest_route=\/wp\/v2\/pages\/513\/revisions\/1128"}],"wp:attachment":[{"href":"http:\/\/new.bowlingpaca.fr\/index.php?rest_route=%2Fwp%2Fv2%2Fmedia&parent=513"}],"curies":[{"name":"wp","href":"https:\/\/api.w.org\/{rel}","templated":true}]}}