{"id":31110,"date":"2025-10-21T18:53:11","date_gmt":"2025-10-21T16:53:11","guid":{"rendered":"http:\/\/new.bowlingpaca.fr\/?page_id=31110"},"modified":"2025-11-10T20:41:21","modified_gmt":"2025-11-10T18:41:21","slug":"cd83","status":"publish","type":"page","link":"http:\/\/new.bowlingpaca.fr\/?page_id=31110","title":{"rendered":"CD83 &#8211; VAR"},"content":{"rendered":"<table>\n<tbody>\n<tr>\n<td><a href=\"http:\/\/new.bowlingpaca.fr\/wp-content\/uploads\/2021\/01\/LOGO-CD83.png\"><img loading=\"lazy\" decoding=\"async\" class=\"wp-image-20148 aligncenter\" src=\"http:\/\/new.bowlingpaca.fr\/wp-content\/uploads\/2021\/01\/LOGO-CD83-300x272.png\" alt=\"\" width=\"231\" height=\"209\" srcset=\"http:\/\/new.bowlingpaca.fr\/wp-content\/uploads\/2021\/01\/LOGO-CD83-300x272.png 300w, http:\/\/new.bowlingpaca.fr\/wp-content\/uploads\/2021\/01\/LOGO-CD83.png 684w\" sizes=\"auto, (max-width: 231px) 100vw, 231px\" \/><\/a><\/td>\n<\/tr>\n<tr>\n<td>\n<h3>COMPOSITION DU BUREAU<\/h3>\n<p><strong>Pr\u00e9sident<\/strong> : Thomas PEPIN &#8211; pepin.thomas@neuf.fr<br \/>\nUST St Tropez &#8211; Licence n\u00b0 94 0073396<\/p>\n<p><strong>Vice-Pr\u00e9sidente<\/strong> : Corinne BAZIRE &#8211; corinne.bazire@wanadoo.fr<br \/>\nADEB Draguignan &#8211; Licence n\u00b0: 07 0093282<\/p>\n<p><strong>Secr\u00e9taire<\/strong> : Jean Paul DARRE &#8211; jpdarre@sfr.fr<br \/>\nUST St Tropez &#8211; Licence n\u00b0: 95 0041267<\/p>\n<p><strong>Tr\u00e9sori\u00e8re<\/strong> : Ren\u00e9e OBOJTEK &#8211; renee.obojtek@sfr.fr<br \/>\nUST St Tropez &#8211; Licence n\u00b0 : 93 0071647 (licence dirigeante)<\/p>\n<p><strong>Commission Arbitrage<\/strong> : Ren\u00e9 MATTEUCCI &#8211; matteucci.rene@wanadoo.fr<br \/>\nUST St Tropez &#8211; Licence n\u00b0 : 95 0079606<\/p>\n<p><strong>Organe de contr\u00f4le interne <\/strong>: Thierry BAZIRE &#8211; thierrybazire83@gmail.com<br \/>\nADEB Draguignan &#8211; Licence n\u00b0: 07 0093569<\/p>\n<p>&nbsp;<\/td>\n<\/tr>\n<\/tbody>\n<\/table>\n","protected":false},"excerpt":{"rendered":"<p>COMPOSITION DU BUREAU Pr\u00e9sident : Thomas PEPIN &#8211; pepin.thomas@neuf.fr UST St Tropez &#8211; Licence n\u00b0 94 0073396 Vice-Pr\u00e9sidente : Corinne BAZIRE &#8211; corinne.bazire@wanadoo.fr ADEB Draguignan &#8211; Licence n\u00b0: 07 0093282 Secr\u00e9taire : Jean Paul DARRE &#8211; jpdarre@sfr.fr UST St Tropez &#8211; Licence n\u00b0: 95 0041267 Tr\u00e9sori\u00e8re : Ren\u00e9e OBOJTEK &#8211; renee.obojtek@sfr.fr UST St Tropez &#8211; Licence n\u00b0 : 93 0071647<\/p>\n","protected":false},"author":275,"featured_media":0,"parent":0,"menu_order":0,"comment_status":"closed","ping_status":"closed","template":"","meta":{"footnotes":""},"class_list":["post-31110","page","type-page","status-publish","hentry"],"_links":{"self":[{"href":"http:\/\/new.bowlingpaca.fr\/index.php?rest_route=\/wp\/v2\/pages\/31110","targetHints":{"allow":["GET"]}}],"collection":[{"href":"http:\/\/new.bowlingpaca.fr\/index.php?rest_route=\/wp\/v2\/pages"}],"about":[{"href":"http:\/\/new.bowlingpaca.fr\/index.php?rest_route=\/wp\/v2\/types\/page"}],"author":[{"embeddable":true,"href":"http:\/\/new.bowlingpaca.fr\/index.php?rest_route=\/wp\/v2\/users\/275"}],"replies":[{"embeddable":true,"href":"http:\/\/new.bowlingpaca.fr\/index.php?rest_route=%2Fwp%2Fv2%2Fcomments&post=31110"}],"version-history":[{"count":5,"href":"http:\/\/new.bowlingpaca.fr\/index.php?rest_route=\/wp\/v2\/pages\/31110\/revisions"}],"predecessor-version":[{"id":31290,"href":"http:\/\/new.bowlingpaca.fr\/index.php?rest_route=\/wp\/v2\/pages\/31110\/revisions\/31290"}],"wp:attachment":[{"href":"http:\/\/new.bowlingpaca.fr\/index.php?rest_route=%2Fwp%2Fv2%2Fmedia&parent=31110"}],"curies":[{"name":"wp","href":"https:\/\/api.w.org\/{rel}","templated":true}]}}