{"id":30862,"date":"2025-09-24T12:37:59","date_gmt":"2025-09-24T10:37:59","guid":{"rendered":"http:\/\/new.bowlingpaca.fr\/?page_id=30862"},"modified":"2025-10-05T23:44:24","modified_gmt":"2025-10-05T21:44:24","slug":"challenge-departemental-des-alpes-maritimes","status":"publish","type":"page","link":"http:\/\/new.bowlingpaca.fr\/?page_id=30862","title":{"rendered":"CHALLENGE D\u00c9PARTEMENTAL DES ALPES MARITIMES 2025-2026"},"content":{"rendered":"<table style=\"border-collapse: collapse; width: 100%;\">\n<tbody>\n<tr>\n<td style=\"width: 100%; background-color: #0078ba;\"><img loading=\"lazy\" decoding=\"async\" class=\" wp-image-30867 aligncenter\" src=\"http:\/\/new.bowlingpaca.fr\/wp-content\/uploads\/2025\/09\/LOGO-CD06-262x300.jpg\" alt=\"\" width=\"130\" height=\"149\" srcset=\"http:\/\/new.bowlingpaca.fr\/wp-content\/uploads\/2025\/09\/LOGO-CD06-262x300.jpg 262w, http:\/\/new.bowlingpaca.fr\/wp-content\/uploads\/2025\/09\/LOGO-CD06-768x879.jpg 768w, http:\/\/new.bowlingpaca.fr\/wp-content\/uploads\/2025\/09\/LOGO-CD06.jpg 822w\" sizes=\"auto, (max-width: 130px) 100vw, 130px\" \/><\/td>\n<\/tr>\n<\/tbody>\n<\/table>\n<p><span style=\"font-size: 14pt;\">Le Comit\u00e9 d\u00e9partemental des Alpes Maritimes a le plaisir de vous annoncer la reprise de son Challenge.<\/span><span style=\"font-size: 14pt;\">Il reste sensiblement dans la m\u00eame formule que celle que vous connaissiez.<\/span><span style=\"font-size: 14pt;\">Il est ouvert aux 10 premi\u00e8res \u00e9quipes qui s&rsquo;inscriront via un bulletin d&rsquo;inscription en ligne (ci-dessous), nous pourrons \u00e9ventuellement aller jusqu&rsquo;\u00e0 11 et\/ou 12 \u00e9quipes.<\/span><\/p>\n<p><span style=\"font-size: 14pt;\">Priorit\u00e9 est donn\u00e9e aux \u00e9quipes du d\u00e9partement des ALPES MARITIMES.<\/span><\/p>\n<ul>\n<li style=\"list-style-type: none;\">\n<ul>\n<li><span style=\"font-family: arial, helvetica, sans-serif; font-size: 14pt;\"><b>TRIPLETTES, HP <img loading=\"lazy\" decoding=\"async\" class=\"alignnone wp-image-29334\" src=\"http:\/\/new.bowlingpaca.fr\/wp-content\/uploads\/2025\/02\/HDP70-300x225.jpg\" alt=\"\" width=\"63\" height=\"47\" srcset=\"http:\/\/new.bowlingpaca.fr\/wp-content\/uploads\/2025\/02\/HDP70-300x225.jpg 300w, http:\/\/new.bowlingpaca.fr\/wp-content\/uploads\/2025\/02\/HDP70.jpg 471w\" sizes=\"auto, (max-width: 63px) 100vw, 63px\" \/><\/b><\/span>\n<div><span style=\"font-family: arial, helvetica, sans-serif; font-size: 14pt;\"><b>* <\/b>9\u00a0 MATCHS PETERSEN sur 4 lignes AVEC ATTRIBUTION DE POINTS<\/span><\/div>\n<div><span style=\"font-family: arial, helvetica, sans-serif; font-size: 14pt;\">* priorit\u00e9 aux \u00e9quipes du d\u00e9partement des AM<\/span><\/div>\n<div><span style=\"font-family: arial, helvetica, sans-serif; font-size: 14pt;\">* 5 joueuses, joueurs maximum par \u00e9quipe<\/span><\/div>\n<\/li>\n<li><a href=\"http:\/\/new.bowlingpaca.fr\/wp-content\/uploads\/2025\/10\/challenge-CD06_-2025-2026-10_QRcode.pdf\" target=\"_blank\" rel=\"noopener\"><span style=\"font-size: 18pt;\"><span style=\"color: #0000ff;\">R\u00c8GLEMENT<\/span><\/span><\/a><\/li>\n<\/ul>\n<\/li>\n<\/ul>\n<table style=\"border-collapse: collapse; width: 40.9709%;\">\n<tbody>\n<tr>\n<td style=\"width: 100%;\"><img loading=\"lazy\" decoding=\"async\" class=\"size-medium wp-image-30945 aligncenter\" src=\"http:\/\/new.bowlingpaca.fr\/wp-content\/uploads\/2025\/10\/Capture-decran-2025-10-05-233638-300x230.png\" alt=\"\" width=\"300\" height=\"230\" \/><\/td>\n<\/tr>\n<\/tbody>\n<\/table>\n<p><span style=\"font-size: 14pt; color: #ff0000; font-family: verdana, geneva, sans-serif;\"><strong>DATE LIMITE le 27 octobre si 10 \u00e9quipes inscrites, le challenge d\u00e9buterait le 6 novembre.\u00a0<\/strong><\/span><\/p>\n<table style=\"border-collapse: collapse; width: 100%;\">\n<tbody>\n<tr>\n<td style=\"width: 33.3333%;\"><a href=\"https:\/\/docs.google.com\/forms\/d\/e\/1FAIpQLSd1PsMF4K_H-qSJBh1GCHd_Jp55lMrFaEO3LqR2QGjujgMPLQ\/viewform\" target=\"_blank\" rel=\"noopener\"><img loading=\"lazy\" decoding=\"async\" class=\"alignnone wp-image-30865\" src=\"http:\/\/new.bowlingpaca.fr\/wp-content\/uploads\/2025\/09\/bouton-inscription21-300x125.jpg\" alt=\"\" width=\"300\" height=\"125\" srcset=\"http:\/\/new.bowlingpaca.fr\/wp-content\/uploads\/2025\/09\/bouton-inscription21-300x125.jpg 300w, http:\/\/new.bowlingpaca.fr\/wp-content\/uploads\/2025\/09\/bouton-inscription21.jpg 350w\" sizes=\"auto, (max-width: 300px) 100vw, 300px\" \/><\/a><\/td>\n<td style=\"width: 33.3333%;\"><a href=\"https:\/\/docs.google.com\/spreadsheets\/d\/1oan0Q_QccHxvkHe6S8Y6f6BKs2RtDEjTOUurQbNfuH4\/edit?usp=sharing\" target=\"_blank\" rel=\"noopener\"><img loading=\"lazy\" decoding=\"async\" class=\"alignnone wp-image-17413 size-full\" src=\"http:\/\/new.bowlingpaca.fr\/wp-content\/uploads\/2019\/10\/liste-des-inscrits..jpg\" alt=\"\" width=\"283\" height=\"54\" \/><\/a><\/td>\n<td style=\"width: 33.3333%;\"><img loading=\"lazy\" decoding=\"async\" class=\"alignnone wp-image-17655\" src=\"http:\/\/new.bowlingpaca.fr\/wp-content\/uploads\/2019\/11\/Les-r\u00e9sultats-e1616411722108.png\" alt=\"\" width=\"250\" height=\"70\" \/><\/td>\n<\/tr>\n<\/tbody>\n<\/table>\n<p>&nbsp;<\/p>\n","protected":false},"excerpt":{"rendered":"<p>Le Comit\u00e9 d\u00e9partemental des Alpes Maritimes a le plaisir de vous annoncer la reprise de son Challenge.Il reste sensiblement dans la m\u00eame formule que celle que vous connaissiez.Il est ouvert aux 10 premi\u00e8res \u00e9quipes qui s&rsquo;inscriront via un bulletin d&rsquo;inscription en ligne (ci-dessous), nous pourrons \u00e9ventuellement aller jusqu&rsquo;\u00e0 11 et\/ou 12 \u00e9quipes. Priorit\u00e9 est donn\u00e9e aux \u00e9quipes du d\u00e9partement des<\/p>\n","protected":false},"author":275,"featured_media":0,"parent":0,"menu_order":0,"comment_status":"closed","ping_status":"closed","template":"template-fullwidth.php","meta":{"footnotes":""},"class_list":["post-30862","page","type-page","status-publish","hentry"],"_links":{"self":[{"href":"http:\/\/new.bowlingpaca.fr\/index.php?rest_route=\/wp\/v2\/pages\/30862","targetHints":{"allow":["GET"]}}],"collection":[{"href":"http:\/\/new.bowlingpaca.fr\/index.php?rest_route=\/wp\/v2\/pages"}],"about":[{"href":"http:\/\/new.bowlingpaca.fr\/index.php?rest_route=\/wp\/v2\/types\/page"}],"author":[{"embeddable":true,"href":"http:\/\/new.bowlingpaca.fr\/index.php?rest_route=\/wp\/v2\/users\/275"}],"replies":[{"embeddable":true,"href":"http:\/\/new.bowlingpaca.fr\/index.php?rest_route=%2Fwp%2Fv2%2Fcomments&post=30862"}],"version-history":[{"count":27,"href":"http:\/\/new.bowlingpaca.fr\/index.php?rest_route=\/wp\/v2\/pages\/30862\/revisions"}],"predecessor-version":[{"id":30950,"href":"http:\/\/new.bowlingpaca.fr\/index.php?rest_route=\/wp\/v2\/pages\/30862\/revisions\/30950"}],"wp:attachment":[{"href":"http:\/\/new.bowlingpaca.fr\/index.php?rest_route=%2Fwp%2Fv2%2Fmedia&parent=30862"}],"curies":[{"name":"wp","href":"https:\/\/api.w.org\/{rel}","templated":true}]}}