{"id":30302,"date":"2025-06-15T10:53:22","date_gmt":"2025-06-15T08:53:22","guid":{"rendered":"http:\/\/new.bowlingpaca.fr\/?page_id=30302"},"modified":"2025-06-15T10:53:22","modified_gmt":"2025-06-15T08:53:22","slug":"saison-2025-2026","status":"publish","type":"page","link":"http:\/\/new.bowlingpaca.fr\/?page_id=30302","title":{"rendered":"SAISON 2025-2026"},"content":{"rendered":"<table style=\"border-collapse: collapse; width: 100%;\">\n<tbody>\n<tr>\n<td style=\"width: 100%; background-color: #fff000;\"><span style=\"color: #ff0000;\"><a style=\"color: #ff0000;\" href=\"https:\/\/www.ffbsq.fr\/_ffbsq\/CNB\/calendrier\/2026\/2025-2026_Circulaire-des-Comp%C3%A9titions-Homologu%C3%A9es_V%2018-03-2025.pdf\" target=\"_blank\" rel=\"noopener\"><span style=\"font-size: 18pt;\">CIRCULAIRE COMP\u00c9TITIONS 2025\/20<\/span><span style=\"font-size: 18pt;\">26<\/span><\/a><\/span><\/td>\n<\/tr>\n<\/tbody>\n<\/table>\n<table style=\"border-collapse: collapse; width: 100.286%; height: 243px;\">\n<tbody>\n<tr>\n<td style=\"width: 100%; background-color: #f7f7ed;\"><span style=\"font-size: 14pt;\"><span style=\"color: #ff0000;\">1.5.3.1 Nombre de parties n\u00e9cessaire \u00e0 la prise en compte de la moyenne<\/span><\/span><strong><span style=\"font-size: 14pt;\"><br \/>\n<\/span><\/strong><\/p>\n<table style=\"border-collapse: collapse; width: 100%;\">\n<tbody>\n<tr style=\"background-color: #fff999;\">\n<td style=\"width: 16.6667%;\"><span style=\"font-size: 12pt;\">Cat AGE<\/span><\/td>\n<td style=\"width: 16.6667%;\"><span style=\"font-size: 12pt;\">nb MIN parties<\/span><\/td>\n<td style=\"width: 16.6667%;\"><span style=\"font-size: 12pt;\">Index HOMME\u00a0\u00bbP\u00a0\u00bb<\/span><\/td>\n<td style=\"width: 16.6667%;\"><span style=\"font-size: 12pt;\">Index hommes \u00ab\u00a0NON P \u00ab\u00a0<\/span><\/td>\n<td style=\"width: 16.6667%;\"><span style=\"font-size: 12pt;\">Index Dames \u00ab\u00a0P\u00a0\u00bb<\/span><\/td>\n<td style=\"width: 16.6667%;\"><span style=\"font-size: 12pt;\">Index Dames \u00a0\u00bb NON P\u00a0\u00bb<\/span><\/td>\n<\/tr>\n<tr>\n<td style=\"width: 16.6667%;\"><span style=\"font-size: 12pt;\">SC<\/span><\/td>\n<td style=\"width: 16.6667%;\"><span style=\"font-size: 12pt;\">24<\/span><\/td>\n<td style=\"width: 16.6667%;\"><span style=\"font-size: 12pt;\">150<\/span><\/td>\n<td style=\"width: 16.6667%;\"><span style=\"font-size: 12pt;\">194<\/span><\/td>\n<td style=\"width: 16.6667%;\"><span style=\"font-size: 12pt;\">135<\/span><\/td>\n<td style=\"width: 16.6667%;\"><span style=\"font-size: 12pt;\">179<\/span><\/td>\n<\/tr>\n<tr>\n<td style=\"width: 16.6667%;\"><span style=\"font-size: 12pt;\">SB<\/span><\/td>\n<td style=\"width: 16.6667%;\"><span style=\"font-size: 12pt;\">24<\/span><\/td>\n<td style=\"width: 16.6667%;\"><span style=\"font-size: 12pt;\">150<\/span><\/td>\n<td style=\"width: 16.6667%;\"><span style=\"font-size: 12pt;\">194<\/span><\/td>\n<td style=\"width: 16.6667%;\"><span style=\"font-size: 12pt;\">135<\/span><\/td>\n<td style=\"width: 16.6667%;\"><span style=\"font-size: 12pt;\">179<\/span><\/td>\n<\/tr>\n<tr>\n<td style=\"width: 16.6667%;\"><span style=\"font-size: 12pt;\">SA<\/span><\/td>\n<td style=\"width: 16.6667%;\"><span style=\"font-size: 12pt;\">24<\/span><\/td>\n<td style=\"width: 16.6667%;\"><span style=\"font-size: 12pt;\">150<\/span><\/td>\n<td style=\"width: 16.6667%;\"><span style=\"font-size: 12pt;\">194<\/span><\/td>\n<td style=\"width: 16.6667%;\"><span style=\"font-size: 12pt;\">135<\/span><\/td>\n<td style=\"width: 16.6667%;\"><span style=\"font-size: 12pt;\">179<\/span><\/td>\n<\/tr>\n<tr>\n<td style=\"width: 16.6667%;\"><span style=\"font-size: 12pt;\">SE<\/span><\/td>\n<td style=\"width: 16.6667%;\"><span style=\"font-size: 12pt;\">24<\/span><\/td>\n<td style=\"width: 16.6667%;\"><span style=\"font-size: 12pt;\">150<\/span><\/td>\n<td style=\"width: 16.6667%;\"><span style=\"font-size: 12pt;\">194<\/span><\/td>\n<td style=\"width: 16.6667%;\"><span style=\"font-size: 12pt;\">135<\/span><\/td>\n<td style=\"width: 16.6667%;\"><span style=\"font-size: 12pt;\">179<\/span><\/td>\n<\/tr>\n<tr>\n<td style=\"width: 16.6667%;\"><span style=\"font-size: 12pt;\">JU<\/span><\/td>\n<td style=\"width: 16.6667%;\"><span style=\"font-size: 12pt;\">24<\/span><\/td>\n<td style=\"width: 16.6667%;\"><span style=\"font-size: 12pt;\">150<\/span><\/td>\n<td style=\"width: 16.6667%;\"><span style=\"font-size: 12pt;\">194<\/span><\/td>\n<td style=\"width: 16.6667%;\"><span style=\"font-size: 12pt;\">135<\/span><\/td>\n<td style=\"width: 16.6667%;\"><span style=\"font-size: 12pt;\">179<\/span><\/td>\n<\/tr>\n<tr>\n<td style=\"width: 16.6667%;\"><span style=\"font-size: 12pt;\">CA<\/span><\/td>\n<td style=\"width: 16.6667%;\"><span style=\"font-size: 12pt;\">20<\/span><\/td>\n<td style=\"width: 16.6667%;\"><span style=\"font-size: 12pt;\">150<\/span><\/td>\n<td style=\"width: 16.6667%;\"><span style=\"font-size: 12pt;\">180<\/span><\/td>\n<td style=\"width: 16.6667%;\"><span style=\"font-size: 12pt;\">135<\/span><\/td>\n<td style=\"width: 16.6667%;\"><span style=\"font-size: 12pt;\">165<\/span><\/td>\n<\/tr>\n<tr>\n<td style=\"width: 16.6667%;\"><span style=\"font-size: 12pt;\">MI<\/span><\/td>\n<td style=\"width: 16.6667%;\"><span style=\"font-size: 12pt;\">18<\/span><\/td>\n<td style=\"width: 16.6667%;\"><span style=\"font-size: 12pt;\">150<\/span><\/td>\n<td style=\"width: 16.6667%;\"><span style=\"font-size: 12pt;\">160<\/span><\/td>\n<td style=\"width: 16.6667%;\"><span style=\"font-size: 12pt;\">135<\/span><\/td>\n<td style=\"width: 16.6667%;\"><span style=\"font-size: 12pt;\">145<\/span><\/td>\n<\/tr>\n<tr>\n<td style=\"width: 16.6667%;\"><span style=\"font-size: 12pt;\">BJ<\/span><\/td>\n<td style=\"width: 16.6667%;\"><span style=\"font-size: 12pt;\">12<\/span><\/td>\n<td style=\"width: 16.6667%;\"><span style=\"font-size: 12pt;\">140<\/span><\/td>\n<td style=\"width: 16.6667%;\"><span style=\"font-size: 12pt;\">140<\/span><\/td>\n<td style=\"width: 16.6667%;\"><span style=\"font-size: 12pt;\">125<\/span><\/td>\n<td style=\"width: 16.6667%;\"><span style=\"font-size: 12pt;\">125<\/span><\/td>\n<\/tr>\n<tr>\n<td style=\"width: 16.6667%;\"><span style=\"font-size: 12pt;\">MI<\/span><\/td>\n<td style=\"width: 16.6667%;\"><span style=\"font-size: 12pt;\">8<\/span><\/td>\n<td style=\"width: 16.6667%;\"><span style=\"font-size: 12pt;\">120<\/span><\/td>\n<td style=\"width: 16.6667%;\"><span style=\"font-size: 12pt;\">120<\/span><\/td>\n<td style=\"width: 16.6667%;\"><span style=\"font-size: 12pt;\">105<\/span><\/td>\n<td style=\"width: 16.6667%;\"><span style=\"font-size: 12pt;\">105<\/span><\/td>\n<\/tr>\n<\/tbody>\n<\/table>\n<p><span style=\"color: #000000; font-size: 14pt;\"><strong><span style=\"color: #ff0000;\">1.5.3.2<\/span> <\/strong>Joueurs FFBSQ<span style=\"color: #ff0000;\"> pr\u00e9sents dans la liste journali\u00e8re<\/span> et n\u2019apparaissant pas au listing<\/span><\/p>\n<p><span style=\"font-size: 12pt;\">La moyenne d\u2019un(e) joueur(se) n\u2019apparaissant pas au listing applicable est :<\/span><br \/>\n<span style=\"font-size: 12pt;\">&#8211; Pour un(e) licenci\u00e9(e) de nationalit\u00e9 fran\u00e7aise en 1\u00e8re ann\u00e9e : voir Index \u00ab P \u00bb ci-dessus<\/span><br \/>\n<span style=\"font-size: 12pt;\">&#8211; Pour les autres licenci\u00e9(e)s : voir Index \u00ab non P \u00bb ci-dessus<\/span><br \/>\n<span style=\"font-size: 12pt;\">&#8211; Pour les licenci\u00e9(e)s en possession d\u2019une attestation, la moyenne figurant sur celle-ci sera retenue.<\/span><\/td>\n<\/tr>\n<\/tbody>\n<\/table>\n<table style=\"border-collapse: collapse; width: 100%;\">\n<tbody>\n<tr>\n<td style=\"width: 100%; background-color: #f7f7ed;\">\n<table style=\"border-collapse: collapse; width: 100%;\">\n<tbody>\n<tr>\n<td style=\"width: 100%; background-color: #fff999;\"><span style=\"font-size: 14pt;\">CAT\u00c9GORIES DE MOYENNE<\/span><\/td>\n<\/tr>\n<\/tbody>\n<\/table>\n<p><span style=\"font-size: 14pt;\">HONNEUR: HOMME &lt; 180\u00a0 &#8211; <span style=\"color: #ff0000;\">DAMES &lt; 165<\/span><\/span><\/p>\n<p><span style=\"font-size: 14pt;\">EXCELLENCE:\u00a0 HOMME &gt;= 180 et&lt; 195\u00a0 &#8211; <span style=\"color: #ff0000;\">DAMES &gt;= 165 et &lt; 180<\/span><\/span><\/p>\n<p><span style=\"font-size: 14pt;\">ELITE: HOMME &gt;=195 &#8211; <span style=\"color: #ff0000;\">DAMES &gt;=180<\/span><\/span><\/td>\n<\/tr>\n<\/tbody>\n<\/table>\n<table style=\"border-collapse: collapse; width: 100%; height: 26px;\">\n<tbody>\n<tr style=\"height: 26px;\">\n<td style=\"width: 100%; background-color: #fff999; height: 26px;\"><span style=\"font-size: 14pt; color: #000080;\">CAT\u00c9GORIES D&rsquo;\u00c2GES JEUNES et SENIORS+\u00a0<\/span><\/td>\n<\/tr>\n<\/tbody>\n<\/table>\n<table style=\"border-collapse: collapse; width: 100%;\">\n<tbody>\n<tr>\n<td style=\"width: 50%; background-color: #f7f7ed;\"><a href=\"http:\/\/new.bowlingpaca.fr\/wp-content\/uploads\/2025\/06\/CAT-AGE-JEUNES-2025-2026.jpg\" target=\"_blank\" rel=\"noopener\"><img loading=\"lazy\" decoding=\"async\" class=\"wp-image-30305 size-medium aligncenter\" src=\"http:\/\/new.bowlingpaca.fr\/wp-content\/uploads\/2025\/06\/CAT-AGE-JEUNES-2025-2026-300x225.jpg\" alt=\"\" width=\"300\" height=\"225\" srcset=\"http:\/\/new.bowlingpaca.fr\/wp-content\/uploads\/2025\/06\/CAT-AGE-JEUNES-2025-2026-300x225.jpg 300w, http:\/\/new.bowlingpaca.fr\/wp-content\/uploads\/2025\/06\/CAT-AGE-JEUNES-2025-2026-1024x768.jpg 1024w, http:\/\/new.bowlingpaca.fr\/wp-content\/uploads\/2025\/06\/CAT-AGE-JEUNES-2025-2026-768x576.jpg 768w, http:\/\/new.bowlingpaca.fr\/wp-content\/uploads\/2025\/06\/CAT-AGE-JEUNES-2025-2026.jpg 1333w\" sizes=\"auto, (max-width: 300px) 100vw, 300px\" \/><\/a><\/td>\n<td style=\"width: 50%; background-color: #f7f7ed;\"><a href=\"http:\/\/new.bowlingpaca.fr\/wp-content\/uploads\/2025\/06\/CAT-AGE-SENIOR-2025-2026.jpg\" target=\"_blank\" rel=\"noopener\"><img loading=\"lazy\" decoding=\"async\" class=\"wp-image-30306 size-medium aligncenter\" src=\"http:\/\/new.bowlingpaca.fr\/wp-content\/uploads\/2025\/06\/CAT-AGE-SENIOR-2025-2026-300x234.jpg\" alt=\"\" width=\"300\" height=\"234\" srcset=\"http:\/\/new.bowlingpaca.fr\/wp-content\/uploads\/2025\/06\/CAT-AGE-SENIOR-2025-2026-300x234.jpg 300w, http:\/\/new.bowlingpaca.fr\/wp-content\/uploads\/2025\/06\/CAT-AGE-SENIOR-2025-2026-1024x799.jpg 1024w, http:\/\/new.bowlingpaca.fr\/wp-content\/uploads\/2025\/06\/CAT-AGE-SENIOR-2025-2026-768x599.jpg 768w, http:\/\/new.bowlingpaca.fr\/wp-content\/uploads\/2025\/06\/CAT-AGE-SENIOR-2025-2026.jpg 1200w\" sizes=\"auto, (max-width: 300px) 100vw, 300px\" \/><\/a><\/td>\n<\/tr>\n<\/tbody>\n<\/table>\n<p>&nbsp;<\/p>\n","protected":false},"excerpt":{"rendered":"<p>CIRCULAIRE COMP\u00c9TITIONS 2025\/2026 1.5.3.1 Nombre de parties n\u00e9cessaire \u00e0 la prise en compte de la moyenne Cat AGE nb MIN parties Index HOMME\u00a0\u00bbP\u00a0\u00bb Index hommes \u00ab\u00a0NON P \u00ab\u00a0 Index Dames \u00ab\u00a0P\u00a0\u00bb Index Dames \u00a0\u00bb NON P\u00a0\u00bb SC 24 150 194 135 179 SB 24 150 194 135 179 SA 24 150 194 135 179 SE 24 150 194 135 179<\/p>\n","protected":false},"author":275,"featured_media":0,"parent":0,"menu_order":0,"comment_status":"closed","ping_status":"closed","template":"template-fullwidth.php","meta":{"footnotes":""},"class_list":["post-30302","page","type-page","status-publish","hentry"],"_links":{"self":[{"href":"http:\/\/new.bowlingpaca.fr\/index.php?rest_route=\/wp\/v2\/pages\/30302","targetHints":{"allow":["GET"]}}],"collection":[{"href":"http:\/\/new.bowlingpaca.fr\/index.php?rest_route=\/wp\/v2\/pages"}],"about":[{"href":"http:\/\/new.bowlingpaca.fr\/index.php?rest_route=\/wp\/v2\/types\/page"}],"author":[{"embeddable":true,"href":"http:\/\/new.bowlingpaca.fr\/index.php?rest_route=\/wp\/v2\/users\/275"}],"replies":[{"embeddable":true,"href":"http:\/\/new.bowlingpaca.fr\/index.php?rest_route=%2Fwp%2Fv2%2Fcomments&post=30302"}],"version-history":[{"count":10,"href":"http:\/\/new.bowlingpaca.fr\/index.php?rest_route=\/wp\/v2\/pages\/30302\/revisions"}],"predecessor-version":[{"id":30314,"href":"http:\/\/new.bowlingpaca.fr\/index.php?rest_route=\/wp\/v2\/pages\/30302\/revisions\/30314"}],"wp:attachment":[{"href":"http:\/\/new.bowlingpaca.fr\/index.php?rest_route=%2Fwp%2Fv2%2Fmedia&parent=30302"}],"curies":[{"name":"wp","href":"https:\/\/api.w.org\/{rel}","templated":true}]}}