{"id":20986,"date":"2022-04-03T15:50:18","date_gmt":"2022-04-03T13:50:18","guid":{"rendered":"http:\/\/new.bowlingpaca.fr\/?page_id=20986"},"modified":"2022-04-08T12:47:58","modified_gmt":"2022-04-08T10:47:58","slug":"championnat-de-france-des-clubs","status":"publish","type":"page","link":"http:\/\/new.bowlingpaca.fr\/?page_id=20986","title":{"rendered":"Championnat des Clubs Nationaux <-"},"content":{"rendered":"<p><em><span style=\"font-size: 18pt; font-family: arial, helvetica, sans-serif;\"><img loading=\"lazy\" decoding=\"async\" class=\"aligncenter\" src=\"https:\/\/ffbsq.fr\/medias\/articles\/desktop-picture-20210903161512.png\" alt=\"\" width=\"363\" height=\"61\" \/><\/span><\/em><\/p>\n<table style=\"border-collapse: collapse; width: 100%; height: 487px;\">\n<thead>\n<tr style=\"border-style: double; background-color: #408bed;\">\n<td style=\"width: 30.0199%; height: 27px;\"><span style=\"font-size: 14pt; color: #ff0000;\"><strong>R\u00e8glements<\/strong><\/span><\/td>\n<td style=\"width: 31.1643%; text-align: center; height: 27px;\" colspan=\"2\"><span style=\"font-size: 14pt; color: #ff0000;\"><a style=\"color: #ff0000;\" href=\"https:\/\/www.ffbsq.fr\/_ffbsq\/CNB\/REG_FED\/2022\/REGFED_2022_Championnats-de-France-Clubs-Dames.pdf\" target=\"_blank\" rel=\"noopener\">DAMES<\/a><\/span><\/td>\n<td style=\"width: 42.2369%; text-align: center; height: 27px;\" colspan=\"2\"><span style=\"font-size: 14pt; color: #ff0000;\"><a style=\"color: #ff0000;\" href=\"https:\/\/www.ffbsq.fr\/_ffbsq\/CNB\/REG_FED\/2022\/REGFED_2022_Championnats-de-France-Clubs-Hommes.pdf\" target=\"_blank\" rel=\"noopener\">HOMMES<\/a><\/span><\/td>\n<\/tr>\n<\/thead>\n<tbody>\n<tr style=\"border-style: none;\">\n<td style=\"height: 97px; width: 30.0199%;\" rowspan=\"4\"><span style=\"font-size: 14pt; font-family: arial, helvetica, sans-serif; color: #ff0000;\">CALENDRIER<\/span><br \/>\n<span style=\"font-size: 14pt; color: #ff0000;\"><span style=\"font-family: arial, helvetica, sans-serif;\"><br \/>\n<\/span><span style=\"font-family: arial, helvetica, sans-serif;\"><br \/>\n<\/span><span style=\"font-family: arial, helvetica, sans-serif;\"><br \/>\n<\/span><\/span><\/td>\n<td style=\"width: 73.4012%; text-align: left; height: 24px;\" colspan=\"4\"><span style=\"font-size: 14pt; font-family: arial, helvetica, sans-serif; color: #ff0000;\">J1 &#8211; 9 et 10 octobre 2021<\/span><\/td>\n<\/tr>\n<tr style=\"border-style: none;\">\n<td style=\"width: 73.4012%; text-align: left; height: 24px;\" colspan=\"4\"><span style=\"font-size: 14pt; font-family: arial, helvetica, sans-serif; color: #ff0000;\">J2 &#8211; 2 et 3 avril 2022<\/span><\/td>\n<\/tr>\n<tr style=\"border-style: none;\">\n<td style=\"text-align: left; height: 24px; width: 73.4012%;\" colspan=\"4\"><span style=\"font-size: 14pt; font-family: arial, helvetica, sans-serif; color: #ff0000;\">J3 &#8211; 21 et 22 MAI 2022<\/span><\/td>\n<\/tr>\n<tr style=\"height: 25px;\">\n<td style=\"width: 73.4012%; text-align: left; height: 25px;\" colspan=\"4\"><span style=\"font-size: 14pt; color: #ff0000;\"><a style=\"color: #ff0000;\" href=\"https:\/\/www.ffbsq.fr\/_ffbsq\/CNB\/HUILAGE%202020\/CDC2021-2022-HUILAGES-N1.pdf\" target=\"_blank\" rel=\"noopener\">HUILAGE N1<\/a><span style=\"font-family: arial, helvetica, sans-serif;\"><br \/>\n<\/span><\/span><\/td>\n<\/tr>\n<tr style=\"background-color: #408bed; border-style: double;\">\n<td style=\"width: 30.0199%; height: 48px;\"><span style=\"font-size: 14pt; color: #ff0000;\"><strong><span style=\"font-family: arial, helvetica, sans-serif;\">LIEUX<\/span><\/strong><\/span><\/td>\n<td style=\"width: 13.138%; height: 48px;\"><span style=\"font-size: 14pt; color: #ff0000;\"><strong><span style=\"font-family: arial, helvetica, sans-serif;\">N2A DAMES<\/span><\/strong><\/span><\/td>\n<td style=\"width: 18.0263%; height: 48px;\"><span style=\"font-size: 14pt; color: #ff0000;\"><strong><span style=\"font-family: arial, helvetica, sans-serif;\">N3A DAMES<\/span><\/strong><\/span><\/td>\n<td style=\"width: 18.8158%; height: 48px;\"><span style=\"font-size: 14pt; color: #ff0000;\"><strong><span style=\"font-family: arial, helvetica, sans-serif;\">N2A HOMMES<\/span><\/strong><\/span><\/td>\n<td style=\"width: 23.4211%; height: 48px;\"><span style=\"font-size: 14pt; color: #ff0000;\"><strong><span style=\"font-family: arial, helvetica, sans-serif;\">N3G HOMMES<\/span><\/strong><\/span><\/td>\n<\/tr>\n<tr style=\"background-color: #e4edf0;\">\n<td style=\"width: 30.0199%; height: 51px;\"><span style=\"color: #ff0000; font-family: arial, helvetica, sans-serif; font-size: 14pt;\"><strong>J1<\/strong><\/span><\/td>\n<td style=\"width: 13.138%; height: 51px;\"><span style=\"font-family: arial, helvetica, sans-serif; font-size: 14pt; color: #ff0000;\">FONTAINE LE COMTE<\/span><\/td>\n<td style=\"width: 18.0263%; height: 51px;\"><span style=\"font-family: arial, helvetica, sans-serif; font-size: 14pt; color: #ff0000;\">CAISSARGUES<\/span><\/td>\n<td style=\"width: 18.8158%; height: 51px;\"><span style=\"font-family: arial, helvetica, sans-serif; font-size: 14pt; color: #ff0000;\">B\u00c9ZIERS<\/span><\/td>\n<td style=\"width: 23.4211%; height: 51px;\"><span style=\"font-family: arial, helvetica, sans-serif; font-size: 14pt; color: #ff0000;\">TOULON<\/span><\/td>\n<\/tr>\n<tr style=\"background-color: #e4edf0;\">\n<td style=\"width: 30.0199%; height: 51px;\"><span style=\"color: #ff0000; font-family: arial, helvetica, sans-serif; font-size: 14pt;\"><strong>J2<\/strong><\/span><\/td>\n<td style=\"width: 13.138%; height: 51px;\"><span style=\"font-family: arial, helvetica, sans-serif; font-size: 14pt; color: #ff0000;\">THIAIS<\/span><\/td>\n<td style=\"width: 18.0263%; height: 51px;\"><span style=\"font-family: arial, helvetica, sans-serif; font-size: 14pt; color: #ff0000;\">PLAN DE CAMPAGNE<\/span><\/td>\n<td style=\"width: 18.8158%; height: 51px;\"><span style=\"font-family: arial, helvetica, sans-serif; font-size: 14pt; color: #ff0000;\">ANGERS<\/span><\/td>\n<td style=\"width: 23.4211%; height: 51px;\"><span style=\"font-family: arial, helvetica, sans-serif; font-size: 14pt; color: #ff0000;\">CAISSARGUES<\/span><\/td>\n<\/tr>\n<tr style=\"background-color: #e4edf0;\">\n<td style=\"width: 30.0199%; height: 25px;\"><span style=\"color: #ff0000; font-family: arial, helvetica, sans-serif; font-size: 14pt;\"><strong>J3<\/strong><\/span><\/td>\n<td style=\"width: 13.138%; height: 25px;\"><span style=\"font-family: arial, helvetica, sans-serif; font-size: 14pt; color: #ff0000;\">CAISSARGUES<\/span><\/td>\n<td style=\"width: 18.0263%; height: 25px;\"><span style=\"font-family: arial, helvetica, sans-serif; font-size: 14pt; color: #ff0000;\">VILLARS<\/span><\/td>\n<td style=\"width: 18.8158%; height: 25px;\"><span style=\"font-family: arial, helvetica, sans-serif; font-size: 14pt; color: #ff0000;\">LA ROCHELLE<\/span><\/td>\n<td style=\"width: 23.4211%; height: 25px;\"><span style=\"font-family: arial, helvetica, sans-serif; font-size: 14pt; color: #ff0000;\">ANNECY<\/span><\/td>\n<\/tr>\n<tr style=\"height: 35px; background-color: #fff000;\">\n<td style=\"width: 30.0199%; height: 35px;\"><span style=\"color: #ff0000; font-size: 14pt;\"><a style=\"color: #ff0000;\" href=\"https:\/\/www.ffbsq.fr\/_ffbsq\/CNB\/Competitions\/2022\/CDC\/RESULTATS-CDC-J1.pdf\" target=\"_blank\" rel=\"noopener\"><strong>R\u00e9sultats<\/strong> <strong>-J1<\/strong><\/a><\/span><\/td>\n<td style=\"width: 13.138%; height: 35px;\"><span style=\"font-size: 14pt; color: #ff0000;\"><a style=\"color: #ff0000;\" href=\"https:\/\/bowling.lexerbowling.com\/bowlinglasphere\/cdc2022n2adames\/\" target=\"_blank\" rel=\"noopener\"><img loading=\"lazy\" decoding=\"async\" class=\"alignnone wp-image-17655 size-full\" src=\"http:\/\/new.bowlingpaca.fr\/wp-content\/uploads\/2019\/11\/Les-r\u00e9sultats-e1616411722108.png\" alt=\"\" width=\"107\" height=\"30\" \/><\/a><\/span><\/td>\n<td style=\"width: 18.0263%; height: 35px;\"><span style=\"font-size: 14pt; color: #ff0000;\"><a style=\"color: #ff0000;\" href=\"http:\/\/new.bowlingpaca.fr\/wp-content\/uploads\/2021\/10\/CDC2022-N3ADAMES-Classements_Match7-1.pdf\" target=\"_blank\" rel=\"noopener\"><img loading=\"lazy\" decoding=\"async\" class=\"alignnone wp-image-17655 size-full\" src=\"http:\/\/new.bowlingpaca.fr\/wp-content\/uploads\/2019\/11\/Les-r\u00e9sultats-e1616411722108.png\" alt=\"\" width=\"107\" height=\"30\" \/><\/a><\/span><\/td>\n<td style=\"width: 18.8158%; height: 35px;\"><span style=\"font-size: 14pt; color: #ff0000;\"><a style=\"color: #ff0000;\" href=\"http:\/\/new.bowlingpaca.fr\/wp-content\/uploads\/2021\/10\/CDC2022-N2AHOMMES-Classements.pdf\" target=\"_blank\" rel=\"noopener\"><img loading=\"lazy\" decoding=\"async\" class=\"alignnone wp-image-17655 size-full\" src=\"http:\/\/new.bowlingpaca.fr\/wp-content\/uploads\/2019\/11\/Les-r\u00e9sultats-e1616411722108.png\" alt=\"\" width=\"107\" height=\"30\" \/><\/a><\/span><\/td>\n<td style=\"width: 23.4211%; height: 35px;\"><span style=\"font-size: 14pt; color: #ff0000;\"><a style=\"color: #ff0000;\" href=\"https:\/\/bowling.lexerbowling.com\/bowlingdeprovence\/cdc2022-n3ghommes\/\" target=\"_blank\" rel=\"noopener\"><img loading=\"lazy\" decoding=\"async\" class=\"alignnone wp-image-17655 size-full\" src=\"http:\/\/new.bowlingpaca.fr\/wp-content\/uploads\/2019\/11\/Les-r\u00e9sultats-e1616411722108.png\" alt=\"\" width=\"107\" height=\"30\" \/><\/a><\/span><\/td>\n<\/tr>\n<tr>\n<td style=\"width: 30.0199%;\"><span style=\"color: #ff0000; font-size: 14pt;\">FM-J1<br \/>\n<\/span><\/td>\n<td style=\"width: 13.138%;\"><span style=\"font-size: 14pt; color: #ff0000;\"><a href=\"https:\/\/www.ffbsq.fr\/_ffbsq\/CNB\/Competitions\/2022\/CDC\/J1\/FM-N2A_DAMES.pdf\" target=\"_blank\" rel=\"noopener\"><img loading=\"lazy\" decoding=\"async\" class=\"aligncenter wp-image-22505\" src=\"http:\/\/new.bowlingpaca.fr\/wp-content\/uploads\/2022\/04\/pixlr-bg-result-2-300x152-1.png\" alt=\"\" width=\"101\" height=\"51\" \/><\/a><\/span><\/td>\n<td style=\"width: 18.0263%;\"><span style=\"font-size: 14pt; color: #ff0000;\"><a href=\"https:\/\/www.ffbsq.fr\/_ffbsq\/CNB\/Competitions\/2022\/CDC\/J1\/FM-N3A_DAMES.pdf\" target=\"_blank\" rel=\"noopener\"><img loading=\"lazy\" decoding=\"async\" class=\"aligncenter wp-image-22505\" src=\"http:\/\/new.bowlingpaca.fr\/wp-content\/uploads\/2022\/04\/pixlr-bg-result-2-300x152-1.png\" alt=\"\" width=\"101\" height=\"51\" \/><\/a><\/span><\/td>\n<td style=\"width: 18.8158%;\"><span style=\"font-size: 14pt; color: #ff0000;\"><a href=\"https:\/\/www.ffbsq.fr\/_ffbsq\/CNB\/Competitions\/2022\/CDC\/J1\/FM-N2A_HOMMES.pdf\" target=\"_blank\" rel=\"noopener\"><img loading=\"lazy\" decoding=\"async\" class=\"aligncenter wp-image-22505\" src=\"http:\/\/new.bowlingpaca.fr\/wp-content\/uploads\/2022\/04\/pixlr-bg-result-2-300x152-1.png\" alt=\"\" width=\"101\" height=\"51\" \/><\/a><\/span><\/td>\n<td style=\"width: 23.4211%;\"><span style=\"font-size: 14pt; color: #ff0000;\"><a href=\"https:\/\/www.ffbsq.fr\/_ffbsq\/CNB\/Competitions\/2022\/CDC\/J1\/FM-N3G_HOMMES.pdf\" target=\"_blank\" rel=\"noopener\"><img loading=\"lazy\" decoding=\"async\" class=\"aligncenter wp-image-22505\" src=\"http:\/\/new.bowlingpaca.fr\/wp-content\/uploads\/2022\/04\/pixlr-bg-result-2-300x152-1.png\" alt=\"\" width=\"101\" height=\"51\" \/><\/a><\/span><\/td>\n<\/tr>\n<tr style=\"height: 24px; background-color: #3ca7bd;\">\n<td style=\"width: 30.0199%; height: 24px;\"><span style=\"color: #ffffff;\"><strong><span style=\"font-size: 12pt;\"><span style=\"font-size: 14pt;\">R\u00e9sultats J2<\/span><\/span><\/strong><\/span><\/td>\n<td style=\"width: 13.138%; height: 24px;\"><a href=\"https:\/\/bowling.lexerbowling.com\/bowlinglasphere\/cdc2022n2adames\/\" target=\"_blank\" rel=\"noopener\"><img loading=\"lazy\" decoding=\"async\" class=\"wp-image-17655 size-full alignnone\" src=\"http:\/\/new.bowlingpaca.fr\/wp-content\/uploads\/2019\/11\/Les-r\u00e9sultats-e1616411722108.png\" alt=\"\" width=\"107\" height=\"30\" \/><\/a><\/td>\n<td style=\"width: 18.0263%; height: 24px;\"><a href=\"https:\/\/bowling.lexerbowling.com\/bowlingdeprovence\/cdc2022-n3adames\/\" target=\"_blank\" rel=\"noopener\"><img loading=\"lazy\" decoding=\"async\" class=\"alignnone wp-image-17655 size-full\" src=\"http:\/\/new.bowlingpaca.fr\/wp-content\/uploads\/2019\/11\/Les-r\u00e9sultats-e1616411722108.png\" alt=\"\" width=\"107\" height=\"30\" \/><\/a><\/td>\n<td style=\"width: 18.8158%; height: 24px;\"><a href=\"http:\/\/new.bowlingpaca.fr\/wp-content\/uploads\/2021\/10\/CDC2022-N2AHOMMES-Classements.pdf\" target=\"_blank\" rel=\"noopener\"><img loading=\"lazy\" decoding=\"async\" class=\"alignnone wp-image-17655 size-full\" src=\"http:\/\/new.bowlingpaca.fr\/wp-content\/uploads\/2019\/11\/Les-r\u00e9sultats-e1616411722108.png\" alt=\"\" width=\"107\" height=\"30\" \/><\/a><\/td>\n<td style=\"width: 23.4211%; height: 24px;\"><a href=\"http:\/\/new.bowlingpaca.fr\/wp-content\/uploads\/2022\/04\/CDC2022-N3GHOMMES-Classements.pdf\" target=\"_blank\" rel=\"noopener\"><img loading=\"lazy\" decoding=\"async\" class=\"alignnone wp-image-17655 size-full\" src=\"http:\/\/new.bowlingpaca.fr\/wp-content\/uploads\/2019\/11\/Les-r\u00e9sultats-e1616411722108.png\" alt=\"\" width=\"107\" height=\"30\" \/><\/a><\/td>\n<\/tr>\n<tr style=\"height: 105px;\">\n<td style=\"width: 30.0199%; height: 105px;\"><span style=\"color: #ffffff;\"><span style=\"font-size: 12pt;\"><span style=\"color: #000000;\"><span style=\"font-size: 14pt; color: #ff0000;\">FM-J2<br \/>\n<\/span><\/span><\/span><\/span><\/td>\n<td style=\"width: 13.138%; height: 105px;\"><a href=\"https:\/\/www.ffbsq.fr\/_ffbsq\/CNB\/Competitions\/2022\/CDC\/J2\/FM-J2-N2ADames.pdf\" target=\"_blank\" rel=\"noopener\"><img loading=\"lazy\" decoding=\"async\" class=\"aligncenter wp-image-22505\" src=\"http:\/\/new.bowlingpaca.fr\/wp-content\/uploads\/2022\/04\/pixlr-bg-result-2-300x152-1.png\" alt=\"\" width=\"101\" height=\"51\" \/><\/a><\/td>\n<td style=\"width: 18.0263%; height: 105px;\"><a href=\"http:\/\/new.bowlingpaca.fr\/wp-content\/uploads\/2022\/04\/Feuilledematch-CDC2022-N3ADAMES.pdf\" target=\"_blank\" rel=\"noopener\"><img loading=\"lazy\" decoding=\"async\" class=\"aligncenter wp-image-22505\" src=\"http:\/\/new.bowlingpaca.fr\/wp-content\/uploads\/2022\/04\/pixlr-bg-result-2-300x152-1.png\" alt=\"\" width=\"101\" height=\"51\" \/><\/a><\/td>\n<td style=\"width: 18.8158%; height: 105px;\"><a href=\"https:\/\/www.ffbsq.fr\/_ffbsq\/CNB\/Competitions\/2022\/CDC\/J2\/FM-J2-N2AHommes.pdf\" target=\"_blank\" rel=\"noopener\"><img loading=\"lazy\" decoding=\"async\" class=\"aligncenter wp-image-22505\" src=\"http:\/\/new.bowlingpaca.fr\/wp-content\/uploads\/2022\/04\/pixlr-bg-result-2-300x152-1.png\" alt=\"\" width=\"101\" height=\"51\" \/><\/a><\/td>\n<td style=\"width: 23.4211%; height: 105px;\"><a href=\"http:\/\/new.bowlingpaca.fr\/wp-content\/uploads\/2022\/04\/Feuilledematch-CDC2022-N3GHOMMES.pdf\" target=\"_blank\" rel=\"noopener\"><img loading=\"lazy\" decoding=\"async\" class=\"aligncenter wp-image-22505\" src=\"http:\/\/new.bowlingpaca.fr\/wp-content\/uploads\/2022\/04\/pixlr-bg-result-2-300x152-1.png\" alt=\"\" width=\"101\" height=\"51\" \/><\/a><\/td>\n<\/tr>\n<tr style=\"height: 24px;\">\n<td style=\"width: 30.0199%; height: 24px;\"><span style=\"color: #ffffff;\"><span style=\"font-size: 12pt;\"><span style=\"color: #000000;\">R\u00e9sultats J3<br \/>\n<\/span><\/span><\/span><\/td>\n<td style=\"width: 13.138%; height: 24px;\"><\/td>\n<td style=\"width: 18.0263%; height: 24px;\"><\/td>\n<td style=\"width: 18.8158%; height: 24px;\"><\/td>\n<td style=\"width: 23.4211%; height: 24px;\"><\/td>\n<\/tr>\n<\/tbody>\n<\/table>\n<table style=\"border-collapse: collapse; width: 99.9997%; height: 320px;\">\n<tbody>\n<tr style=\"height: 40px;\">\n<td style=\"width: 25%; background-color: #408bed; text-align: center;\" colspan=\"4\"><strong><span style=\"font-size: 14pt; color: #ffffff;\">\u00c9quipes PACA<\/span><\/strong><\/td>\n<\/tr>\n<tr style=\"height: 30px; background-color: #e4edf0;\">\n<td style=\"width: 25%;\"><span style=\"color: #000080;\"><strong>R2A-DAMES<\/strong><\/span><\/td>\n<td style=\"width: 25%;\"><span style=\"color: #000080;\"><strong>R3A-DAMES<\/strong><\/span><\/td>\n<td style=\"width: 25%;\"><span style=\"color: #000080;\"><strong>R2A-HOMMES<\/strong><\/span><\/td>\n<td style=\"width: 25%;\"><span style=\"color: #000080;\"><strong>R3G-HOMMES<\/strong><\/span><\/td>\n<\/tr>\n<tr style=\"height: 30px;\">\n<td style=\"width: 25%;\">MONACO-BC<\/td>\n<td style=\"width: 25%;\">BC AIX EN PROVENCE<\/td>\n<td style=\"width: 25%;\">A.D.E.B DRAGUIGNAN<\/td>\n<td style=\"width: 25%;\">BC AIX EN PROVENCE<\/td>\n<\/tr>\n<tr style=\"height: 40px;\">\n<td style=\"width: 25%;\"><\/td>\n<td style=\"width: 25%;\">BC AMF NICE<\/td>\n<td style=\"width: 25%;\">BC AIX EN PROVENCE<\/td>\n<td style=\"width: 25%;\">NEW TEAM MARTIGUES<\/td>\n<\/tr>\n<tr style=\"height: 40px;\">\n<td style=\"width: 25%;\"><\/td>\n<td style=\"width: 25%;\">NEW REAM MARTIGUES<\/td>\n<td style=\"width: 25%;\"><\/td>\n<td style=\"width: 25%;\">RCT BOWLING<\/td>\n<\/tr>\n<tr style=\"height: 40px;\">\n<td style=\"width: 25%;\"><\/td>\n<td style=\"width: 25%;\">RCT BOWLING<\/td>\n<td style=\"width: 25%;\"><\/td>\n<td style=\"width: 25%;\"><\/td>\n<\/tr>\n<\/tbody>\n<\/table>\n","protected":false},"excerpt":{"rendered":"<p>R\u00e8glements DAMES HOMMES CALENDRIER J1 &#8211; 9 et 10 octobre 2021 J2 &#8211; 2 et 3 avril 2022 J3 &#8211; 21 et 22 MAI 2022 HUILAGE N1 LIEUX N2A DAMES N3A DAMES N2A HOMMES N3G HOMMES J1 FONTAINE LE COMTE CAISSARGUES B\u00c9ZIERS TOULON J2 THIAIS PLAN DE CAMPAGNE ANGERS CAISSARGUES J3 CAISSARGUES VILLARS LA ROCHELLE ANNECY R\u00e9sultats -J1 FM-J1 R\u00e9sultats<\/p>\n","protected":false},"author":275,"featured_media":0,"parent":0,"menu_order":0,"comment_status":"closed","ping_status":"closed","template":"template-fullwidth.php","meta":{"footnotes":""},"class_list":["post-20986","page","type-page","status-publish","hentry"],"_links":{"self":[{"href":"http:\/\/new.bowlingpaca.fr\/index.php?rest_route=\/wp\/v2\/pages\/20986","targetHints":{"allow":["GET"]}}],"collection":[{"href":"http:\/\/new.bowlingpaca.fr\/index.php?rest_route=\/wp\/v2\/pages"}],"about":[{"href":"http:\/\/new.bowlingpaca.fr\/index.php?rest_route=\/wp\/v2\/types\/page"}],"author":[{"embeddable":true,"href":"http:\/\/new.bowlingpaca.fr\/index.php?rest_route=\/wp\/v2\/users\/275"}],"replies":[{"embeddable":true,"href":"http:\/\/new.bowlingpaca.fr\/index.php?rest_route=%2Fwp%2Fv2%2Fcomments&post=20986"}],"version-history":[{"count":56,"href":"http:\/\/new.bowlingpaca.fr\/index.php?rest_route=\/wp\/v2\/pages\/20986\/revisions"}],"predecessor-version":[{"id":21043,"href":"http:\/\/new.bowlingpaca.fr\/index.php?rest_route=\/wp\/v2\/pages\/20986\/revisions\/21043"}],"wp:attachment":[{"href":"http:\/\/new.bowlingpaca.fr\/index.php?rest_route=%2Fwp%2Fv2%2Fmedia&parent=20986"}],"curies":[{"name":"wp","href":"https:\/\/api.w.org\/{rel}","templated":true}]}}