{"id":20163,"date":"2021-01-12T16:57:09","date_gmt":"2021-01-12T14:57:09","guid":{"rendered":"http:\/\/new.bowlingpaca.fr\/?page_id=20163"},"modified":"2025-10-20T11:42:57","modified_gmt":"2025-10-20T09:42:57","slug":"cd-du-var-accueil","status":"publish","type":"page","link":"http:\/\/new.bowlingpaca.fr\/?page_id=20163","title":{"rendered":"CD DU VAR &#8211; ACCUEIL"},"content":{"rendered":"<h3><a href=\"http:\/\/news.bowlingpaca.fr\/\"><img loading=\"lazy\" decoding=\"async\" class=\"alignnone wp-image-20169 size-full\" src=\"http:\/\/new.bowlingpaca.fr\/wp-content\/uploads\/2021\/01\/images.png\" alt=\"\" width=\"155\" height=\"81\" \/><\/a><\/h3>\n<table style=\"border-collapse: collapse; width: 117.931%; height: 228px;\">\n<tbody>\n<tr style=\"height: 82px;\">\n<td style=\"width: 48.7855%; border-style: solid; border-color: #080707; background-color: #fcfcfc; height: 82px;\"><a href=\"http:\/\/new.bowlingpaca.fr\/wp-content\/uploads\/2021\/01\/LOGO-CD83.png\"><img loading=\"lazy\" decoding=\"async\" class=\"wp-image-20148 aligncenter\" src=\"http:\/\/new.bowlingpaca.fr\/wp-content\/uploads\/2021\/01\/LOGO-CD83-300x272.png\" alt=\"\" width=\"138\" height=\"126\" srcset=\"http:\/\/new.bowlingpaca.fr\/wp-content\/uploads\/2021\/01\/LOGO-CD83-300x272.png 300w, http:\/\/new.bowlingpaca.fr\/wp-content\/uploads\/2021\/01\/LOGO-CD83.png 684w\" sizes=\"auto, (max-width: 138px) 100vw, 138px\" \/><\/a><\/td>\n<td style=\"width: 69.8926%; border-style: solid; border-color: #080707; background-color: #07f5e1; height: 82px; text-align: center;\">\n<h2>INFOS DU COMITE<\/h2>\n<\/td>\n<\/tr>\n<tr style=\"height: 146px;\">\n<td style=\"width: 48.7855%; border-style: solid; border-color: #080707; background-color: #07f5e1; height: 146px; text-align: center;\">\n<h3>COMPOSITION DU BUREAU<\/h3>\n<p>Pr\u00e9sident : Serge MOTYL motyljs@free.fr<br \/>\nRCT Bowling Licence n\u00b0 : 91 0064792<\/p>\n<p>Secr\u00e9taire : Jean Paul DARRE jpdarre@sfr.fr<br \/>\nUST St Tropez Licence n\u00b0: 95 0041267<\/p>\n<p>Secr\u00e9taire adjointe : Corinne BAZIRE corinne.bazire@wanadoo.fr<br \/>\nADEB Draguignan Licence n\u00b0: 07 0093282<\/p>\n<p>Tr\u00e9sori\u00e8re : Ren\u00e9e OBOJTEK renee.obojtek@cegetel.net<br \/>\nUST St Tropez Licence n\u00b0 : 93 0071647<\/p>\n<p>Commission Arbitrage : Ren\u00e9 MATTEUCCI matteucci.rene@wanadoo.fr<br \/>\nUST St Tropez Licence n\u00b0 : 95 0079606<\/p>\n<p>Commission Sportive : Serge MOTYL motyljs@free.fr<br \/>\nRCT Bowling Licence n\u00b0: 91 0064792<\/p>\n<p>Organe de contr\u00f4le interne: Thierry BAZIRE thierrybazire83@gmail.com<br \/>\nADEB Draguignan Licence n\u00b0: 07 0093569<\/p>\n<p>Membre : Thomas PEPIN pepin.thomas@neuf.fr<br \/>\nUST St Tropez Licence n\u00b0 94 0073396<\/td>\n<td style=\"width: 69.8926%; border-style: solid; border-color: #080707; background-color: #07f5e1; height: 146px; text-align: center; vertical-align: top;\">\n<h3>COMPETITIONS<\/h3>\n<p style=\"text-align: left;\"><strong><span style=\"color: #ff0000;\">Championnat du Var<\/span><\/strong> : A d\u00e9finir<\/p>\n<p style=\"text-align: left;\"><strong><span style=\"color: #ff0000;\">Senior +\u00a0Individuels : <\/span><\/strong><\/p>\n<p style=\"text-align: left;\">Phase d\u00e9partementale du 23 au 25\/9\/22 au Bowling de Toulon-La Garde<\/p>\n<p style=\"text-align: left;\">Phase r\u00e9gionale 29\/01\/23<\/p>\n<p style=\"text-align: left; padding-left: 80px;\">Senior+ A \u00e0 Draguignan<\/p>\n<p style=\"text-align: left; padding-left: 80px;\">Senior + B \u00e0 Pertuis<\/p>\n<p style=\"text-align: left; padding-left: 80px;\">Senior + C \u00e0 Toulon-La Garde<\/p>\n<p style=\"text-align: left;\"><strong><span style=\"color: #ff0000;\">Senior +<\/span><\/strong><span style=\"color: #ff0000;\"> <strong>doublettes :\u00a0<\/strong><\/span><\/p>\n<p>&nbsp;<\/td>\n<\/tr>\n<\/tbody>\n<\/table>\n<h3><\/h3>\n<p>&nbsp;<\/p>\n","protected":false},"excerpt":{"rendered":"<p>INFOS DU COMITE COMPOSITION DU BUREAU Pr\u00e9sident : Serge MOTYL motyljs@free.fr RCT Bowling Licence n\u00b0 : 91 0064792 Secr\u00e9taire : Jean Paul DARRE jpdarre@sfr.fr UST St Tropez Licence n\u00b0: 95 0041267 Secr\u00e9taire adjointe : Corinne BAZIRE corinne.bazire@wanadoo.fr ADEB Draguignan Licence n\u00b0: 07 0093282 Tr\u00e9sori\u00e8re : Ren\u00e9e OBOJTEK renee.obojtek@cegetel.net UST St Tropez Licence n\u00b0 : 93 0071647 Commission Arbitrage : Ren\u00e9<\/p>\n","protected":false},"author":4,"featured_media":0,"parent":20158,"menu_order":0,"comment_status":"closed","ping_status":"closed","template":"template-fullwidth.php","meta":{"footnotes":""},"class_list":["post-20163","page","type-page","status-publish","hentry"],"_links":{"self":[{"href":"http:\/\/new.bowlingpaca.fr\/index.php?rest_route=\/wp\/v2\/pages\/20163","targetHints":{"allow":["GET"]}}],"collection":[{"href":"http:\/\/new.bowlingpaca.fr\/index.php?rest_route=\/wp\/v2\/pages"}],"about":[{"href":"http:\/\/new.bowlingpaca.fr\/index.php?rest_route=\/wp\/v2\/types\/page"}],"author":[{"embeddable":true,"href":"http:\/\/new.bowlingpaca.fr\/index.php?rest_route=\/wp\/v2\/users\/4"}],"replies":[{"embeddable":true,"href":"http:\/\/new.bowlingpaca.fr\/index.php?rest_route=%2Fwp%2Fv2%2Fcomments&post=20163"}],"version-history":[{"count":7,"href":"http:\/\/new.bowlingpaca.fr\/index.php?rest_route=\/wp\/v2\/pages\/20163\/revisions"}],"predecessor-version":[{"id":23099,"href":"http:\/\/new.bowlingpaca.fr\/index.php?rest_route=\/wp\/v2\/pages\/20163\/revisions\/23099"}],"up":[{"embeddable":true,"href":"http:\/\/new.bowlingpaca.fr\/index.php?rest_route=\/wp\/v2\/pages\/20158"}],"wp:attachment":[{"href":"http:\/\/new.bowlingpaca.fr\/index.php?rest_route=%2Fwp%2Fv2%2Fmedia&parent=20163"}],"curies":[{"name":"wp","href":"https:\/\/api.w.org\/{rel}","templated":true}]}}