{"id":19087,"date":"2020-09-01T11:56:05","date_gmt":"2020-09-01T09:56:05","guid":{"rendered":"http:\/\/new.bowlingpaca.fr\/?page_id=19087"},"modified":"2020-12-20T18:18:18","modified_gmt":"2020-12-20T16:18:18","slug":"19087-2","status":"publish","type":"page","link":"http:\/\/new.bowlingpaca.fr\/?page_id=19087","title":{"rendered":"JEUNES 2020-2021"},"content":{"rendered":"<blockquote><p><span style=\"font-size: 12pt; color: #ff0000;\"><strong><span style=\"font-size: 14pt;\">Suite \u00e0 l&rsquo;arr\u00eat des comp\u00e9titions depuis d\u00e9but novembre et \u00e0 l&rsquo;\u00e9ventuelle reprise\u00a0 le 20 janvier 2021, le Championnat R\u00e9gional Jeunes 2021 ne pourra se faire que sur 5 journ\u00e9es.(m\u00e0j 19\/12\/2020).<\/span><br \/>\n<\/strong><\/span><\/p><\/blockquote>\n<p><strong>Pour obtenir une qualification en phase r\u00e9gionale, deux conditions sont \u00e0 remplir <\/strong><\/p>\n<ul>\n<li><strong>-Se positionner dans les 60 % des participants aux journ\u00e9es.<\/strong><\/li>\n<li><strong>-Avoir particip\u00e9 \u00e0 au moins 3 journ\u00e9es minimum.<\/strong><\/li>\n<li><a href=\"http:\/\/www.ffbsq.org\/bowling\/reg_fed\/reglements_federaux\/REGFED_2021_Championnat-de-France-Individuel-Jeunes-Version-1.2.pdf\" target=\"_blank\" rel=\"noopener noreferrer\"><span style=\"font-size: 18pt;\">R\u00c8GLEMENT<\/span><\/a><strong> (m\u00e0j 09\/09\/2020)<\/strong><\/li>\n<\/ul>\n<p style=\"text-align: center;\"><strong><a href=\"https:\/\/framadate.org\/14AdjWBjapyOuOQV\" target=\"_blank\" rel=\"noopener noreferrer\"><span style=\"font-size: 18pt;\">Le Classement se fera sur les 3 meilleures journ\u00e9es<\/span><\/a><\/strong><\/p>\n<p style=\"text-align: center;\"><a href=\"https:\/\/framadate.org\/14AdjWBjapyOuOQV\" target=\"_blank\" rel=\"noopener noreferrer\"><img loading=\"lazy\" decoding=\"async\" class=\"alignnone wp-image-17427 size-thumbnail\" src=\"http:\/\/new.bowlingpaca.fr\/wp-content\/uploads\/2019\/10\/inscription-1-250x55.jpg\" alt=\"\" width=\"250\" height=\"55\" \/> <\/a><\/p>\n<p style=\"text-align: center;\">(les inscriptions ont \u00e9t\u00e9 remises \u00e0 z\u00e9ro le 19\/12\/2020)<\/p>\n<p style=\"text-align: center;\"><strong>( Cl\u00f4ture des inscriptions le jeudi pr\u00e9c\u00e9dant la journ\u00e9e, \u00e0 20h00)<\/strong><\/p>\n<table style=\"height: 197px; width: 113.997%;\" width=\"693\">\n<tbody>\n<tr style=\"height: 24px;\">\n<td style=\"width: 6.57143%; height: 24px;\"><strong>J1<\/strong><\/td>\n<td style=\"width: 31.0276%; height: 24px;\"><em><strong>DRAGUIGNAN<\/strong><br \/>\n<\/em><\/td>\n<td style=\"width: 76.1809%; height: 24px;\">sam et\/ou dimanche 23-24 janvier 2021, 10h00<\/td>\n<\/tr>\n<tr style=\"height: 48px;\">\n<td style=\"width: 6.57143%; height: 27px;\"><strong>J2<\/strong><\/td>\n<td style=\"width: 31.0276%; height: 27px;\"><strong><em>PLAN DE CAMPAGNE<br \/>\n<\/em><\/strong><\/td>\n<td style=\"width: 76.1809%; height: 27px;\">dimanche 14 f\u00e9vrier 2021, 10h00<\/td>\n<\/tr>\n<tr style=\"height: 24px;\">\n<td style=\"width: 6.57143%; height: 24px;\"><strong>J3<\/strong><\/td>\n<td style=\"width: 31.0276%; height: 24px;\"><strong><em>TOULON<\/em><\/strong><\/td>\n<td style=\"width: 76.1809%; height: 24px;\">dimanche 14 mars 2021, 10h00 <del><br \/>\n<\/del><\/td>\n<\/tr>\n<tr style=\"height: 24px;\">\n<td style=\"width: 6.57143%; height: 24px;\"><strong>J5<\/strong><\/td>\n<td style=\"width: 31.0276%; height: 24px;\"><strong><em>NICE<\/em><\/strong><\/td>\n<td style=\"width: 76.1809%; height: 24px;\">dimanche 4 AVRIL 2021, 10h00 (WE P\u00e2ques)<\/td>\n<\/tr>\n<tr style=\"height: 24px;\">\n<td style=\"width: 6.57143%; height: 24px;\"><strong>J6<\/strong><\/td>\n<td style=\"width: 31.0276%; height: 24px;\"><strong><em>PERTUIS<\/em><\/strong><\/td>\n<td style=\"width: 76.1809%; height: 24px;\"><span style=\"color: #ff0000;\"><span style=\"color: #000000;\">dimanche 9 mai 2021, 10h00<\/span> <del><\/del><\/span><\/td>\n<\/tr>\n<\/tbody>\n<\/table>\n<ul>\n<li><strong>Finale R\u00c9GIONALE les 12 et 13 juin 2021 \u00e0 DRAGUIGNAN<\/strong><\/li>\n<li><strong>Finale NATIONALE les 3 et 4 juillet \u00e0 CLERMONT-FERRAND<br \/>\n<\/strong><\/li>\n<li><span style=\"font-size: 18pt; color: #ff0000;\"><a style=\"color: #ff0000;\" href=\"http:\/\/www.ffbsq.org\/bowling\/reg_fed\/reglements_federaux\/REGFED_2021_Championnat-de-France-Individuel-Jeunes.pdf\" target=\"_blank\" rel=\"noopener noreferrer\">REGLEMENT<\/a><\/span><\/li>\n<\/ul>\n<blockquote><p>votre contact: <strong>Jean-Claude BOVA , <a href=\"mailto:21bova.crpaca@orange.fr\">21bova.crpaca@orange.fr,<\/a> 06.80.63.45.74<\/strong><\/p><\/blockquote>\n","protected":false},"excerpt":{"rendered":"<p>Suite \u00e0 l&rsquo;arr\u00eat des comp\u00e9titions depuis d\u00e9but novembre et \u00e0 l&rsquo;\u00e9ventuelle reprise\u00a0 le 20 janvier 2021, le Championnat R\u00e9gional Jeunes 2021 ne pourra se faire que sur 5 journ\u00e9es.(m\u00e0j 19\/12\/2020). Pour obtenir une qualification en phase r\u00e9gionale, deux conditions sont \u00e0 remplir -Se positionner dans les 60 % des participants aux journ\u00e9es. -Avoir particip\u00e9 \u00e0 au moins 3 journ\u00e9es minimum.<\/p>\n","protected":false},"author":275,"featured_media":0,"parent":0,"menu_order":0,"comment_status":"closed","ping_status":"closed","template":"","meta":{"footnotes":""},"class_list":["post-19087","page","type-page","status-publish","hentry"],"_links":{"self":[{"href":"http:\/\/new.bowlingpaca.fr\/index.php?rest_route=\/wp\/v2\/pages\/19087","targetHints":{"allow":["GET"]}}],"collection":[{"href":"http:\/\/new.bowlingpaca.fr\/index.php?rest_route=\/wp\/v2\/pages"}],"about":[{"href":"http:\/\/new.bowlingpaca.fr\/index.php?rest_route=\/wp\/v2\/types\/page"}],"author":[{"embeddable":true,"href":"http:\/\/new.bowlingpaca.fr\/index.php?rest_route=\/wp\/v2\/users\/275"}],"replies":[{"embeddable":true,"href":"http:\/\/new.bowlingpaca.fr\/index.php?rest_route=%2Fwp%2Fv2%2Fcomments&post=19087"}],"version-history":[{"count":16,"href":"http:\/\/new.bowlingpaca.fr\/index.php?rest_route=\/wp\/v2\/pages\/19087\/revisions"}],"predecessor-version":[{"id":20072,"href":"http:\/\/new.bowlingpaca.fr\/index.php?rest_route=\/wp\/v2\/pages\/19087\/revisions\/20072"}],"wp:attachment":[{"href":"http:\/\/new.bowlingpaca.fr\/index.php?rest_route=%2Fwp%2Fv2%2Fmedia&parent=19087"}],"curies":[{"name":"wp","href":"https:\/\/api.w.org\/{rel}","templated":true}]}}