{"id":12704,"date":"2017-09-01T12:35:21","date_gmt":"2017-09-01T10:35:21","guid":{"rendered":"http:\/\/news.bowlingpaca.fr\/?page_id=12704"},"modified":"2018-05-16T11:41:54","modified_gmt":"2018-05-16T09:41:54","slug":"jeunes-2017-2018","status":"publish","type":"page","link":"http:\/\/new.bowlingpaca.fr\/?page_id=12704","title":{"rendered":"JEUNES 2017-2018"},"content":{"rendered":"<p style=\"text-align: left;\"><strong>1- PHASE \u00a0\u00bb DISTRICT\u00a0\u00bb<\/strong> (date limite le 6\/05\/2018)<\/p>\n<ul>\n<li style=\"text-align: left;\"><a href=\"http:\/\/www.ffbsq.org\/bowling\/reg_fed\/reglements_federaux\/REGFED_2018_Championnats-Jeunes.pdf\" target=\"_blank\" rel=\"noopener noreferrer\">R\u00e8glement<\/a><\/li>\n<li>3 s\u00e9ries de 2 lignes<\/li>\n<li>Classement aux point <del>+ Bonification suppl\u00e9mentaire (cf.tableau r\u00e8glement) en fonction du nombre de journ\u00e9es effectu\u00e9es<\/del> <span style=\"color: #ff0000;\">(bonus<\/span> <span style=\"color: #ff0000;\">supprim\u00e9 le 4\/09)<\/span><del><br \/>\n<\/del><\/li>\n<li><strong><a href=\"http:\/\/news.bowlingpaca.fr\/wp-content\/uploads\/2017\/07\/Districts_-PACA-2017-2018.pdf\" target=\"_blank\" rel=\"noopener noreferrer\">V\u00c9RIFIEZ VOTRE \u00ab\u00a0DISTRICT\u00a0\u00bb<\/a><\/strong><\/li>\n<\/ul>\n<p style=\"text-align: left;\">2- <strong>CHAMPIONNAT R\u00c9GIONAL:<span style=\"color: #ff0000;\"> TOULON\u00a0 le <\/span><span style=\"color: #ff0000;\">dimanche\u00a0 10\/06\/2018 \u00e0\u00a0 9h50<\/span><\/strong><\/p>\n<ul>\n<li><a href=\"https:\/\/docs.google.com\/spreadsheets\/d\/1L_z4wfQag7H_MPvv2fdopFeMZ0ro38jdoBqkU4XBf8o\/edit#gid=0\" target=\"_blank\" rel=\"noopener\">liste des qualifi\u00e9(e)s<\/a><\/li>\n<\/ul>\n<p style=\"text-align: left;\">3- <strong>FINALE NATIONALE<\/strong>, 30\/06 et\/ou 1\/07\/2018 \u00e0 CLERMONT-FERRAND<\/p>\n<blockquote>\n<p style=\"text-align: center;\"><strong><span style=\"color: #ff0000;\">Date limite d inscription: le JEUDI pr\u00e9c\u00e9dent la journ\u00e9e, \u00e0 20h00<\/span><\/strong><\/p>\n<p style=\"text-align: center;\"><strong><span style=\"color: #ff0000;\"><a style=\"color: #ff0000;\" href=\"https:\/\/framadate.org\/n9GfxKkIwRRc7jfJ\" target=\"_blank\" rel=\"noopener noreferrer\">INSCRIPTION DISTRICT-1<\/a><\/span>\u00a0\u00a0<\/strong><strong> &#8211;\u00a0 <a href=\"http:\/\/news.bowlingpaca.fr\/wp-content\/uploads\/2018\/04\/Classement-6j-Jeunes-Draguignan-06-05-2018.pdf\" target=\"_blank\" rel=\"noopener\">Classement final meilleures meilleures 4J-D1-C\u00f4te d&rsquo;Azur<\/a><br \/>\n<\/strong><\/p>\n<p style=\"text-align: center;\"><strong><a href=\"https:\/\/framadate.org\/35xQ2TMZNUnSY8si\" target=\"_blank\" rel=\"noopener noreferrer\"><span style=\"color: #ff0000;\">INSCRIPTION DISTRICT-2\u00a0\u00a0 <\/span><\/a>&#8211;\u00a0 <a href=\"http:\/\/news.bowlingpaca.fr\/wp-content\/uploads\/2018\/04\/Classement-6j-Jeunes-Avignon-06-05-2018.pdf\" target=\"_blank\" rel=\"noopener\">Classement final meilleures 4J-D2 -Alpes Provence<\/a><\/strong><span style=\"text-decoration: underline;\"><strong><br \/>\n<\/strong><\/span><\/p>\n<\/blockquote>\n<p style=\"text-align: center;\"><h2 id=\"tablepress-71-name\" class=\"tablepress-table-name tablepress-table-name-id-71\">1- Phases DISTRICTS Championnat JEUNES 2017-2018<\/h2>\n\n<table id=\"tablepress-71\" class=\"tablepress tablepress-id-71\" aria-labelledby=\"tablepress-71-name\">\n<thead>\n<tr class=\"row-1\">\n\t<td class=\"column-1\"><\/td><th class=\"column-2\">Dates<\/th><th class=\"column-3\">LIEUX District-1<\/th><th class=\"column-4\">LIEUX District-2<\/th>\n<\/tr>\n<\/thead>\n<tbody class=\"row-striping row-hover\">\n<tr class=\"row-2\">\n\t<td class=\"column-1\">J1<\/td><td class=\"column-2\">23\/09\/2017<br \/>\n<\/td><td class=\"column-3\">NICE<\/td><td class=\"column-4\"><\/td>\n<\/tr>\n<tr class=\"row-3\">\n\t<td class=\"column-1\">J1<\/td><td class=\"column-2\">8\/10\/2017<\/td><td class=\"column-3\"><\/td><td class=\"column-4\">PLAN DE CAMPAGNE<\/td>\n<\/tr>\n<tr class=\"row-4\">\n\t<td class=\"column-1\">J2<\/td><td class=\"column-2\">3\/12\/2017<\/td><td class=\"column-3\">TOULON<\/td><td class=\"column-4\">AVIGNON<\/td>\n<\/tr>\n<tr class=\"row-5\">\n\t<td class=\"column-1\">J3<\/td><td class=\"column-2\">14\/01\/2018<\/td><td class=\"column-3\">DRAGUIGNAN<\/td><td class=\"column-4\">PLAN DE CAMPAGNE<\/td>\n<\/tr>\n<tr class=\"row-6\">\n\t<td class=\"column-1\">J4<\/td><td class=\"column-2\">17\/02\/2018<\/td><td class=\"column-3\">NICE<\/td><td class=\"column-4\"><\/td>\n<\/tr>\n<tr class=\"row-7\">\n\t<td class=\"column-1\">J4<\/td><td class=\"column-2\">18\/02\/2018<\/td><td class=\"column-3\"><\/td><td class=\"column-4\">AVIGNON<\/td>\n<\/tr>\n<tr class=\"row-8\">\n\t<td class=\"column-1\">J5<\/td><td class=\"column-2\">21\/04\/2018 (initialement 22 avril)<\/td><td class=\"column-3\">TOULON<\/td><td class=\"column-4\">TOULON<\/td>\n<\/tr>\n<tr class=\"row-9\">\n\t<td class=\"column-1\">J6<\/td><td class=\"column-2\">6\/05\/2018<\/td><td class=\"column-3\">DRAGUIGNAN<\/td><td class=\"column-4\">AVIGNON<\/td>\n<\/tr>\n<\/tbody>\n<\/table>\n<!-- #tablepress-71 from cache --><\/p>\n<p>&nbsp;<\/p>\n","protected":false},"excerpt":{"rendered":"<p>1- PHASE \u00a0\u00bb DISTRICT\u00a0\u00bb (date limite le 6\/05\/2018) R\u00e8glement 3 s\u00e9ries de 2 lignes Classement aux point + Bonification suppl\u00e9mentaire (cf.tableau r\u00e8glement) en fonction du nombre de journ\u00e9es effectu\u00e9es (bonus supprim\u00e9 le 4\/09) V\u00c9RIFIEZ VOTRE \u00ab\u00a0DISTRICT\u00a0\u00bb 2- CHAMPIONNAT R\u00c9GIONAL: TOULON\u00a0 le dimanche\u00a0 10\/06\/2018 \u00e0\u00a0 9h50 liste des qualifi\u00e9(e)s 3- FINALE NATIONALE, 30\/06 et\/ou 1\/07\/2018 \u00e0 CLERMONT-FERRAND Date limite d inscription:<\/p>\n","protected":false},"author":275,"featured_media":0,"parent":0,"menu_order":0,"comment_status":"closed","ping_status":"closed","template":"","meta":{"footnotes":""},"class_list":["post-12704","page","type-page","status-publish","hentry"],"_links":{"self":[{"href":"http:\/\/new.bowlingpaca.fr\/index.php?rest_route=\/wp\/v2\/pages\/12704","targetHints":{"allow":["GET"]}}],"collection":[{"href":"http:\/\/new.bowlingpaca.fr\/index.php?rest_route=\/wp\/v2\/pages"}],"about":[{"href":"http:\/\/new.bowlingpaca.fr\/index.php?rest_route=\/wp\/v2\/types\/page"}],"author":[{"embeddable":true,"href":"http:\/\/new.bowlingpaca.fr\/index.php?rest_route=\/wp\/v2\/users\/275"}],"replies":[{"embeddable":true,"href":"http:\/\/new.bowlingpaca.fr\/index.php?rest_route=%2Fwp%2Fv2%2Fcomments&post=12704"}],"version-history":[{"count":20,"href":"http:\/\/new.bowlingpaca.fr\/index.php?rest_route=\/wp\/v2\/pages\/12704\/revisions"}],"predecessor-version":[{"id":14546,"href":"http:\/\/new.bowlingpaca.fr\/index.php?rest_route=\/wp\/v2\/pages\/12704\/revisions\/14546"}],"wp:attachment":[{"href":"http:\/\/new.bowlingpaca.fr\/index.php?rest_route=%2Fwp%2Fv2%2Fmedia&parent=12704"}],"curies":[{"name":"wp","href":"https:\/\/api.w.org\/{rel}","templated":true}]}}