{"id":10564,"date":"2015-12-27T11:26:24","date_gmt":"2015-12-27T09:26:24","guid":{"rendered":"http:\/\/news.bowlingpaca.fr\/?page_id=10564"},"modified":"2015-12-27T11:38:41","modified_gmt":"2015-12-27T09:38:41","slug":"agrement-sport-du-nouveau","status":"publish","type":"page","link":"http:\/\/new.bowlingpaca.fr\/?page_id=10564","title":{"rendered":"AGR\u00c9MENT SPORT \u2013 du nouveau"},"content":{"rendered":"<div id=\"general_content\" class=\"vert\">\n<div class=\"article_page_rubrique\">\n<h2>Ordonnance du 23 juillet 2015 modifiant l\u2019article L121-4 et L121-8 relatifs \u00e0 l\u2019agr\u00e9ment minist\u00e9riel \u00ab\u00a0sport\u00a0\u00bb.<\/h2>\n<div class=\"etiquette\"><img decoding=\"async\" title=\"Article Agr\u00e9ment et vie associative\" src=\"http:\/\/www.languedoc-roussillon.drjscs.gouv.fr\/squelettes\/img\/puce\/article_vert.jpg\" alt=\"Article Agr\u00e9ment et vie associative\" \/> <span class=\"complementaire\">15\/10\/2015<\/span><\/div>\n<div class=\"cartouche_gauche\"><\/div>\n<div class=\"cartouche_texte cartouche_small\">\n<p>Ordonnance du 23 juillet 2015 modifiant l\u2019article L121-4 et L121-8 relatifs \u00e0 l\u2019agr\u00e9ment minist\u00e9riel \u00ab\u00a0sport\u00a0\u00bb.<\/p>\n<\/div>\n<div class=\"texte_article\">\n<p>L\u2019agr\u00e9ment sport qui \u00e9tait une d\u00e9marche volontaire des clubs affili\u00e9s \u00e0 une f\u00e9d\u00e9ration est r\u00e9gi notamment par l\u2019article L121-4 du code du sport est d\u00e9sormais r\u00e9dig\u00e9 ainsi\u00a0:<\/p>\n<p><strong>Article L121-4 modifi\u00e9 par Ordonnance n\u00b02015-904 du 23 juillet 2015 &#8211; art.11 (V)\u00a0:<\/strong><\/p>\n<p><i>Les associations sportives ne peuvent b\u00e9n\u00e9ficier de l\u2019Etat qu\u2019\u00e0 la condition d\u2019avoir \u00e9t\u00e9 agr\u00e9\u00e9es.<\/i><\/p>\n<p><i> <\/i><i>L\u2019agr\u00e9ment est notamment fond\u00e9 sur l\u2019existence de dispositions statutaires garantissant le fonctionnement d\u00e9mocratique de l\u2019association, la transparence de sa gestion et l\u2019\u00e9gal acc\u00e8s des femmes et des hommes \u00e0 ses instances dirigeantes. <\/i><\/p>\n<p><span style=\"text-decoration: underline; color: #ff0000;\"><i> <strong>L\u2019affiliation d\u2019une association sportive \u00e0 une f\u00e9d\u00e9ration sportive agr\u00e9\u00e9e par l\u2019Etat en application de l\u2019article L131-8 du code du sport vaut agr\u00e9ment.<\/strong> <\/i><\/span><\/p>\n<p><i>L\u2019autorit\u00e9 administrative peut prononcer le retrait de l\u2019agr\u00e9ment accord\u00e9 \u00e0 une association sportive ou r\u00e9sultant de l\u2019affiliation pr\u00e9vue au troisi\u00e8me alin\u00e9a si elle emploie des personnes ne satisfaisant pas aux obligations des articles L212-1, L212-2 et L212-9 ou si elle m\u00e9connait les obligations des articles L322-1 et L322-2.<\/i><\/p>\n<p>Chaque club reste soumis aux obligations du code du sport (souscription d\u2019une assurance en responsabilit\u00e9 civile, affichage r\u00e9glementaire, respect des normes d\u2019hygi\u00e8ne et de s\u00e9curit\u00e9&#8230;) et les statuts doivent r\u00e9pondre aux attentes de l\u2019article R121-3 \u00e0 savoir\u00a0:<\/p>\n<p><i>Les associations mentionn\u00e9es \u00e0 l\u2019article R. 121-2 ne peuvent obtenir l\u2019agr\u00e9ment que si leurs statuts comportent les dispositions suivantes\u00a0:<\/i><\/p>\n<p>1\u00b0 Des dispositions relatives au fonctionnement d\u00e9mocratique de l\u2019association. Les statuts pr\u00e9voient\u00a0:<br \/>\na) La participation de chaque adh\u00e9rent \u00e0 l\u2019assembl\u00e9e g\u00e9n\u00e9rale\u00a0;<br \/>\nb) La d\u00e9signation du conseil d\u2019administration par l\u2019assembl\u00e9e g\u00e9n\u00e9rale au scrutin secret et pour une dur\u00e9e limit\u00e9e\u00a0;<br \/>\nc) Un nombre minimum, par an, de r\u00e9unions de l\u2019assembl\u00e9e g\u00e9n\u00e9rale et du conseil d\u2019administration\u00a0;<br \/>\nd) Les conditions de convocation de l\u2019assembl\u00e9e g\u00e9n\u00e9rale et du conseil d\u2019administration \u00e0 l\u2019initiative d\u2019un certain nombre de leurs membres\u00a0;<\/p>\n<p>2\u00b0 Des dispositions relatives \u00e0 la transparence de la gestion. Les statuts pr\u00e9voient \u00e9galement\u00a0:<br \/>\na) Qu\u2019il est tenu une comptabilit\u00e9 compl\u00e8te de toutes les recettes et de toutes les d\u00e9penses\u00a0;<br \/>\nb) Que le budget annuel est adopt\u00e9 par le conseil d\u2019administration avant le d\u00e9but de l\u2019exercice\u00a0;<br \/>\nc) Que les comptes sont soumis \u00e0 l\u2019assembl\u00e9e g\u00e9n\u00e9rale dans un d\u00e9lai inf\u00e9rieur \u00e0 six mois \u00e0 compter de la cl\u00f4ture de l\u2019exercice\u00a0;<br \/>\nd) Que tout contrat ou convention pass\u00e9 entre l\u2019association, d\u2019une part, et un administrateur, son conjoint ou un proche, d\u2019autre part, est soumis pour autorisation au conseil d\u2019administration et pr\u00e9sent\u00e9 pour information \u00e0 la plus prochaine assembl\u00e9e g\u00e9n\u00e9rale\u00a0;<\/p>\n<p>3\u00b0 Des dispositions relatives \u00e0 l\u2019\u00e9gal acc\u00e8s des femmes et des hommes \u00e0 ses instances dirigeantes. Les statuts pr\u00e9voient que la composition du conseil d\u2019administration doit refl\u00e9ter la composition de l\u2019assembl\u00e9e g\u00e9n\u00e9rale.<\/p>\n<p><i>Les statuts comprennent, en outre, des dispositions destin\u00e9es \u00e0 garantir les droits de la d\u00e9fense en cas de proc\u00e9dure disciplinaire et pr\u00e9voir l\u2019absence de toute discrimination dans l\u2019organisation et la vie de l\u2019association.<\/i><\/p>\n<\/div>\n<div class=\"piece_jointe\"><\/div>\n<\/div>\n<\/div>\n<div id=\"ban_debat\">\n<div class=\"ban_bordure\"><a href=\"http:\/\/eregie.premier-ministre.gouv.fr\/5c\/www.drjscs.gouv.fr\/accueil\/L26\/1128420887\/Top1\/SIG\/2015-decembre-saisinedeontologie\/2015-decembre-saisinedeontologie728.html\/545a6e4933315a2f724f7741414a5659\" target=\"_blank\"><img loading=\"lazy\" decoding=\"async\" src=\"http:\/\/imageceu1.247realmedia.com\/RealMedia\/ads\/Creatives\/SIG\/2015-decembre-saisinedeontologie\/728x90.gif\/1450288154\" alt=\"\" width=\"728\" height=\"90\" \/><\/a><\/div>\n<\/div>\n","protected":false},"excerpt":{"rendered":"<p>Ordonnance du 23 juillet 2015 modifiant l\u2019article L121-4 et L121-8 relatifs \u00e0 l\u2019agr\u00e9ment minist\u00e9riel \u00ab\u00a0sport\u00a0\u00bb. 15\/10\/2015 Ordonnance du 23 juillet 2015 modifiant l\u2019article L121-4 et L121-8 relatifs \u00e0 l\u2019agr\u00e9ment minist\u00e9riel \u00ab\u00a0sport\u00a0\u00bb. L\u2019agr\u00e9ment sport qui \u00e9tait une d\u00e9marche volontaire des clubs affili\u00e9s \u00e0 une f\u00e9d\u00e9ration est r\u00e9gi notamment par l\u2019article L121-4 du code du sport est d\u00e9sormais r\u00e9dig\u00e9 ainsi\u00a0: Article L121-4<\/p>\n","protected":false},"author":4,"featured_media":0,"parent":0,"menu_order":0,"comment_status":"closed","ping_status":"closed","template":"","meta":{"footnotes":""},"class_list":["post-10564","page","type-page","status-publish","hentry"],"_links":{"self":[{"href":"http:\/\/new.bowlingpaca.fr\/index.php?rest_route=\/wp\/v2\/pages\/10564","targetHints":{"allow":["GET"]}}],"collection":[{"href":"http:\/\/new.bowlingpaca.fr\/index.php?rest_route=\/wp\/v2\/pages"}],"about":[{"href":"http:\/\/new.bowlingpaca.fr\/index.php?rest_route=\/wp\/v2\/types\/page"}],"author":[{"embeddable":true,"href":"http:\/\/new.bowlingpaca.fr\/index.php?rest_route=\/wp\/v2\/users\/4"}],"replies":[{"embeddable":true,"href":"http:\/\/new.bowlingpaca.fr\/index.php?rest_route=%2Fwp%2Fv2%2Fcomments&post=10564"}],"version-history":[{"count":3,"href":"http:\/\/new.bowlingpaca.fr\/index.php?rest_route=\/wp\/v2\/pages\/10564\/revisions"}],"predecessor-version":[{"id":10570,"href":"http:\/\/new.bowlingpaca.fr\/index.php?rest_route=\/wp\/v2\/pages\/10564\/revisions\/10570"}],"wp:attachment":[{"href":"http:\/\/new.bowlingpaca.fr\/index.php?rest_route=%2Fwp%2Fv2%2Fmedia&parent=10564"}],"curies":[{"name":"wp","href":"https:\/\/api.w.org\/{rel}","templated":true}]}}